{"id":15265,"date":"2025-02-20T13:22:51","date_gmt":"2025-02-20T10:22:51","guid":{"rendered":"https:\/\/ceoparts.com\/?post_type=product&#038;p=15265"},"modified":"2026-05-16T20:15:24","modified_gmt":"2026-05-16T17:15:24","slug":"forklift-universal-gomme-kapi-kilidi-sag-0029302400","status":"publish","type":"product","link":"https:\/\/ceoparts.com\/de\/urun\/forklift-universal-gomme-kapi-kilidi-sag-0029302400\/","title":{"rendered":"Gabelstapler Universal Einbauschloss Rechts &#8211; 0029302400"},"content":{"rendered":"<p>Gabelstapler Universal Einbauschloss Rechts &#8211; 0029302400<\/p>","protected":false},"excerpt":{"rendered":"<p data-start=\"190\" data-end=\"623\"><br data-start=\"1451\" data-end=\"1454\" \/><strong data-start=\"1454\" data-end=\"1521\">Gabelstapler Universelles Einbau-T\u00fcrschloss Rechts \u2013 0029302400<\/strong> ist ein langlebiger Schlossmechanismus f\u00fcr Gabelstapler und Lagerfahrzeuge, der die <strong data-start=\"1606\" data-end=\"1709\">sichere Verriegelung der Kabine gew\u00e4hrleistet und das \u00d6ffnen der T\u00fcren w\u00e4hrend der Fahrt verhindert<\/strong>. F\u00fcr die Montage auf der rechten Seite geeignet. Dank seiner <strong data-start=\"1771\" data-end=\"1814\">langlebigen und sto\u00dffesten Konstruktion<\/strong> ideal f\u00fcr den Dauereinsatz. Bietet einfache Montage und ergonomische Bedienung.<\/p>\n<p data-start=\"1896\" data-end=\"2126\"><strong data-start=\"1896\" data-end=\"1914\">Eigenschaften:<\/strong><br data-start=\"1914\" data-end=\"1917\" \/>Produktname: Gabelstapler Universelles Einbau-T\u00fcrschloss Rechts<br data-start=\"1980\" data-end=\"1983\" \/>Teilenummer: 0029302400<br data-start=\"2006\" data-end=\"2009\" \/>Material: Metallgeh\u00e4use<br data-start=\"2032\" data-end=\"2035\" \/>Einsatzbereich: Gabelstapler-Kabinent\u00fcren<br data-start=\"2076\" data-end=\"2079\" \/>Vorteil: Hohe Haltbarkeit und sichere Nutzung<\/p>\n<p data-start=\"2128\" data-end=\"2572\">\n","protected":false},"featured_media":15266,"template":"","meta":[],"product_brand":[],"product_cat":[470],"product_tag":[],"class_list":{"0":"post-15265","1":"product","2":"type-product","3":"status-publish","4":"has-post-thumbnail","6":"product_cat-diger-yedek-parcalar","8":"first","9":"instock","10":"taxable","11":"shipping-taxable","12":"purchasable","13":"product-type-simple"},"_links":{"self":[{"href":"https:\/\/ceoparts.com\/de\/wp-json\/wp\/v2\/product\/15265","targetHints":{"allow":["GET"]}}],"collection":[{"href":"https:\/\/ceoparts.com\/de\/wp-json\/wp\/v2\/product"}],"about":[{"href":"https:\/\/ceoparts.com\/de\/wp-json\/wp\/v2\/types\/product"}],"wp:featuredmedia":[{"embeddable":true,"href":"https:\/\/ceoparts.com\/de\/wp-json\/wp\/v2\/media\/15266"}],"wp:attachment":[{"href":"https:\/\/ceoparts.com\/de\/wp-json\/wp\/v2\/media?parent=15265"}],"wp:term":[{"taxonomy":"product_brand","embeddable":true,"href":"https:\/\/ceoparts.com\/de\/wp-json\/wp\/v2\/product_brand?post=15265"},{"taxonomy":"product_cat","embeddable":true,"href":"https:\/\/ceoparts.com\/de\/wp-json\/wp\/v2\/product_cat?post=15265"},{"taxonomy":"product_tag","embeddable":true,"href":"https:\/\/ceoparts.com\/de\/wp-json\/wp\/v2\/product_tag?post=15265"}],"curies":[{"name":"wp","href":"https:\/\/api.w.org\/{rel}","templated":true}]}}