{"id":15278,"date":"2025-02-20T14:08:11","date_gmt":"2025-02-20T11:08:11","guid":{"rendered":"https:\/\/ceoparts.com\/?post_type=product&#038;p=15278"},"modified":"2026-05-16T22:38:41","modified_gmt":"2026-05-16T19:38:41","slug":"jungheinrich-amortisor-250n-51727503","status":"publish","type":"product","link":"https:\/\/ceoparts.com\/de\/urun\/jungheinrich-amortisor-250n-51727503\/","title":{"rendered":"Jungheinrich Sto\u00dfd\u00e4mpfer 250N &#8211; 51727503 (Kopya)"},"content":{"rendered":"<p>Jungheinrich Sto\u00dfd\u00e4mpfer 250N &#8211; 51727503 (Kopya)<\/p>\n<p><\/p>\n<table class=\"table table-bordered\">\n<tbody>\n<tr>\n<td class=\"p-2\">Anwendung<\/td>\n<td class=\"p-2\">Gasdruckfeder<\/td>\n<\/tr>\n<tr>\n<td class=\"p-2\">Typ Gasfeder\/Gasd\u00e4mpfer<\/td>\n<td class=\"p-2\">push type<\/td>\n<\/tr>\n<tr>\n<td class=\"p-2\">Durchmesser der Saugstange D1 (mm)<\/td>\n<td class=\"p-2\">10<\/td>\n<\/tr>\n<tr>\n<td class=\"p-2\">Kraft in Newton (N)<\/td>\n<td class=\"p-2\">250.0<\/td>\n<\/tr>\n<tr>\n<td class=\"p-2\">Mittenabstand C1 (mm)<\/td>\n<td class=\"p-2\">270<\/td>\n<\/tr>\n<tr>\n<td class=\"p-2\">Saugstangenl\u00e4nge L1 (mm)<\/td>\n<td class=\"p-2\">65<\/td>\n<\/tr>\n<tr>\n<td class=\"p-2\">Befestigungstyp, Seite Saugstange<\/td>\n<td class=\"p-2\">type L<\/td>\n<\/tr>\n<tr>\n<td class=\"p-2\">Gewinde Befestigungsst\u00fcck TA1a<\/td>\n<td class=\"p-2\">M10<\/td>\n<\/tr>\n<tr>\n<td class=\"p-2\">Gelenkkugel vorhanden<\/td>\n<td class=\"p-2\">NEIN<\/td>\n<\/tr>\n<tr>\n<td class=\"p-2\">Buchse (a) vorhanden<\/td>\n<td class=\"p-2\">NEIN<\/td>\n<\/tr>\n<tr>\n<td class=\"p-2\">Befestigungstyp, Zylinderseite<\/td>\n<td class=\"p-2\">type D<\/td>\n<\/tr>\n<tr>\n<td class=\"p-2\">Breite Befestigungsst\u00fcck W1b (mm)<\/td>\n<td class=\"p-2\">19<\/td>\n<\/tr>\n<tr>\n<td class=\"p-2\">Durchmeser Befestigungsauge D3b (mm)<\/td>\n<td class=\"p-2\">8<\/td>\n<\/tr>\n<tr>\n<td class=\"p-2\">Anschlussabstand L4 b (mm)<\/td>\n<td class=\"p-2\">17<\/td>\n<\/tr>\n<tr>\n<td class=\"p-2\">Dicke Befestigungsauge Tb (mm)<\/td>\n<td class=\"p-2\">12<\/td>\n<\/tr>\n<tr>\n<td class=\"p-2\">Gelenkkugel vorhanden<\/td>\n<td class=\"p-2\">NEIN<\/td>\n<\/tr>\n<tr>\n<td class=\"p-2\">Buchse (b) vorhanden<\/td>\n<td class=\"p-2\">NEIN<\/td>\n<\/tr>\n<\/tbody>\n<\/table>\n<p><\/p>","protected":false},"excerpt":{"rendered":"<p data-start=\"99\" data-end=\"481\"><br data-start=\"1321\" data-end=\"1324\" \/>Der <strong data-start=\"1328\" data-end=\"1357\">Jungheinrich D\u00e4mpfer 250N<\/strong> wird in Gabelstaplern und Arbeitsmaschinen verwendet, um ein <strong data-start=\"1419\" data-end=\"1525\">kontrolliertes und gleichm\u00e4\u00dfiges \u00d6ffnen und Schlie\u00dfen von Abdeckungen, Paneelen und beweglichen Teilen<\/strong> zu gew\u00e4hrleisten. Mit einer Kraft von 250N sch\u00fctzt er Maschinenteile vor Besch\u00e4digungen und erh\u00f6ht die <strong data-start=\"1629\" data-end=\"1651\">Betriebssicherheit<\/strong>. Seine robuste Bauweise und lange Lebensdauer bieten zuverl\u00e4ssige Leistung.<\/p>\n<p data-start=\"1729\" data-end=\"1972\"><strong data-start=\"1729\" data-end=\"1747\">Eigenschaften:<\/strong><br data-start=\"1747\" data-end=\"1750\" \/><strong data-start=\"1750\" data-end=\"1766\">Produktname:<\/strong> Jungheinrich D\u00e4mpfer 250N<br data-start=\"1792\" data-end=\"1795\" \/><strong data-start=\"1795\" data-end=\"1811\">Teilenummer:<\/strong> 51727503<br data-start=\"1820\" data-end=\"1823\" \/><strong data-start=\"1823\" data-end=\"1833\">Kraft:<\/strong> 250N<br data-start=\"1838\" data-end=\"1841\" \/><strong data-start=\"1841\" data-end=\"1860\">Einsatzbereich:<\/strong> Abdeckungen, Paneelst\u00fctzen und bewegliche Teile von Gabelstaplern<br data-start=\"1926\" data-end=\"1929\" \/><strong data-start=\"1929\" data-end=\"1941\">Vorteil:<\/strong> Langlebig, sicher und robust<\/p>\n<p data-start=\"1974\" data-end=\"2311\">\n","protected":false},"featured_media":15280,"template":"","meta":[],"product_brand":[],"product_cat":[236,246,497,522,523],"product_tag":[],"class_list":{"0":"post-15278","1":"product","2":"type-product","3":"status-publish","4":"has-post-thumbnail","6":"product_cat-jungheinrich","7":"product_cat-linde","8":"product_cat-amortisor-grubu","9":"product_cat-yedek-parca-jungheinrich","10":"product_cat-yedek-parca-linde","12":"first","13":"instock","14":"taxable","15":"shipping-taxable","16":"purchasable","17":"product-type-simple"},"_links":{"self":[{"href":"https:\/\/ceoparts.com\/de\/wp-json\/wp\/v2\/product\/15278","targetHints":{"allow":["GET"]}}],"collection":[{"href":"https:\/\/ceoparts.com\/de\/wp-json\/wp\/v2\/product"}],"about":[{"href":"https:\/\/ceoparts.com\/de\/wp-json\/wp\/v2\/types\/product"}],"wp:featuredmedia":[{"embeddable":true,"href":"https:\/\/ceoparts.com\/de\/wp-json\/wp\/v2\/media\/15280"}],"wp:attachment":[{"href":"https:\/\/ceoparts.com\/de\/wp-json\/wp\/v2\/media?parent=15278"}],"wp:term":[{"taxonomy":"product_brand","embeddable":true,"href":"https:\/\/ceoparts.com\/de\/wp-json\/wp\/v2\/product_brand?post=15278"},{"taxonomy":"product_cat","embeddable":true,"href":"https:\/\/ceoparts.com\/de\/wp-json\/wp\/v2\/product_cat?post=15278"},{"taxonomy":"product_tag","embeddable":true,"href":"https:\/\/ceoparts.com\/de\/wp-json\/wp\/v2\/product_tag?post=15278"}],"curies":[{"name":"wp","href":"https:\/\/api.w.org\/{rel}","templated":true}]}}