{"id":15313,"date":"2025-02-20T15:28:51","date_gmt":"2025-02-20T12:28:51","guid":{"rendered":"https:\/\/ceoparts.com\/?post_type=product&#038;p=15313"},"modified":"2026-05-16T17:47:18","modified_gmt":"2026-05-16T14:47:18","slug":"linde-fan-48v-7918911710","status":"publish","type":"product","link":"https:\/\/ceoparts.com\/de\/urun\/linde-fan-48v-7918911710\/","title":{"rendered":"Linde L\u00fcfter 48V &#8211; 7918911710"},"content":{"rendered":"<p>Linde L\u00fcfter 48V &#8211; 7918911710<\/p>\n<p><\/p>","protected":false},"excerpt":{"rendered":"<p data-start=\"28\" data-end=\"473\"><br data-start=\"1423\" data-end=\"1426\" \/>Der <strong data-start=\"1430\" data-end=\"1450\">Linde L\u00fcfter 48V<\/strong> ist ein leistungsstarker und langlebiger K\u00fchlventilator, der in Gabelstaplern und Industriemaschinen verwendet wird. Mit einer Betriebsspannung von 48 Volt verhindert er eine \u00dcberhitzung von Motoren und elektronischen Komponenten und sorgt f\u00fcr einen langlebigen und effizienten Maschinenbetrieb. Der leise Betrieb erh\u00f6ht den Bedienkomfort, w\u00e4hrend die robuste Konstruktion Widerstandsf\u00e4higkeit gegen raue Arbeitsbedingungen bietet. Die einfache Montage beschleunigt Wartungsprozesse.<\/p>\n<p data-start=\"1936\" data-end=\"2194\"><strong data-start=\"1936\" data-end=\"1954\">Eigenschaften:<\/strong><br data-start=\"1954\" data-end=\"1957\" \/><strong data-start=\"1957\" data-end=\"1978\">Betriebsspannung:<\/strong> 48V<br data-start=\"1982\" data-end=\"1985\" \/><strong data-start=\"1985\" data-end=\"1999\">Anwendung:<\/strong> K\u00fchlsystem f\u00fcr Gabelstapler und Industriemaschinen<br data-start=\"2050\" data-end=\"2053\" \/><strong data-start=\"2053\" data-end=\"2069\">Haltbarkeit:<\/strong> Hohe Haltbarkeit, geeignet f\u00fcr raue Umgebungen<br data-start=\"2116\" data-end=\"2119\" \/><strong data-start=\"2119\" data-end=\"2132\">Leistung:<\/strong> Leise und effektive K\u00fchlung<br data-start=\"2160\" data-end=\"2163\" \/><strong data-start=\"2163\" data-end=\"2175\">Montage:<\/strong> Einfache Montage<\/p>\n<p data-start=\"2196\" data-end=\"2687\">\n<p>386 E12\/14\/15\/16\/18\/20<\/p>\n","protected":false},"featured_media":15315,"template":"","meta":[],"product_brand":[],"product_cat":[246,470,523],"product_tag":[],"class_list":{"0":"post-15313","1":"product","2":"type-product","3":"status-publish","4":"has-post-thumbnail","6":"product_cat-linde","7":"product_cat-diger-yedek-parcalar","8":"product_cat-yedek-parca-linde","10":"first","11":"instock","12":"taxable","13":"shipping-taxable","14":"purchasable","15":"product-type-simple"},"_links":{"self":[{"href":"https:\/\/ceoparts.com\/de\/wp-json\/wp\/v2\/product\/15313","targetHints":{"allow":["GET"]}}],"collection":[{"href":"https:\/\/ceoparts.com\/de\/wp-json\/wp\/v2\/product"}],"about":[{"href":"https:\/\/ceoparts.com\/de\/wp-json\/wp\/v2\/types\/product"}],"wp:featuredmedia":[{"embeddable":true,"href":"https:\/\/ceoparts.com\/de\/wp-json\/wp\/v2\/media\/15315"}],"wp:attachment":[{"href":"https:\/\/ceoparts.com\/de\/wp-json\/wp\/v2\/media?parent=15313"}],"wp:term":[{"taxonomy":"product_brand","embeddable":true,"href":"https:\/\/ceoparts.com\/de\/wp-json\/wp\/v2\/product_brand?post=15313"},{"taxonomy":"product_cat","embeddable":true,"href":"https:\/\/ceoparts.com\/de\/wp-json\/wp\/v2\/product_cat?post=15313"},{"taxonomy":"product_tag","embeddable":true,"href":"https:\/\/ceoparts.com\/de\/wp-json\/wp\/v2\/product_tag?post=15313"}],"curies":[{"name":"wp","href":"https:\/\/api.w.org\/{rel}","templated":true}]}}