{"id":15317,"date":"2025-02-20T15:39:40","date_gmt":"2025-02-20T12:39:40","guid":{"rendered":"https:\/\/ceoparts.com\/?post_type=product&#038;p=15317"},"modified":"2026-05-16T18:58:01","modified_gmt":"2026-05-16T15:58:01","slug":"jungheinrich-joystick-parcasi-51385524-51354632","status":"publish","type":"product","link":"https:\/\/ceoparts.com\/de\/urun\/jungheinrich-joystick-parcasi-51385524-51354632\/","title":{"rendered":"Jungheinrich Joystick Teil &#8211; 51385524, 51354632"},"content":{"rendered":"<p>Jungheinrich Joystick Teil &#8211; 51385524, 51354632<\/p>","protected":false},"excerpt":{"rendered":"<p data-start=\"52\" data-end=\"500\"><br data-start=\"1490\" data-end=\"1493\" \/>Das <strong data-start=\"1497\" data-end=\"1533\">Jungheinrich Joystick Ersatzteil<\/strong> ist eine wichtige Komponente f\u00fcr pr\u00e4zise Steuerung von Gabelstaplern und Industriemaschinen. Sein ergonomisches Design erh\u00f6ht den Bedienkomfort, w\u00e4hrend langlebige Materialien eine lange Nutzungsdauer garantieren. Diese Joystick-Teile sind f\u00fcr die genaue und sichere Steuerung der Bewegungen und Funktionen des Gabelstaplers entwickelt. Einfache Montage und vollst\u00e4ndige Kompatibilit\u00e4t unterst\u00fctzen die optimale Leistung der Jungheinrich-Ger\u00e4te.<\/p>\n<p data-start=\"1981\" data-end=\"2267\"><strong data-start=\"1981\" data-end=\"1999\">Eigenschaften:<\/strong><br data-start=\"1999\" data-end=\"2002\" \/><strong data-start=\"2002\" data-end=\"2021\">Kompatibilit\u00e4t:<\/strong> Jungheinrich Gabelstapler und Industriemaschinen<br data-start=\"2070\" data-end=\"2073\" \/><strong data-start=\"2073\" data-end=\"2086\">Material:<\/strong> Langlebiges, hochwertiges Plastik und Metall<br data-start=\"2131\" data-end=\"2134\" \/><strong data-start=\"2134\" data-end=\"2147\">Funktion:<\/strong> Pr\u00e4zise Bewegungs- und Funktionssteuerung<br data-start=\"2189\" data-end=\"2192\" \/><strong data-start=\"2192\" data-end=\"2206\">Ergonomie:<\/strong> Bedienkomfort<br data-start=\"2220\" data-end=\"2223\" \/><strong data-start=\"2223\" data-end=\"2235\">Montage:<\/strong> Einfache und schnelle Montage<\/p>\n<p data-start=\"2269\" data-end=\"2706\">\n","protected":false},"featured_media":15319,"template":"","meta":[],"product_brand":[],"product_cat":[236,470,522],"product_tag":[],"class_list":{"0":"post-15317","1":"product","2":"type-product","3":"status-publish","4":"has-post-thumbnail","6":"product_cat-jungheinrich","7":"product_cat-diger-yedek-parcalar","8":"product_cat-yedek-parca-jungheinrich","10":"first","11":"instock","12":"taxable","13":"shipping-taxable","14":"purchasable","15":"product-type-simple"},"_links":{"self":[{"href":"https:\/\/ceoparts.com\/de\/wp-json\/wp\/v2\/product\/15317","targetHints":{"allow":["GET"]}}],"collection":[{"href":"https:\/\/ceoparts.com\/de\/wp-json\/wp\/v2\/product"}],"about":[{"href":"https:\/\/ceoparts.com\/de\/wp-json\/wp\/v2\/types\/product"}],"wp:featuredmedia":[{"embeddable":true,"href":"https:\/\/ceoparts.com\/de\/wp-json\/wp\/v2\/media\/15319"}],"wp:attachment":[{"href":"https:\/\/ceoparts.com\/de\/wp-json\/wp\/v2\/media?parent=15317"}],"wp:term":[{"taxonomy":"product_brand","embeddable":true,"href":"https:\/\/ceoparts.com\/de\/wp-json\/wp\/v2\/product_brand?post=15317"},{"taxonomy":"product_cat","embeddable":true,"href":"https:\/\/ceoparts.com\/de\/wp-json\/wp\/v2\/product_cat?post=15317"},{"taxonomy":"product_tag","embeddable":true,"href":"https:\/\/ceoparts.com\/de\/wp-json\/wp\/v2\/product_tag?post=15317"}],"curies":[{"name":"wp","href":"https:\/\/api.w.org\/{rel}","templated":true}]}}