{"id":15346,"date":"2025-02-20T17:14:14","date_gmt":"2025-02-20T14:14:14","guid":{"rendered":"https:\/\/ceoparts.com\/?post_type=product&#038;p=15346"},"modified":"2026-05-16T14:16:41","modified_gmt":"2026-05-16T11:16:41","slug":"hyster-yale-hiz-sensoru-5800450591541231","status":"publish","type":"product","link":"https:\/\/ceoparts.com\/de\/urun\/hyster-yale-hiz-sensoru-5800450591541231\/","title":{"rendered":"Hyster \/ Yale Geschwindigkeitssensor &#8211; 580045059, 1541231"},"content":{"rendered":"<p>Hyster \/ Yale Geschwindigkeitssensor &#8211; 580045059, 1541231<\/p>","protected":false},"excerpt":{"rendered":"<p data-start=\"200\" data-end=\"627\"><br data-start=\"1633\" data-end=\"1636\" \/><strong data-start=\"1636\" data-end=\"1676\">Hyster \/ Yale Geschwindigkeitssensor<\/strong> ist eine wichtige elektronische Komponente, die eine <strong data-start=\"1730\" data-end=\"1794\">pr\u00e4zise und zuverl\u00e4ssige Messung der Fahrzeuggeschwindigkeit<\/strong> erm\u00f6glicht und diese an das Steuerungssystem des Gabelstaplers \u00fcbertr\u00e4gt. Er unterst\u00fctzt <strong data-start=\"1884\" data-end=\"1903\">sicheres Fahren<\/strong>, <strong data-start=\"1905\" data-end=\"1925\">Leistungsanalyse<\/strong> und <strong data-start=\"1930\" data-end=\"1974\">automatisches Geschwindigkeitsmanagement<\/strong>. Dank <strong data-start=\"1981\" data-end=\"2019\">robuster, hochwertiger Materialien<\/strong> gew\u00e4hrleistet er langlebige Leistung, selbst unter rauen Bedingungen. Voll kompatibel mit Hyster- und Yale-Gabelstaplermodellen.<\/p>\n<p data-start=\"2150\" data-end=\"2450\"><strong data-start=\"2150\" data-end=\"2168\">Eigenschaften:<\/strong><br data-start=\"2168\" data-end=\"2171\" \/><strong data-start=\"2171\" data-end=\"2185\">Anwendung:<\/strong> Geschwindigkeitserfassungssysteme f\u00fcr Gabelstapler<br data-start=\"2236\" data-end=\"2239\" \/><strong data-start=\"2239\" data-end=\"2252\">Material:<\/strong> Hochwertige elektronische Bauteile<br data-start=\"2287\" data-end=\"2290\" \/><strong data-start=\"2290\" data-end=\"2309\">Kompatibilit\u00e4t:<\/strong> Hyster- &amp; Yale-Gabelstapler<br data-start=\"2337\" data-end=\"2340\" \/><strong data-start=\"2340\" data-end=\"2353\">Funktion:<\/strong> Geschwindigkeitsmessung und Daten\u00fcbertragung<br data-start=\"2398\" data-end=\"2401\" \/><strong data-start=\"2401\" data-end=\"2417\">Haltbarkeit:<\/strong> Langlebig und stabile Leistung<\/p>\n<p data-start=\"2452\" data-end=\"2963\">\n","protected":false},"featured_media":15348,"template":"","meta":[],"product_brand":[],"product_cat":[256,469,520],"product_tag":[],"class_list":{"0":"post-15346","1":"product","2":"type-product","3":"status-publish","4":"has-post-thumbnail","6":"product_cat-hyster","7":"product_cat-elektrik-ve-sistem-parcalari","8":"product_cat-yedek-parca-hyster","10":"first","11":"instock","12":"taxable","13":"shipping-taxable","14":"purchasable","15":"product-type-simple"},"_links":{"self":[{"href":"https:\/\/ceoparts.com\/de\/wp-json\/wp\/v2\/product\/15346","targetHints":{"allow":["GET"]}}],"collection":[{"href":"https:\/\/ceoparts.com\/de\/wp-json\/wp\/v2\/product"}],"about":[{"href":"https:\/\/ceoparts.com\/de\/wp-json\/wp\/v2\/types\/product"}],"wp:featuredmedia":[{"embeddable":true,"href":"https:\/\/ceoparts.com\/de\/wp-json\/wp\/v2\/media\/15348"}],"wp:attachment":[{"href":"https:\/\/ceoparts.com\/de\/wp-json\/wp\/v2\/media?parent=15346"}],"wp:term":[{"taxonomy":"product_brand","embeddable":true,"href":"https:\/\/ceoparts.com\/de\/wp-json\/wp\/v2\/product_brand?post=15346"},{"taxonomy":"product_cat","embeddable":true,"href":"https:\/\/ceoparts.com\/de\/wp-json\/wp\/v2\/product_cat?post=15346"},{"taxonomy":"product_tag","embeddable":true,"href":"https:\/\/ceoparts.com\/de\/wp-json\/wp\/v2\/product_tag?post=15346"}],"curies":[{"name":"wp","href":"https:\/\/api.w.org\/{rel}","templated":true}]}}