{"id":15378,"date":"2025-02-21T10:13:49","date_gmt":"2025-02-21T07:13:49","guid":{"rendered":"https:\/\/ceoparts.com\/?post_type=product&#038;p=15378"},"modified":"2026-05-16T21:10:33","modified_gmt":"2026-05-16T18:10:33","slug":"linde-karin-butonu-ic-plastigi-3005430307","status":"publish","type":"product","link":"https:\/\/ceoparts.com\/de\/urun\/linde-karin-butonu-ic-plastigi-3005430307\/","title":{"rendered":"Linde Bauchknopf Innenplastik &#8211; 3005430307"},"content":{"rendered":"<p>Linde Bauchknopf Innenplastik &#8211; 3005430307<\/p>","protected":false},"excerpt":{"rendered":"<p data-start=\"253\" data-end=\"500\">\n<strong data-start=\"1094\" data-end=\"1127\">Linde Bauchknopf Innenplastik<\/strong> wird im Innenmechanismus des Bauchknopfbereichs bei Gabelstaplern verwendet. Hergestellt aus widerstandsf\u00e4higem Kunststoff, bietet es eine lange Lebensdauer und hohe Best\u00e4ndigkeit. Dank der einfachen Montage verk\u00fcrzt es die Wartungszeiten.<\/p>\n<p data-start=\"1369\" data-end=\"1553\"><strong data-start=\"1369\" data-end=\"1387\">Eigenschaften:<\/strong><br data-start=\"1387\" data-end=\"1390\" \/><strong data-start=\"1390\" data-end=\"1403\">Material:<\/strong> Robuster Kunststoff<br data-start=\"1423\" data-end=\"1426\" \/><strong data-start=\"1426\" data-end=\"1445\">Einsatzbereich:<\/strong> Innenmechanismus des Bauchknopfs am Gabelstapler<br data-start=\"1494\" data-end=\"1497\" \/><strong data-start=\"1497\" data-end=\"1513\">Haltbarkeit:<\/strong> Hohe Festigkeit und lange Lebensdauer<\/p>\n<p data-start=\"1555\" data-end=\"1815\">\n","protected":false},"featured_media":15379,"template":"","meta":[],"product_brand":[],"product_cat":[246,470,523],"product_tag":[],"class_list":{"0":"post-15378","1":"product","2":"type-product","3":"status-publish","4":"has-post-thumbnail","6":"product_cat-linde","7":"product_cat-diger-yedek-parcalar","8":"product_cat-yedek-parca-linde","10":"first","11":"instock","12":"taxable","13":"shipping-taxable","14":"purchasable","15":"product-type-simple"},"_links":{"self":[{"href":"https:\/\/ceoparts.com\/de\/wp-json\/wp\/v2\/product\/15378","targetHints":{"allow":["GET"]}}],"collection":[{"href":"https:\/\/ceoparts.com\/de\/wp-json\/wp\/v2\/product"}],"about":[{"href":"https:\/\/ceoparts.com\/de\/wp-json\/wp\/v2\/types\/product"}],"wp:featuredmedia":[{"embeddable":true,"href":"https:\/\/ceoparts.com\/de\/wp-json\/wp\/v2\/media\/15379"}],"wp:attachment":[{"href":"https:\/\/ceoparts.com\/de\/wp-json\/wp\/v2\/media?parent=15378"}],"wp:term":[{"taxonomy":"product_brand","embeddable":true,"href":"https:\/\/ceoparts.com\/de\/wp-json\/wp\/v2\/product_brand?post=15378"},{"taxonomy":"product_cat","embeddable":true,"href":"https:\/\/ceoparts.com\/de\/wp-json\/wp\/v2\/product_cat?post=15378"},{"taxonomy":"product_tag","embeddable":true,"href":"https:\/\/ceoparts.com\/de\/wp-json\/wp\/v2\/product_tag?post=15378"}],"curies":[{"name":"wp","href":"https:\/\/api.w.org\/{rel}","templated":true}]}}