{"id":15395,"date":"2025-02-21T10:39:08","date_gmt":"2025-02-21T07:39:08","guid":{"rendered":"https:\/\/ceoparts.com\/?post_type=product&#038;p=15395"},"modified":"2026-05-16T18:10:55","modified_gmt":"2026-05-16T15:10:55","slug":"linde-l-serisi-indirme-kaldir-ic-gobek-3005430308","status":"publish","type":"product","link":"https:\/\/ceoparts.com\/de\/urun\/linde-l-serisi-indirme-kaldir-ic-gobek-3005430308\/","title":{"rendered":"Linde L-Serie Hebe Senk Innennabe &#8211; 3005430308"},"content":{"rendered":"<p>Linde L-Serie Hebe Senk Innennabe &#8211; 3005430308<\/p>","protected":false},"excerpt":{"rendered":"<p data-start=\"0\" data-end=\"427\"><br data-start=\"1433\" data-end=\"1436\" \/>Linde L Serie Senk- und Hub-Innennabe \u2013 3005430308 ist eine hochwertige Hydraulikkomponente, die eine entscheidende Rolle bei den Hebe- und Senkvorg\u00e4ngen von Gabelstaplern spielt. Diese Innennabe bietet <strong data-start=\"1639\" data-end=\"1659\">hohe Haltbarkeit<\/strong> und <strong data-start=\"1664\" data-end=\"1685\">lange Lebensdauer<\/strong>, wodurch die Betriebseffizienz des Gabelstaplers verbessert wird. Sie ist mit pr\u00e4ziser Verarbeitung und perfekter Passform konstruiert, sorgt f\u00fcr reibungslose Bewegung im Hydrauliksystem des Gabelstaplers und tr\u00e4gt zu sicherem Lastentransport bei.<\/p>\n<p data-start=\"1935\" data-end=\"2225\"><strong data-start=\"1935\" data-end=\"1953\">Eigenschaften:<\/strong><br data-start=\"1953\" data-end=\"1956\" \/><strong data-start=\"1956\" data-end=\"1967\">Modell:<\/strong> L Serie<br data-start=\"1975\" data-end=\"1978\" \/><strong data-start=\"1978\" data-end=\"1991\">Funktion:<\/strong> Innennabe f\u00fcr Hebe- und Senkvorg\u00e4nge<br data-start=\"2028\" data-end=\"2031\" \/><strong data-start=\"2031\" data-end=\"2044\">Material:<\/strong> Robuste Metalllegierung<br data-start=\"2068\" data-end=\"2071\" \/><strong data-start=\"2071\" data-end=\"2087\">Haltbarkeit:<\/strong> Hohe Verschlei\u00dffestigkeit und lange Lebensdauer<br data-start=\"2135\" data-end=\"2138\" \/><strong data-start=\"2138\" data-end=\"2157\">Kompatibilit\u00e4t:<\/strong> Voll kompatibel mit den Hydrauliksystemen von Linde Gabelstaplern<\/p>\n<p data-start=\"2227\" data-end=\"2710\">\n","protected":false},"featured_media":15398,"template":"","meta":[],"product_brand":[],"product_cat":[246,454,523],"product_tag":[],"class_list":{"0":"post-15395","1":"product","2":"type-product","3":"status-publish","4":"has-post-thumbnail","6":"product_cat-linde","7":"product_cat-switch-ve-buton","8":"product_cat-yedek-parca-linde","10":"first","11":"instock","12":"taxable","13":"shipping-taxable","14":"purchasable","15":"product-type-simple"},"_links":{"self":[{"href":"https:\/\/ceoparts.com\/de\/wp-json\/wp\/v2\/product\/15395","targetHints":{"allow":["GET"]}}],"collection":[{"href":"https:\/\/ceoparts.com\/de\/wp-json\/wp\/v2\/product"}],"about":[{"href":"https:\/\/ceoparts.com\/de\/wp-json\/wp\/v2\/types\/product"}],"wp:featuredmedia":[{"embeddable":true,"href":"https:\/\/ceoparts.com\/de\/wp-json\/wp\/v2\/media\/15398"}],"wp:attachment":[{"href":"https:\/\/ceoparts.com\/de\/wp-json\/wp\/v2\/media?parent=15395"}],"wp:term":[{"taxonomy":"product_brand","embeddable":true,"href":"https:\/\/ceoparts.com\/de\/wp-json\/wp\/v2\/product_brand?post=15395"},{"taxonomy":"product_cat","embeddable":true,"href":"https:\/\/ceoparts.com\/de\/wp-json\/wp\/v2\/product_cat?post=15395"},{"taxonomy":"product_tag","embeddable":true,"href":"https:\/\/ceoparts.com\/de\/wp-json\/wp\/v2\/product_tag?post=15395"}],"curies":[{"name":"wp","href":"https:\/\/api.w.org\/{rel}","templated":true}]}}