{"id":15399,"date":"2025-02-21T10:54:41","date_gmt":"2025-02-21T07:54:41","guid":{"rendered":"https:\/\/ceoparts.com\/?post_type=product&#038;p=15399"},"modified":"2026-05-16T16:07:28","modified_gmt":"2026-05-16T13:07:28","slug":"linde-tutamak-sol-0039310819","status":"publish","type":"product","link":"https:\/\/ceoparts.com\/de\/urun\/linde-tutamak-sol-0039310819\/","title":{"rendered":"Linde Griff links &#8211; 0039310819"},"content":{"rendered":"<p>Linde Griff links &#8211; 0039310819<\/p>","protected":false},"excerpt":{"rendered":"<p data-start=\"0\" data-end=\"404\"><br data-start=\"1292\" data-end=\"1295\" \/>Der Linde Griff links \u2013 0039310819 ist ein robustes und langlebiges Teil, das den Komfort des Gabelstaplerfahrers erh\u00f6ht und eine kontrollierte Handhabung erm\u00f6glicht. Hergestellt aus hochwertigen Materialien, bietet er eine lange Lebensdauer und Verschlei\u00dffestigkeit. Dieser Griff befindet sich auf der linken Seite des Gabelstaplers und verf\u00fcgt \u00fcber ein ergonomisches Design, das dem Bediener einen einfachen und sicheren Griff erm\u00f6glicht.<\/p>\n<p data-start=\"1737\" data-end=\"1969\"><strong data-start=\"1737\" data-end=\"1755\">Eigenschaften:<\/strong><br data-start=\"1755\" data-end=\"1758\" \/><strong data-start=\"1758\" data-end=\"1771\">Position:<\/strong> Linke Seite<br data-start=\"1783\" data-end=\"1786\" \/><strong data-start=\"1786\" data-end=\"1799\">Material:<\/strong> Robuster und hochwertiger Kunststoff<br data-start=\"1836\" data-end=\"1839\" \/><strong data-start=\"1839\" data-end=\"1853\">Anwendung:<\/strong> Bedienergriff<br data-start=\"1867\" data-end=\"1870\" \/><strong data-start=\"1870\" data-end=\"1884\">Ergonomie:<\/strong> Bietet bequemen und sicheren Griff<br data-start=\"1919\" data-end=\"1922\" \/><strong data-start=\"1922\" data-end=\"1938\">Haltbarkeit:<\/strong> Langlebig und verschlei\u00dffest<\/p>\n<p data-start=\"1971\" data-end=\"2403\">\n","protected":false},"featured_media":15401,"template":"","meta":[],"product_brand":[],"product_cat":[246,470,523],"product_tag":[],"class_list":{"0":"post-15399","1":"product","2":"type-product","3":"status-publish","4":"has-post-thumbnail","6":"product_cat-linde","7":"product_cat-diger-yedek-parcalar","8":"product_cat-yedek-parca-linde","10":"first","11":"instock","12":"taxable","13":"shipping-taxable","14":"purchasable","15":"product-type-simple"},"_links":{"self":[{"href":"https:\/\/ceoparts.com\/de\/wp-json\/wp\/v2\/product\/15399","targetHints":{"allow":["GET"]}}],"collection":[{"href":"https:\/\/ceoparts.com\/de\/wp-json\/wp\/v2\/product"}],"about":[{"href":"https:\/\/ceoparts.com\/de\/wp-json\/wp\/v2\/types\/product"}],"wp:featuredmedia":[{"embeddable":true,"href":"https:\/\/ceoparts.com\/de\/wp-json\/wp\/v2\/media\/15401"}],"wp:attachment":[{"href":"https:\/\/ceoparts.com\/de\/wp-json\/wp\/v2\/media?parent=15399"}],"wp:term":[{"taxonomy":"product_brand","embeddable":true,"href":"https:\/\/ceoparts.com\/de\/wp-json\/wp\/v2\/product_brand?post=15399"},{"taxonomy":"product_cat","embeddable":true,"href":"https:\/\/ceoparts.com\/de\/wp-json\/wp\/v2\/product_cat?post=15399"},{"taxonomy":"product_tag","embeddable":true,"href":"https:\/\/ceoparts.com\/de\/wp-json\/wp\/v2\/product_tag?post=15399"}],"curies":[{"name":"wp","href":"https:\/\/api.w.org\/{rel}","templated":true}]}}