{"id":15412,"date":"2025-02-21T11:55:22","date_gmt":"2025-02-21T08:55:22","guid":{"rendered":"https:\/\/ceoparts.com\/?post_type=product&#038;p=15412"},"modified":"2026-05-16T16:21:26","modified_gmt":"2026-05-16T13:21:26","slug":"linde-tutamak-sag-0039310820","status":"publish","type":"product","link":"https:\/\/ceoparts.com\/de\/urun\/linde-tutamak-sag-0039310820\/","title":{"rendered":"Linde Griff rechts &#8211; 0039310820"},"content":{"rendered":"<p>Linde Griff rechts &#8211; 0039310820<\/p>","protected":false},"excerpt":{"rendered":"<p data-start=\"0\" data-end=\"387\"><br data-start=\"1246\" data-end=\"1249\" \/>Der Linde Griff rechts \u2013 0039310820 ist ein robustes und langlebiges Teil, das den Komfort des Gabelstaplerfahrers erh\u00f6ht und eine kontrollierte Handhabung erm\u00f6glicht. Hergestellt aus hochwertigen Materialien, bietet er eine lange Lebensdauer. Dieser Griff befindet sich auf der rechten Seite des Gabelstaplers und verf\u00fcgt \u00fcber ein ergonomisches Design, das dem Bediener einen einfachen Griff erm\u00f6glicht und zur sicheren Bedienung beitr\u00e4gt.<\/p>\n<p data-start=\"1691\" data-end=\"1924\"><strong data-start=\"1691\" data-end=\"1709\">Eigenschaften:<\/strong><br data-start=\"1709\" data-end=\"1712\" \/><strong data-start=\"1712\" data-end=\"1725\">Position:<\/strong> Rechte Seite<br data-start=\"1738\" data-end=\"1741\" \/><strong data-start=\"1741\" data-end=\"1754\">Material:<\/strong> Robuster und hochwertiger Kunststoff<br data-start=\"1791\" data-end=\"1794\" \/><strong data-start=\"1794\" data-end=\"1808\">Anwendung:<\/strong> Bedienergriff<br data-start=\"1822\" data-end=\"1825\" \/><strong data-start=\"1825\" data-end=\"1839\">Ergonomie:<\/strong> Bietet bequemen und sicheren Griff<br data-start=\"1874\" data-end=\"1877\" \/><strong data-start=\"1877\" data-end=\"1893\">Haltbarkeit:<\/strong> Langlebig und verschlei\u00dffest<\/p>\n<p data-start=\"1926\" data-end=\"2324\">\n","protected":false},"featured_media":15407,"template":"","meta":[],"product_brand":[],"product_cat":[246,470,523],"product_tag":[],"class_list":{"0":"post-15412","1":"product","2":"type-product","3":"status-publish","4":"has-post-thumbnail","6":"product_cat-linde","7":"product_cat-diger-yedek-parcalar","8":"product_cat-yedek-parca-linde","10":"first","11":"instock","12":"taxable","13":"shipping-taxable","14":"purchasable","15":"product-type-simple"},"_links":{"self":[{"href":"https:\/\/ceoparts.com\/de\/wp-json\/wp\/v2\/product\/15412","targetHints":{"allow":["GET"]}}],"collection":[{"href":"https:\/\/ceoparts.com\/de\/wp-json\/wp\/v2\/product"}],"about":[{"href":"https:\/\/ceoparts.com\/de\/wp-json\/wp\/v2\/types\/product"}],"wp:featuredmedia":[{"embeddable":true,"href":"https:\/\/ceoparts.com\/de\/wp-json\/wp\/v2\/media\/15407"}],"wp:attachment":[{"href":"https:\/\/ceoparts.com\/de\/wp-json\/wp\/v2\/media?parent=15412"}],"wp:term":[{"taxonomy":"product_brand","embeddable":true,"href":"https:\/\/ceoparts.com\/de\/wp-json\/wp\/v2\/product_brand?post=15412"},{"taxonomy":"product_cat","embeddable":true,"href":"https:\/\/ceoparts.com\/de\/wp-json\/wp\/v2\/product_cat?post=15412"},{"taxonomy":"product_tag","embeddable":true,"href":"https:\/\/ceoparts.com\/de\/wp-json\/wp\/v2\/product_tag?post=15412"}],"curies":[{"name":"wp","href":"https:\/\/api.w.org\/{rel}","templated":true}]}}