{"id":15413,"date":"2025-02-21T12:03:51","date_gmt":"2025-02-21T09:03:51","guid":{"rendered":"https:\/\/ceoparts.com\/?post_type=product&#038;p=15413"},"modified":"2026-05-16T18:09:44","modified_gmt":"2026-05-16T15:09:44","slug":"jungheinrich-link-kolu-pimi-efg430k-51263829","status":"publish","type":"product","link":"https:\/\/ceoparts.com\/de\/urun\/jungheinrich-link-kolu-pimi-efg430k-51263829\/","title":{"rendered":"Jungheinrich Verbindungsarmstift EFG430K &#8211; 51263829"},"content":{"rendered":"<p>Jungheinrich Verbindungsarmstift EFG430K &#8211; 51263829<\/p>\n<table border=\"0\" width=\"300\" cellspacing=\"0\" cellpadding=\"0\">\n<tbody>\n<tr>\n<td width=\"200\" height=\"19\"><span style=\"font-family: Calibri;\">DFG 425s<\/span><\/td>\n<td width=\"100\"><span style=\"font-family: Calibri;\">11.07 &#8211; 12.14<\/span><\/td>\n<\/tr>\n<tr>\n<td height=\"19\"><span style=\"font-family: Calibri;\">DFG 425s<\/span><\/td>\n<td><span style=\"font-family: Calibri;\">9.14 &#8211; 9.17<\/span><\/td>\n<\/tr>\n<tr>\n<td height=\"19\"><span style=\"font-family: Calibri;\">DFG 430s<\/span><\/td>\n<td><span style=\"font-family: Calibri;\">11.07 &#8211; 12.14<\/span><\/td>\n<\/tr>\n<tr>\n<td height=\"19\"><span style=\"font-family: Calibri;\">DFG 430s<\/span><\/td>\n<td><span style=\"font-family: Calibri;\">9.14 &#8211; 9.17<\/span><\/td>\n<\/tr>\n<tr>\n<td height=\"19\"><span style=\"font-family: Calibri;\">DFG 435s<\/span><\/td>\n<td><span style=\"font-family: Calibri;\">9.14 &#8211; 9.17<\/span><\/td>\n<\/tr>\n<tr>\n<td height=\"19\"><span style=\"font-family: Calibri;\">DFG 435s<\/span><\/td>\n<td><span style=\"font-family: Calibri;\">11.07 &#8211; 12.14<\/span><\/td>\n<\/tr>\n<tr>\n<td height=\"19\"><span style=\"font-family: Calibri;\">DFG 4s<\/span><\/td>\n<td><span style=\"font-family: Calibri;\">6.17 &#8211; 4.20<\/span><\/td>\n<\/tr>\n<tr>\n<td height=\"19\"><span style=\"font-family: Calibri;\">DFG 4s<\/span><\/td>\n<td><span style=\"font-family: Calibri;\">5.20 &#8211;\u00a0<\/span><\/td>\n<\/tr>\n<tr>\n<td height=\"19\"><span style=\"font-family: Calibri;\">EFG 425-430<\/span><\/td>\n<td><span style=\"font-family: Calibri;\">4.12 &#8211; 12.14<\/span><\/td>\n<\/tr>\n<tr>\n<td height=\"19\"><span style=\"font-family: Calibri;\">EFG 425-430 (US)<\/span><\/td>\n<td><span style=\"font-family: Calibri;\">1.13 &#8211; 12.14<\/span><\/td>\n<\/tr>\n<tr>\n<td height=\"19\"><span style=\"font-family: Calibri;\">EFG 425-430\/ S30<\/span><\/td>\n<td><span style=\"font-family: Calibri;\">6.14 &#8211;\u00a0<\/span><\/td>\n<\/tr>\n<tr>\n<td height=\"19\"><span style=\"font-family: Calibri;\">EFG 425-430\/ S30 (US)<\/span><\/td>\n<td><span style=\"font-family: Calibri;\">6.14 &#8211; 12.16<\/span><\/td>\n<\/tr>\n<tr>\n<td height=\"18\"><span style=\"font-family: Calibri;\">EFG 535k-S50<\/span><\/td>\n<td><span style=\"font-family: Calibri;\">10.13 &#8211; 12.14<\/span><\/td>\n<\/tr>\n<tr>\n<td height=\"19\"><span style=\"font-family: Calibri;\">EFG 535k-S50<\/span><\/td>\n<td><span style=\"font-family: Calibri;\">6.14 &#8211; 12.16<\/span><\/td>\n<\/tr>\n<tr>\n<td height=\"19\"><span style=\"font-family: Calibri;\">EFG 535k-S50<\/span><\/td>\n<td><span style=\"font-family: Calibri;\">12.15 &#8211;\u00a0<\/span><\/td>\n<\/tr>\n<tr>\n<td height=\"19\"><span style=\"font-family: Calibri;\">EFG 535k-S50 (US)<\/span><\/td>\n<td><span style=\"font-family: Calibri;\">12.15 &#8211;\u00a0<\/span><\/td>\n<\/tr>\n<tr>\n<td height=\"19\"><span style=\"font-family: Calibri;\">EFG 535k-S50 (US)<\/span><\/td>\n<td><span style=\"font-family: Calibri;\">10.13 &#8211; 12.14<\/span><\/td>\n<\/tr>\n<tr>\n<td height=\"19\"><span style=\"font-family: Calibri;\">EFG 535k-S50 (US)<\/span><\/td>\n<td><span style=\"font-family: Calibri;\">6.14 &#8211; 12.16<\/span><\/td>\n<\/tr>\n<tr>\n<td height=\"19\"><span style=\"font-family: Calibri;\">TFG 425s<\/span><\/td>\n<td><span style=\"font-family: Calibri;\">11.07 &#8211; 12.14<\/span><\/td>\n<\/tr>\n<tr>\n<td height=\"19\"><span style=\"font-family: Calibri;\">TFG 425s<\/span><\/td>\n<td><span style=\"font-family: Calibri;\">9.14 &#8211; 9.17<\/span><\/td>\n<\/tr>\n<tr>\n<td height=\"19\"><span style=\"font-family: Calibri;\">TFG 430s<\/span><\/td>\n<td><span style=\"font-family: Calibri;\">9.14 &#8211; 9.17<\/span><\/td>\n<\/tr>\n<tr>\n<td height=\"19\"><span style=\"font-family: Calibri;\">TFG 430s<\/span><\/td>\n<td><span style=\"font-family: Calibri;\">11.07 &#8211; 12.14<\/span><\/td>\n<\/tr>\n<tr>\n<td height=\"19\"><span style=\"font-family: Calibri;\">TFG 435s<\/span><\/td>\n<td><span style=\"font-family: Calibri;\">9.14 &#8211; 9.17<\/span><\/td>\n<\/tr>\n<tr>\n<td height=\"19\"><span style=\"font-family: Calibri;\">TFG 435s<\/span><\/td>\n<td><span style=\"font-family: Calibri;\">11.07 &#8211; 12.14<\/span><\/td>\n<\/tr>\n<tr>\n<td height=\"19\"><span style=\"font-family: Calibri;\">TFG 4s<\/span><\/td>\n<td><span style=\"font-family: Calibri;\">6.17 &#8211; 4.20<\/span><\/td>\n<\/tr>\n<\/tbody>\n<\/table>","protected":false},"excerpt":{"rendered":"<p data-start=\"0\" data-end=\"362\"><br data-start=\"1217\" data-end=\"1220\" \/>Der Jungheinrich Linkhebelstift EFG430K \u2013 51263829 ist ein langlebiges Teil, das pr\u00e4zise und sichere Verbindungen bei Gabelstaplern gew\u00e4hrleistet. Hergestellt aus hochwertigen Materialien, ist er langlebig und verschlei\u00dffest. Dieser Stift spielt eine entscheidende Rolle im Bewegungsmechanismus des Gabelstaplers und sorgt f\u00fcr Stabilit\u00e4t und Sicherheit w\u00e4hrend des Betriebs.<\/p>\n<p data-start=\"1596\" data-end=\"1852\"><strong data-start=\"1596\" data-end=\"1614\">Eigenschaften:<\/strong><br data-start=\"1614\" data-end=\"1617\" \/><strong data-start=\"1617\" data-end=\"1636\">Kompatibilit\u00e4t:<\/strong> Jungheinrich EFG430K Modelle<br data-start=\"1665\" data-end=\"1668\" \/><strong data-start=\"1668\" data-end=\"1681\">Material:<\/strong> Metall mit hoher Haltbarkeit<br data-start=\"1710\" data-end=\"1713\" \/><strong data-start=\"1713\" data-end=\"1727\">Anwendung:<\/strong> Verbindungsteil f\u00fcr Linkhebel<br data-start=\"1757\" data-end=\"1760\" \/><strong data-start=\"1760\" data-end=\"1776\">Haltbarkeit:<\/strong> Verschlei\u00df- und sto\u00dffest<br data-start=\"1801\" data-end=\"1804\" \/><strong data-start=\"1804\" data-end=\"1817\">Funktion:<\/strong> Bietet Stabilit\u00e4t und Sicherheit<\/p>\n<p data-start=\"1854\" data-end=\"2215\">\n","protected":false},"featured_media":15415,"template":"","meta":[],"product_brand":[],"product_cat":[236,467,522],"product_tag":[],"class_list":{"0":"post-15413","1":"product","2":"type-product","3":"status-publish","4":"has-post-thumbnail","6":"product_cat-jungheinrich","7":"product_cat-mil-grubu","8":"product_cat-yedek-parca-jungheinrich","10":"first","11":"instock","12":"taxable","13":"shipping-taxable","14":"purchasable","15":"product-type-simple"},"_links":{"self":[{"href":"https:\/\/ceoparts.com\/de\/wp-json\/wp\/v2\/product\/15413","targetHints":{"allow":["GET"]}}],"collection":[{"href":"https:\/\/ceoparts.com\/de\/wp-json\/wp\/v2\/product"}],"about":[{"href":"https:\/\/ceoparts.com\/de\/wp-json\/wp\/v2\/types\/product"}],"wp:featuredmedia":[{"embeddable":true,"href":"https:\/\/ceoparts.com\/de\/wp-json\/wp\/v2\/media\/15415"}],"wp:attachment":[{"href":"https:\/\/ceoparts.com\/de\/wp-json\/wp\/v2\/media?parent=15413"}],"wp:term":[{"taxonomy":"product_brand","embeddable":true,"href":"https:\/\/ceoparts.com\/de\/wp-json\/wp\/v2\/product_brand?post=15413"},{"taxonomy":"product_cat","embeddable":true,"href":"https:\/\/ceoparts.com\/de\/wp-json\/wp\/v2\/product_cat?post=15413"},{"taxonomy":"product_tag","embeddable":true,"href":"https:\/\/ceoparts.com\/de\/wp-json\/wp\/v2\/product_tag?post=15413"}],"curies":[{"name":"wp","href":"https:\/\/api.w.org\/{rel}","templated":true}]}}