{"id":15417,"date":"2025-02-21T13:01:44","date_gmt":"2025-02-21T10:01:44","guid":{"rendered":"https:\/\/ceoparts.com\/?post_type=product&#038;p=15417"},"modified":"2026-05-16T10:57:22","modified_gmt":"2026-05-16T07:57:22","slug":"cin-transpalet-kumanda-kolu-kelebegi-takim-kirmizi-90000021769000002175502311020011","status":"publish","type":"product","link":"https:\/\/ceoparts.com\/de\/urun\/cin-transpalet-kumanda-kolu-kelebegi-takim-kirmizi-90000021769000002175502311020011\/","title":{"rendered":"China Hubwagen Steuerhebel Schmetterlingskit Rot &#8211; 9000002176, 9000002175, 502311020011"},"content":{"rendered":"<p>China Hubwagen Steuerhebel Schmetterlingskit Rot &#8211; 9000002176, 9000002175, 502311020011<\/p>","protected":false},"excerpt":{"rendered":"<p data-start=\"0\" data-end=\"372\"><br data-start=\"1183\" data-end=\"1186\" \/>Der aus China stammende Transpalet Steuerhebel Schmetterlingssatz Rot \u2013 9000002176, 9000002175, 502311020011 ist f\u00fcr eine pr\u00e4zise und sichere Steuerung von Hubwagen konzipiert. Hergestellt aus langlebigen Materialien, bietet er eine lange Lebensdauer. Die rote Farbe sorgt f\u00fcr gute Sichtbarkeit und schnelle Reaktion. Er erh\u00f6ht die Arbeitseffizienz und unterst\u00fctzt den Bedienkomfort.<\/p>\n<p data-start=\"1571\" data-end=\"1816\"><strong data-start=\"1571\" data-end=\"1589\">Eigenschaften:<\/strong><br data-start=\"1589\" data-end=\"1592\" \/><strong data-start=\"1592\" data-end=\"1602\">Farbe:<\/strong> Rot<br data-start=\"1606\" data-end=\"1609\" \/><strong data-start=\"1609\" data-end=\"1622\">Material:<\/strong> Robuste Kunststoff- und Metallkomponenten<br data-start=\"1664\" data-end=\"1667\" \/><strong data-start=\"1667\" data-end=\"1686\">Kompatibilit\u00e4t:<\/strong> Verschiedene chinesische Hubwagenmodelle<br data-start=\"1727\" data-end=\"1730\" \/><strong data-start=\"1730\" data-end=\"1744\">Anwendung:<\/strong> Pr\u00e4zise Steuerung und sichere Handhabung<br data-start=\"1785\" data-end=\"1788\" \/><strong data-start=\"1788\" data-end=\"1804\">Haltbarkeit:<\/strong> Langlebig<\/p>\n<p data-start=\"1818\" data-end=\"2189\">\n","protected":false},"featured_media":15418,"template":"","meta":[],"product_brand":[],"product_cat":[454],"product_tag":[],"class_list":{"0":"post-15417","1":"product","2":"type-product","3":"status-publish","4":"has-post-thumbnail","6":"product_cat-switch-ve-buton","8":"first","9":"instock","10":"taxable","11":"shipping-taxable","12":"purchasable","13":"product-type-simple"},"_links":{"self":[{"href":"https:\/\/ceoparts.com\/de\/wp-json\/wp\/v2\/product\/15417","targetHints":{"allow":["GET"]}}],"collection":[{"href":"https:\/\/ceoparts.com\/de\/wp-json\/wp\/v2\/product"}],"about":[{"href":"https:\/\/ceoparts.com\/de\/wp-json\/wp\/v2\/types\/product"}],"wp:featuredmedia":[{"embeddable":true,"href":"https:\/\/ceoparts.com\/de\/wp-json\/wp\/v2\/media\/15418"}],"wp:attachment":[{"href":"https:\/\/ceoparts.com\/de\/wp-json\/wp\/v2\/media?parent=15417"}],"wp:term":[{"taxonomy":"product_brand","embeddable":true,"href":"https:\/\/ceoparts.com\/de\/wp-json\/wp\/v2\/product_brand?post=15417"},{"taxonomy":"product_cat","embeddable":true,"href":"https:\/\/ceoparts.com\/de\/wp-json\/wp\/v2\/product_cat?post=15417"},{"taxonomy":"product_tag","embeddable":true,"href":"https:\/\/ceoparts.com\/de\/wp-json\/wp\/v2\/product_tag?post=15417"}],"curies":[{"name":"wp","href":"https:\/\/api.w.org\/{rel}","templated":true}]}}