{"id":15475,"date":"2025-02-26T17:33:03","date_gmt":"2025-02-26T14:33:03","guid":{"rendered":"https:\/\/ceoparts.com\/?post_type=product&#038;p=15475"},"modified":"2026-05-16T12:16:10","modified_gmt":"2026-05-16T09:16:10","slug":"210x75-135-yuruyus-tekeri-11152200000b","status":"publish","type":"product","link":"https:\/\/ceoparts.com\/de\/urun\/210x75-135-yuruyus-tekeri-11152200000b\/","title":{"rendered":"210&#215;75-135 Geh-Rad &#8211; 11152200000B"},"content":{"rendered":"<p>210&#215;75-135 Geh-Rad &#8211; 11152200000B<\/p>\n<p>210 x 75 x 82 x 135 Helikopter 1115-220000-0B 1115-220000-0B<\/p>\n<p>Heli CBD15J-LI<\/p>\n<p>Heli CBD18J-L2<\/p>\n<p>Heli CBD20J-L2<\/p>","protected":false},"excerpt":{"rendered":"<p data-start=\"0\" data-end=\"322\"><br data-start=\"1002\" data-end=\"1005\" \/>Dieses Laufrolle mit den Ma\u00dfen 210\u00d775-135 bietet \u00fcberlegene Leistung und Haltbarkeit f\u00fcr Gabelstapler und schwere Maschinen. Hergestellt aus Vulkollan-Material reduziert sie Vibrationen zur Verbesserung des Bedienkomforts. Das langlebige Design unterst\u00fctzt eine hohe Tragf\u00e4higkeit und sorgt f\u00fcr einen unterbrechungsfreien Betrieb.<\/p>\n<p data-start=\"1337\" data-end=\"1533\"><strong data-start=\"1337\" data-end=\"1355\">Eigenschaften:<\/strong><br data-start=\"1355\" data-end=\"1358\" \/><strong data-start=\"1358\" data-end=\"1368\">Gr\u00f6\u00dfe:<\/strong> 210\u00d775-135<br data-start=\"1379\" data-end=\"1382\" \/><strong data-start=\"1382\" data-end=\"1395\">Material:<\/strong> Vulkollan<br data-start=\"1405\" data-end=\"1408\" \/><strong data-start=\"1408\" data-end=\"1422\">Anwendung:<\/strong> Gabelstapler und schwere Maschinen<br data-start=\"1457\" data-end=\"1460\" \/><strong data-start=\"1460\" data-end=\"1476\">Haltbarkeit:<\/strong> Langlebig und verschlei\u00dffest<br data-start=\"1505\" data-end=\"1508\" \/><strong data-start=\"1508\" data-end=\"1526\">Tragf\u00e4higkeit:<\/strong> Hoch<\/p>\n<p data-start=\"1535\" data-end=\"1861\">\n","protected":false},"featured_media":15477,"template":"","meta":[],"product_brand":[],"product_cat":[193],"product_tag":[],"class_list":{"0":"post-15475","1":"product","2":"type-product","3":"status-publish","4":"has-post-thumbnail","6":"product_cat-yuruyus-tekeri","8":"first","9":"instock","10":"taxable","11":"shipping-taxable","12":"purchasable","13":"product-type-simple"},"_links":{"self":[{"href":"https:\/\/ceoparts.com\/de\/wp-json\/wp\/v2\/product\/15475","targetHints":{"allow":["GET"]}}],"collection":[{"href":"https:\/\/ceoparts.com\/de\/wp-json\/wp\/v2\/product"}],"about":[{"href":"https:\/\/ceoparts.com\/de\/wp-json\/wp\/v2\/types\/product"}],"wp:featuredmedia":[{"embeddable":true,"href":"https:\/\/ceoparts.com\/de\/wp-json\/wp\/v2\/media\/15477"}],"wp:attachment":[{"href":"https:\/\/ceoparts.com\/de\/wp-json\/wp\/v2\/media?parent=15475"}],"wp:term":[{"taxonomy":"product_brand","embeddable":true,"href":"https:\/\/ceoparts.com\/de\/wp-json\/wp\/v2\/product_brand?post=15475"},{"taxonomy":"product_cat","embeddable":true,"href":"https:\/\/ceoparts.com\/de\/wp-json\/wp\/v2\/product_cat?post=15475"},{"taxonomy":"product_tag","embeddable":true,"href":"https:\/\/ceoparts.com\/de\/wp-json\/wp\/v2\/product_tag?post=15475"}],"curies":[{"name":"wp","href":"https:\/\/api.w.org\/{rel}","templated":true}]}}