{"id":15480,"date":"2025-02-26T17:38:37","date_gmt":"2025-02-26T14:38:37","guid":{"rendered":"https:\/\/ceoparts.com\/?post_type=product&#038;p=15480"},"modified":"2026-05-16T12:58:38","modified_gmt":"2026-05-16T09:58:38","slug":"213x70-142-still-ech-yuruyus-tekeri-0009934064","status":"publish","type":"product","link":"https:\/\/ceoparts.com\/de\/urun\/213x70-142-still-ech-yuruyus-tekeri-0009934064\/","title":{"rendered":"213&#215;70-142 Still ECH Geh-Rad &#8211; 0009934064"},"content":{"rendered":"<p>213&#215;70-142 Still ECH Geh-Rad &#8211; 0009934064<\/p>\n<p>213&#215;70-142<\/p>\n<p>Linde 0009934064<\/p>\n<p>EP Forklift ZL1021000000<\/p>\n<p>Linde MT15 serii 1133-03<\/p>\n<p>EP EPT20-15ET2<\/p>\n<p>EP F4<\/p>","protected":false},"excerpt":{"rendered":"<article class=\"text-token-text-primary w-full\" dir=\"auto\" data-testid=\"conversation-turn-449\" data-scroll-anchor=\"true\">\n<div class=\"text-base my-auto mx-auto py-5 [--thread-content-margin:--spacing(4)] @[37rem]:[--thread-content-margin:--spacing(6)] @[72rem]:[--thread-content-margin:--spacing(16)] px-(--thread-content-margin)\">\n<div class=\"[--thread-content-max-width:32rem] @[34rem]:[--thread-content-max-width:40rem] @[64rem]:[--thread-content-max-width:48rem] mx-auto flex max-w-(--thread-content-max-width) flex-1 text-base gap-4 md:gap-5 lg:gap-6 group\/turn-messages focus-visible:outline-hidden\" tabindex=\"-1\">\n<div class=\"group\/conversation-turn relative flex w-full min-w-0 flex-col agent-turn\">\n<div class=\"relative flex-col gap-1 md:gap-3\">\n<div class=\"flex max-w-full flex-col grow\">\n<div class=\"min-h-8 text-message relative flex w-full flex-col items-end gap-2 text-start break-words whitespace-normal [.text-message+&amp;]:mt-5\" dir=\"auto\" data-message-author-role=\"assistant\" data-message-id=\"30f82520-adbb-454d-9ea2-92ffc6a4e4f7\" data-message-model-slug=\"gpt-4-1-mini\">\n<div class=\"flex w-full flex-col gap-1 empty:hidden first:pt-[3px]\">\n<div class=\"markdown prose dark:prose-invert w-full break-words light\">\n<p data-start=\"0\" data-end=\"403\"><br data-start=\"1197\" data-end=\"1200\" \/>Das 213\u00d770-142 Still ECH Laufrolle \u2013 0009934064 ist speziell f\u00fcr Still ECH Gabelstapler konzipiert und bietet Zuverl\u00e4ssigkeit durch hohe Haltbarkeit und \u00fcberlegene Leistung. Hergestellt aus Vulkollan-Material, reduziert diese Laufrolle Vibrationen zur Steigerung des Bedienkomforts und unterst\u00fctzt eine hohe Tragf\u00e4higkeit. Die langlebige Konstruktion gew\u00e4hrleistet einen unterbrechungsfreien Betrieb des Gabelstaplers.<\/p>\n<p data-start=\"1620\" data-end=\"1826\"><strong data-start=\"1620\" data-end=\"1638\">Eigenschaften:<\/strong><br data-start=\"1638\" data-end=\"1641\" \/><strong data-start=\"1641\" data-end=\"1652\">Modell:<\/strong> 213\u00d770-142<br data-start=\"1663\" data-end=\"1666\" \/><strong data-start=\"1666\" data-end=\"1679\">Material:<\/strong> Vulkollan<br data-start=\"1689\" data-end=\"1692\" \/><strong data-start=\"1692\" data-end=\"1706\">Anwendung:<\/strong> Still ECH Gabelstapler<br data-start=\"1729\" data-end=\"1732\" \/><strong data-start=\"1732\" data-end=\"1748\">Haltbarkeit:<\/strong> Hohe Haltbarkeit, lange Lebensdauer<br data-start=\"1784\" data-end=\"1787\" \/><strong data-start=\"1787\" data-end=\"1805\">Tragf\u00e4higkeit:<\/strong> Hohe Tragf\u00e4higkeit<\/p>\n<p data-start=\"1828\" data-end=\"2253\">\n<\/div>\n<\/div>\n<\/div>\n<\/div>\n<\/div>\n<\/div>\n<\/div>\n<\/div>\n<\/article>\n","protected":false},"featured_media":15482,"template":"","meta":[],"product_brand":[],"product_cat":[241,244,246,249,193],"product_tag":[],"class_list":{"0":"post-15480","1":"product","2":"type-product","3":"status-publish","4":"has-post-thumbnail","6":"product_cat-still","7":"product_cat-yuruyus-tekeri-still","8":"product_cat-linde","9":"product_cat-yuruyus-tekeri-linde","10":"product_cat-yuruyus-tekeri","12":"first","13":"instock","14":"taxable","15":"shipping-taxable","16":"purchasable","17":"product-type-simple"},"_links":{"self":[{"href":"https:\/\/ceoparts.com\/de\/wp-json\/wp\/v2\/product\/15480","targetHints":{"allow":["GET"]}}],"collection":[{"href":"https:\/\/ceoparts.com\/de\/wp-json\/wp\/v2\/product"}],"about":[{"href":"https:\/\/ceoparts.com\/de\/wp-json\/wp\/v2\/types\/product"}],"wp:featuredmedia":[{"embeddable":true,"href":"https:\/\/ceoparts.com\/de\/wp-json\/wp\/v2\/media\/15482"}],"wp:attachment":[{"href":"https:\/\/ceoparts.com\/de\/wp-json\/wp\/v2\/media?parent=15480"}],"wp:term":[{"taxonomy":"product_brand","embeddable":true,"href":"https:\/\/ceoparts.com\/de\/wp-json\/wp\/v2\/product_brand?post=15480"},{"taxonomy":"product_cat","embeddable":true,"href":"https:\/\/ceoparts.com\/de\/wp-json\/wp\/v2\/product_cat?post=15480"},{"taxonomy":"product_tag","embeddable":true,"href":"https:\/\/ceoparts.com\/de\/wp-json\/wp\/v2\/product_tag?post=15480"}],"curies":[{"name":"wp","href":"https:\/\/api.w.org\/{rel}","templated":true}]}}