{"id":15587,"date":"2025-03-01T10:29:19","date_gmt":"2025-03-01T07:29:19","guid":{"rendered":"https:\/\/ceoparts.com\/?post_type=product&#038;p=15587"},"modified":"2026-05-16T19:26:49","modified_gmt":"2026-05-16T16:26:49","slug":"24x759x30-asansor-rulmani-0009249535","status":"publish","type":"product","link":"https:\/\/ceoparts.com\/de\/urun\/24x759x30-asansor-rulmani-0009249535\/","title":{"rendered":"24&#215;75,9&#215;30 Aufzugslager &#8211; 0009249535"},"content":{"rendered":"<p>24&#215;75,9&#215;30 Aufzugslager &#8211; 0009249535<\/p>\n<p><span style=\"font-family: tim;\">75,9&#215;30 x24 Linde 0009249535<\/span><\/p>\n<p>&nbsp;<\/p>\n<table dir=\"ltr\" border=\"0\" width=\"286\" cellspacing=\"0\" cellpadding=\"2\">\n<tbody>\n<tr>\n<td height=\"19\">\n<p align=\"left\"><span style=\"font-family: tim;\">linde-350-H12-16-18-20-03-2007<\/span><\/p>\n<\/td>\n<\/tr>\n<tr>\n<td height=\"19\">\n<p align=\"left\"><span style=\"font-family: tim;\">linde-350-H12-16-18-20-03-2011<\/span><\/p>\n<\/td>\n<\/tr>\n<tr>\n<td height=\"19\">\n<p align=\"left\"><span style=\"font-family: tim;\">linde-346-E18-E20-E20P-2011<\/span><\/p>\n<\/td>\n<\/tr>\n<tr>\n<td height=\"19\">\n<p align=\"left\"><span style=\"font-family: tim;\">linde-386-E12-E14-E15-E16-E18-E20-2011<\/span><\/p>\n<\/td>\n<\/tr>\n<tr>\n<td height=\"19\">\n<p align=\"left\"><span style=\"font-family: tim;\">linde-115C-R10C-R12C-R14C-2010<\/span><\/p>\n<\/td>\n<\/tr>\n<tr>\n<td height=\"19\">\n<p align=\"left\"><span style=\"font-family: tim;\">linde-335-02-E14-E16-E18-E20-02-2007<\/span><\/p>\n<\/td>\n<\/tr>\n<tr>\n<td height=\"19\">\n<p align=\"left\"><span style=\"font-family: tim;\">Linde-E16-E20-02<\/span><\/p>\n<\/td>\n<\/tr>\n<tr>\n<td height=\"19\">\n<p align=\"left\"><span style=\"font-family: tim;\">linde-391-01-H14-H16-H18-H20-201<\/span><\/p>\n<\/td>\n<\/tr>\n<\/tbody>\n<\/table>","protected":false},"excerpt":{"rendered":"<p data-start=\"0\" data-end=\"422\"><br data-start=\"1377\" data-end=\"1380\" \/>Das Linde 24&#215;75,9&#215;30 Hublager \u2013 0009249535 ist ein wichtiges Lager, das in den Hubsystemen von Gabelstaplern und schweren Maschinen verwendet wird. Dieses Lager sorgt f\u00fcr einen reibungslosen und leisen Betrieb des Hubmechanismus, hat eine hohe Tragf\u00e4higkeit und reduziert mechanische Reibung, um Verschlei\u00df zu vermeiden. Die langlebige Materialqualit\u00e4t bietet zuverl\u00e4ssige Leistung und erh\u00f6ht die Effizienz des Gabelstaplerbetriebs.<\/p>\n<p data-start=\"1814\" data-end=\"2086\"><strong data-start=\"1814\" data-end=\"1832\">Eigenschaften:<\/strong><br data-start=\"1832\" data-end=\"1835\" \/><strong data-start=\"1835\" data-end=\"1851\">Produktcode:<\/strong> 0009249535<br data-start=\"1862\" data-end=\"1865\" \/><strong data-start=\"1865\" data-end=\"1881\">Abmessungen:<\/strong> 24&#215;75,9&#215;30 mm<br data-start=\"1895\" data-end=\"1898\" \/><strong data-start=\"1898\" data-end=\"1912\">Anwendung:<\/strong> Hubsysteme von Gabelstaplern und schweren Maschinen<br data-start=\"1964\" data-end=\"1967\" \/><strong data-start=\"1967\" data-end=\"1983\">Haltbarkeit:<\/strong> Hoch langlebiges Material<br data-start=\"2009\" data-end=\"2012\" \/><strong data-start=\"2012\" data-end=\"2025\">Funktion:<\/strong> Reibungsloser Betrieb, leiser Betrieb, Reibungsreduzierung<\/p>\n<p data-start=\"2088\" data-end=\"2539\">\n","protected":false},"featured_media":15589,"template":"","meta":[],"product_brand":[],"product_cat":[246,457,523],"product_tag":[],"class_list":{"0":"post-15587","1":"product","2":"type-product","3":"status-publish","4":"has-post-thumbnail","6":"product_cat-linde","7":"product_cat-asansor-rulmanlari","8":"product_cat-yedek-parca-linde","10":"first","11":"instock","12":"taxable","13":"shipping-taxable","14":"purchasable","15":"product-type-simple"},"_links":{"self":[{"href":"https:\/\/ceoparts.com\/de\/wp-json\/wp\/v2\/product\/15587","targetHints":{"allow":["GET"]}}],"collection":[{"href":"https:\/\/ceoparts.com\/de\/wp-json\/wp\/v2\/product"}],"about":[{"href":"https:\/\/ceoparts.com\/de\/wp-json\/wp\/v2\/types\/product"}],"wp:featuredmedia":[{"embeddable":true,"href":"https:\/\/ceoparts.com\/de\/wp-json\/wp\/v2\/media\/15589"}],"wp:attachment":[{"href":"https:\/\/ceoparts.com\/de\/wp-json\/wp\/v2\/media?parent=15587"}],"wp:term":[{"taxonomy":"product_brand","embeddable":true,"href":"https:\/\/ceoparts.com\/de\/wp-json\/wp\/v2\/product_brand?post=15587"},{"taxonomy":"product_cat","embeddable":true,"href":"https:\/\/ceoparts.com\/de\/wp-json\/wp\/v2\/product_cat?post=15587"},{"taxonomy":"product_tag","embeddable":true,"href":"https:\/\/ceoparts.com\/de\/wp-json\/wp\/v2\/product_tag?post=15587"}],"curies":[{"name":"wp","href":"https:\/\/api.w.org\/{rel}","templated":true}]}}