{"id":15592,"date":"2025-03-01T10:42:32","date_gmt":"2025-03-01T07:42:32","guid":{"rendered":"https:\/\/ceoparts.com\/?post_type=product&#038;p=15592"},"modified":"2026-05-16T16:17:39","modified_gmt":"2026-05-16T13:17:39","slug":"linde-asansor-kaydirma-pim-1814461004","status":"publish","type":"product","link":"https:\/\/ceoparts.com\/de\/urun\/linde-asansor-kaydirma-pim-1814461004\/","title":{"rendered":"Linde Aufzuggleitstift \u00d820- 1814461004"},"content":{"rendered":"<p>Linde Aufzuggleitstift \u00d820- 1814461004<\/p>","protected":false},"excerpt":{"rendered":"<p data-start=\"0\" data-end=\"430\"><br data-start=\"1353\" data-end=\"1356\" \/>Der Linde Hub-Schiebestift \u00d820 \u2013 1814461004 ist ein langlebiges Bauteil, das in den Hubmechanismen von Gabelstaplern und schweren Maschinen verwendet wird. Dieser Schiebestift sorgt f\u00fcr einen reibungslosen und stabilen Betrieb des Hubsystems, reduziert Vibrationen und verhindert mechanischen Verschlei\u00df. Hergestellt aus hochwertigem Material bietet er eine lange Lebensdauer. Es ist ein ideales Ersatzteil zur Erh\u00f6hung der Sicherheit und Effizienz bei Gabelstaplerbetrieb.<\/p>\n<p data-start=\"1831\" data-end=\"2098\"><strong data-start=\"1831\" data-end=\"1849\">Eigenschaften:<\/strong><br data-start=\"1849\" data-end=\"1852\" \/><strong data-start=\"1852\" data-end=\"1868\">Produktcode:<\/strong> 1814461004<br data-start=\"1879\" data-end=\"1882\" \/><strong data-start=\"1882\" data-end=\"1898\">Durchmesser:<\/strong> \u00d820 mm<br data-start=\"1905\" data-end=\"1908\" \/><strong data-start=\"1908\" data-end=\"1922\">Anwendung:<\/strong> Hubmechanismen von Gabelstaplern und schweren Maschinen<br data-start=\"1978\" data-end=\"1981\" \/><strong data-start=\"1981\" data-end=\"1997\">Haltbarkeit:<\/strong> Hoch langlebiges Material<br data-start=\"2023\" data-end=\"2026\" \/><strong data-start=\"2026\" data-end=\"2039\">Funktion:<\/strong> Stabile Bedienung, Vibrationsminderung, Verschlei\u00dfschutz<\/p>\n<p data-start=\"2100\" data-end=\"2572\">\n<p>70mm \u00a0\u00d820<\/p>\n<p>Linde<br \/>\n386 E12\/14\/15\/16\/18\/20<br \/>\n391-01 H14\/16\/18\/20<\/p>\n","protected":false},"featured_media":15593,"template":"","meta":[],"product_brand":[],"product_cat":[467,523,246],"product_tag":[],"class_list":{"0":"post-15592","1":"product","2":"type-product","3":"status-publish","4":"has-post-thumbnail","6":"product_cat-mil-grubu","7":"product_cat-yedek-parca-linde","8":"product_cat-linde","10":"first","11":"instock","12":"taxable","13":"shipping-taxable","14":"purchasable","15":"product-type-simple"},"_links":{"self":[{"href":"https:\/\/ceoparts.com\/de\/wp-json\/wp\/v2\/product\/15592","targetHints":{"allow":["GET"]}}],"collection":[{"href":"https:\/\/ceoparts.com\/de\/wp-json\/wp\/v2\/product"}],"about":[{"href":"https:\/\/ceoparts.com\/de\/wp-json\/wp\/v2\/types\/product"}],"wp:featuredmedia":[{"embeddable":true,"href":"https:\/\/ceoparts.com\/de\/wp-json\/wp\/v2\/media\/15593"}],"wp:attachment":[{"href":"https:\/\/ceoparts.com\/de\/wp-json\/wp\/v2\/media?parent=15592"}],"wp:term":[{"taxonomy":"product_brand","embeddable":true,"href":"https:\/\/ceoparts.com\/de\/wp-json\/wp\/v2\/product_brand?post=15592"},{"taxonomy":"product_cat","embeddable":true,"href":"https:\/\/ceoparts.com\/de\/wp-json\/wp\/v2\/product_cat?post=15592"},{"taxonomy":"product_tag","embeddable":true,"href":"https:\/\/ceoparts.com\/de\/wp-json\/wp\/v2\/product_tag?post=15592"}],"curies":[{"name":"wp","href":"https:\/\/api.w.org\/{rel}","templated":true}]}}