{"id":15596,"date":"2025-03-01T11:04:20","date_gmt":"2025-03-01T08:04:20","guid":{"rendered":"https:\/\/ceoparts.com\/?post_type=product&#038;p=15596"},"modified":"2026-05-16T15:00:15","modified_gmt":"2026-05-16T12:00:15","slug":"linde-asinma-diski-4225041303","status":"publish","type":"product","link":"https:\/\/ceoparts.com\/de\/urun\/linde-asinma-diski-4225041303\/","title":{"rendered":"Linde Abnutzscheibe &#8211; 4225041303"},"content":{"rendered":"<p>Linde Abnutzscheibe &#8211; 4225041303<\/p>\n<p><\/p>\n<p data-start=\"128\" data-end=\"218\">LINDE Gabelstapler Typ 346 E18\/20\/20P 386-25 E14-20 verf\u00fcgbar in 4225041303<\/p>\n<p><\/p>","protected":false},"excerpt":{"rendered":"<p data-start=\"0\" data-end=\"408\"><br data-start=\"1337\" data-end=\"1340\" \/>Die Linde Verschlei\u00dfscheibe 4225041303 ist ein wichtiges Bauteil, das in Gabelstaplern und schweren Maschinen verwendet wird. Diese Verschlei\u00dfscheibe sch\u00fctzt die beweglichen Teile der Maschine und reduziert Verschlei\u00df, wodurch die Lebensdauer der Ausr\u00fcstung verl\u00e4ngert wird. Hergestellt aus besonders widerstandsf\u00e4higem Material, bietet sie zuverl\u00e4ssige Leistung unter harten Arbeitsbedingungen. Sie ist ein bevorzugtes Qualit\u00e4tsersatzteil f\u00fcr Wartungs- und Reparaturarbeiten.<\/p>\n<p data-start=\"1818\" data-end=\"2130\"><strong data-start=\"1818\" data-end=\"1836\">Eigenschaften:<\/strong><br data-start=\"1836\" data-end=\"1839\" \/><strong data-start=\"1839\" data-end=\"1855\">Produktcode:<\/strong> 4225041303<br data-start=\"1866\" data-end=\"1869\" \/><strong data-start=\"1869\" data-end=\"1883\">Anwendung:<\/strong> Gabelstapler und schwere Maschinen<br data-start=\"1918\" data-end=\"1921\" \/><strong data-start=\"1921\" data-end=\"1937\">Haltbarkeit:<\/strong> Hergestellt aus besonders widerstandsf\u00e4higem Material<br data-start=\"1991\" data-end=\"1994\" \/><strong data-start=\"1994\" data-end=\"2007\">Funktion:<\/strong> Verhindert Verschlei\u00df und verl\u00e4ngert die Lebensdauer der Ausr\u00fcstung<br data-start=\"2075\" data-end=\"2078\" \/><strong data-start=\"2078\" data-end=\"2090\">Eignung:<\/strong> Geeignet f\u00fcr harte Arbeitsbedingungen<\/p>\n<p data-start=\"2132\" data-end=\"2517\">\n","protected":false},"featured_media":15597,"template":"","meta":[],"product_brand":[],"product_cat":[246,470,523],"product_tag":[],"class_list":{"0":"post-15596","1":"product","2":"type-product","3":"status-publish","4":"has-post-thumbnail","6":"product_cat-linde","7":"product_cat-diger-yedek-parcalar","8":"product_cat-yedek-parca-linde","10":"first","11":"instock","12":"taxable","13":"shipping-taxable","14":"purchasable","15":"product-type-simple"},"_links":{"self":[{"href":"https:\/\/ceoparts.com\/de\/wp-json\/wp\/v2\/product\/15596","targetHints":{"allow":["GET"]}}],"collection":[{"href":"https:\/\/ceoparts.com\/de\/wp-json\/wp\/v2\/product"}],"about":[{"href":"https:\/\/ceoparts.com\/de\/wp-json\/wp\/v2\/types\/product"}],"wp:featuredmedia":[{"embeddable":true,"href":"https:\/\/ceoparts.com\/de\/wp-json\/wp\/v2\/media\/15597"}],"wp:attachment":[{"href":"https:\/\/ceoparts.com\/de\/wp-json\/wp\/v2\/media?parent=15596"}],"wp:term":[{"taxonomy":"product_brand","embeddable":true,"href":"https:\/\/ceoparts.com\/de\/wp-json\/wp\/v2\/product_brand?post=15596"},{"taxonomy":"product_cat","embeddable":true,"href":"https:\/\/ceoparts.com\/de\/wp-json\/wp\/v2\/product_cat?post=15596"},{"taxonomy":"product_tag","embeddable":true,"href":"https:\/\/ceoparts.com\/de\/wp-json\/wp\/v2\/product_tag?post=15596"}],"curies":[{"name":"wp","href":"https:\/\/api.w.org\/{rel}","templated":true}]}}