{"id":15599,"date":"2025-03-01T11:18:52","date_gmt":"2025-03-01T08:18:52","guid":{"rendered":"https:\/\/ceoparts.com\/?post_type=product&#038;p=15599"},"modified":"2026-05-17T12:01:09","modified_gmt":"2026-05-17T09:01:09","slug":"linde-hava-filtresi-0009839000","status":"publish","type":"product","link":"https:\/\/ceoparts.com\/de\/urun\/linde-hava-filtresi-0009839000\/","title":{"rendered":"Linde Luftfilter &#8211; 0009839000"},"content":{"rendered":"<p>Linde Luftfilter &#8211; 0009839000<\/p>\n<p>Linde 0009839000<\/p>\n<p>&nbsp;<\/p>\n<table border=\"0\" frame=\"void\" rules=\"none\" cellspacing=\"0\">\n<colgroup>\n<col width=\"86\" \/>\n<col width=\"86\" \/><\/colgroup>\n<tbody>\n<tr>\n<td align=\"left\" width=\"86\" height=\"17\">391-01<\/td>\n<td align=\"left\" width=\"86\">H14\/16\/18\/20<\/td>\n<\/tr>\n<tr>\n<td align=\"left\" height=\"17\">391-01<\/td>\n<td align=\"left\">H14\/16\/18\/20<\/td>\n<\/tr>\n<tr>\n<td align=\"left\" height=\"17\">391-01<\/td>\n<td align=\"left\">H14\/16\/18\/20<\/td>\n<\/tr>\n<tr>\n<td align=\"left\" height=\"17\">392-01<\/td>\n<td align=\"left\">H20\/25<\/td>\n<\/tr>\n<tr>\n<td align=\"left\" height=\"17\">392-01<\/td>\n<td align=\"left\">H20\/25<\/td>\n<\/tr>\n<tr>\n<td align=\"left\" height=\"17\">392-01<\/td>\n<td align=\"left\">H20\/25<\/td>\n<\/tr>\n<tr>\n<td align=\"left\" height=\"17\">393-01<\/td>\n<td align=\"left\">H25\/30\/35<\/td>\n<\/tr>\n<tr>\n<td align=\"left\" height=\"17\">393-01<\/td>\n<td align=\"left\">H25\/30\/35<\/td>\n<\/tr>\n<tr>\n<td align=\"left\" height=\"17\">393-01<\/td>\n<td align=\"left\">H25\/30\/35<\/td>\n<\/tr>\n<\/tbody>\n<\/table>\n<p><\/p>","protected":false},"excerpt":{"rendered":"<p data-start=\"0\" data-end=\"403\"><br data-start=\"1360\" data-end=\"1363\" \/>Der Linde Luftfilter 0009839000 ist ein wichtiges Bauteil, das saubere Luft f\u00fcr die Motoren von Gabelstaplern und schweren Maschinen bereitstellt. Er filtert effektiv Staub, Schmutz und sch\u00e4dliche Partikel aus der Luft, die in den Motor gelangen, und verbessert so die Motorleistung und Lebensdauer. Hergestellt aus langlebigen Materialien, eignet er sich f\u00fcr den Langzeitgebrauch. Er spielt eine entscheidende Rolle f\u00fcr den Fahrkomfort und die Maschinenleistung.<\/p>\n<p data-start=\"1828\" data-end=\"2113\"><strong data-start=\"1828\" data-end=\"1846\">Eigenschaften:<\/strong><br data-start=\"1846\" data-end=\"1849\" \/><strong data-start=\"1849\" data-end=\"1865\">Produktcode:<\/strong> 0009839000<br data-start=\"1876\" data-end=\"1879\" \/><strong data-start=\"1879\" data-end=\"1893\">Anwendung:<\/strong> Motoren von Gabelstaplern und schweren Maschinen<br data-start=\"1942\" data-end=\"1945\" \/><strong data-start=\"1945\" data-end=\"1960\">Filtration:<\/strong> H\u00e4lt Staub, Schmutz und sch\u00e4dliche Partikel zur\u00fcck<br data-start=\"2011\" data-end=\"2014\" \/><strong data-start=\"2014\" data-end=\"2030\">Haltbarkeit:<\/strong> Langlebiges, robustes Material<br data-start=\"2061\" data-end=\"2064\" \/><strong data-start=\"2064\" data-end=\"2077\">Leistung:<\/strong> Motorschutz und Maschinenleistung<\/p>\n<p data-start=\"2115\" data-end=\"2530\">\n","protected":false},"featured_media":15604,"template":"","meta":[],"product_brand":[],"product_cat":[246,498,523],"product_tag":[],"class_list":{"0":"post-15599","1":"product","2":"type-product","3":"status-publish","4":"has-post-thumbnail","6":"product_cat-linde","7":"product_cat-filtre-cesitleri","8":"product_cat-yedek-parca-linde","10":"first","11":"instock","12":"taxable","13":"shipping-taxable","14":"purchasable","15":"product-type-simple"},"_links":{"self":[{"href":"https:\/\/ceoparts.com\/de\/wp-json\/wp\/v2\/product\/15599","targetHints":{"allow":["GET"]}}],"collection":[{"href":"https:\/\/ceoparts.com\/de\/wp-json\/wp\/v2\/product"}],"about":[{"href":"https:\/\/ceoparts.com\/de\/wp-json\/wp\/v2\/types\/product"}],"wp:featuredmedia":[{"embeddable":true,"href":"https:\/\/ceoparts.com\/de\/wp-json\/wp\/v2\/media\/15604"}],"wp:attachment":[{"href":"https:\/\/ceoparts.com\/de\/wp-json\/wp\/v2\/media?parent=15599"}],"wp:term":[{"taxonomy":"product_brand","embeddable":true,"href":"https:\/\/ceoparts.com\/de\/wp-json\/wp\/v2\/product_brand?post=15599"},{"taxonomy":"product_cat","embeddable":true,"href":"https:\/\/ceoparts.com\/de\/wp-json\/wp\/v2\/product_cat?post=15599"},{"taxonomy":"product_tag","embeddable":true,"href":"https:\/\/ceoparts.com\/de\/wp-json\/wp\/v2\/product_tag?post=15599"}],"curies":[{"name":"wp","href":"https:\/\/api.w.org\/{rel}","templated":true}]}}