{"id":15610,"date":"2025-03-01T11:47:29","date_gmt":"2025-03-01T08:47:29","guid":{"rendered":"https:\/\/ceoparts.com\/?post_type=product&#038;p=15610"},"modified":"2026-05-16T21:15:36","modified_gmt":"2026-05-16T18:15:36","slug":"linde-yakit-filtresi-0009839030","status":"publish","type":"product","link":"https:\/\/ceoparts.com\/de\/urun\/linde-yakit-filtresi-0009839030\/","title":{"rendered":"Linde Kraftstofffilter &#8211; 0009839030"},"content":{"rendered":"<p>Linde Kraftstofffilter &#8211; 0009839030<\/p>\n<p>H20<\/p>\n<p>H25<\/p>\n<p>H30<\/p>\n<p>H35<\/p>\n<p>H40<\/p>\n<p>H45<\/p>\n<p>H50<\/p>","protected":false},"excerpt":{"rendered":"<p data-start=\"0\" data-end=\"446\"><br data-start=\"1457\" data-end=\"1460\" \/>Der Linde Kraftstofffilter 0009839030 ist eine wichtige Komponente, die in Kraftstoffsystemen von Gabelstaplern und schweren Maschinen verwendet wird. Er verhindert, dass Schmutz, Ablagerungen und andere Verunreinigungen den Motor erreichen, sch\u00fctzt die Motorleistung und verl\u00e4ngert die Lebensdauer. Hergestellt aus hochwertigen Materialien bietet er langlebige Haltbarkeit und effiziente Filtration. Regelm\u00e4\u00dfiger Austausch verhindert Kraftstoffsystemausf\u00e4lle und verbessert die Betriebseffizienz.<\/p>\n<p data-start=\"1959\" data-end=\"2257\"><strong data-start=\"1959\" data-end=\"1977\">Eigenschaften:<\/strong><br data-start=\"1977\" data-end=\"1980\" \/><strong data-start=\"1980\" data-end=\"1996\">Produktcode:<\/strong> 0009839030<br data-start=\"2007\" data-end=\"2010\" \/><strong data-start=\"2010\" data-end=\"2024\">Anwendung:<\/strong> Kraftstoffsystem f\u00fcr Gabelstapler und schwere Maschinen<br data-start=\"2080\" data-end=\"2083\" \/><strong data-start=\"2083\" data-end=\"2098\">Filtration:<\/strong> Hohe Effizienz, f\u00e4ngt Schmutz und Ablagerungen auf<br data-start=\"2149\" data-end=\"2152\" \/><strong data-start=\"2152\" data-end=\"2168\">Haltbarkeit:<\/strong> Langlebig, hochwertiges Material<br data-start=\"2201\" data-end=\"2204\" \/><strong data-start=\"2204\" data-end=\"2217\">Leistung:<\/strong> Motorschutz und verbesserte Effizienz<\/p>\n<p data-start=\"2259\" data-end=\"2715\">\n","protected":false},"featured_media":15613,"template":"","meta":[],"product_brand":[],"product_cat":[523,246,498],"product_tag":[],"class_list":{"0":"post-15610","1":"product","2":"type-product","3":"status-publish","4":"has-post-thumbnail","6":"product_cat-yedek-parca-linde","7":"product_cat-linde","8":"product_cat-filtre-cesitleri","10":"first","11":"instock","12":"taxable","13":"shipping-taxable","14":"purchasable","15":"product-type-simple"},"_links":{"self":[{"href":"https:\/\/ceoparts.com\/de\/wp-json\/wp\/v2\/product\/15610","targetHints":{"allow":["GET"]}}],"collection":[{"href":"https:\/\/ceoparts.com\/de\/wp-json\/wp\/v2\/product"}],"about":[{"href":"https:\/\/ceoparts.com\/de\/wp-json\/wp\/v2\/types\/product"}],"wp:featuredmedia":[{"embeddable":true,"href":"https:\/\/ceoparts.com\/de\/wp-json\/wp\/v2\/media\/15613"}],"wp:attachment":[{"href":"https:\/\/ceoparts.com\/de\/wp-json\/wp\/v2\/media?parent=15610"}],"wp:term":[{"taxonomy":"product_brand","embeddable":true,"href":"https:\/\/ceoparts.com\/de\/wp-json\/wp\/v2\/product_brand?post=15610"},{"taxonomy":"product_cat","embeddable":true,"href":"https:\/\/ceoparts.com\/de\/wp-json\/wp\/v2\/product_cat?post=15610"},{"taxonomy":"product_tag","embeddable":true,"href":"https:\/\/ceoparts.com\/de\/wp-json\/wp\/v2\/product_tag?post=15610"}],"curies":[{"name":"wp","href":"https:\/\/api.w.org\/{rel}","templated":true}]}}