{"id":15644,"date":"2025-03-03T11:26:58","date_gmt":"2025-03-03T08:26:58","guid":{"rendered":"https:\/\/ceoparts.com\/?post_type=product&#038;p=15644"},"modified":"2026-05-16T15:28:38","modified_gmt":"2026-05-16T12:28:38","slug":"linde-direksiyon-aci-sensoru-7917415482","status":"publish","type":"product","link":"https:\/\/ceoparts.com\/de\/urun\/linde-direksiyon-aci-sensoru-7917415482\/","title":{"rendered":"Linde Lenkwinkelsensor &#8211; 7917415482"},"content":{"rendered":"<p>Linde Lenkwinkelsensor &#8211; 7917415482<\/p>","protected":false},"excerpt":{"rendered":"<p data-start=\"68\" data-end=\"469\"><strong data-start=\"68\" data-end=\"77\"><\/strong><br data-start=\"1094\" data-end=\"1097\" \/>Linde Lenkwinkelsensor \u2013 7917415482 ist ein wichtiger Sensor f\u00fcr Gabelstapler, der eine pr\u00e4zise und zuverl\u00e4ssige Steuerung gew\u00e4hrleistet. Er \u00fcbertr\u00e4gt die Lenkwinkel an das elektronische Steuerungssystem und verbessert so die Man\u00f6vrierf\u00e4higkeit und Betriebssicherheit.<\/p>\n<p data-start=\"1367\" data-end=\"1508\"><strong data-start=\"1367\" data-end=\"1385\">Eigenschaften:<\/strong><br data-start=\"1385\" data-end=\"1388\" \/><strong data-start=\"1388\" data-end=\"1404\">Teilenummer:<\/strong> 7917415482<br data-start=\"1415\" data-end=\"1418\" \/><strong data-start=\"1418\" data-end=\"1439\">Kompatible Marke:<\/strong> Linde<br data-start=\"1445\" data-end=\"1448\" \/><strong data-start=\"1448\" data-end=\"1461\">Funktion:<\/strong> Lenkwinkel-Erfassung<br data-start=\"1482\" data-end=\"1485\" \/><strong data-start=\"1485\" data-end=\"1501\">Haltbarkeit:<\/strong> Hoch<\/p>\n<p data-start=\"1510\" data-end=\"1760\"><strong data-start=\"1510\" data-end=\"1519\"><\/strong><\/p>\n","protected":false},"featured_media":15645,"template":"","meta":[],"product_brand":[],"product_cat":[246,469,523],"product_tag":[],"class_list":{"0":"post-15644","1":"product","2":"type-product","3":"status-publish","4":"has-post-thumbnail","6":"product_cat-linde","7":"product_cat-elektrik-ve-sistem-parcalari","8":"product_cat-yedek-parca-linde","10":"first","11":"instock","12":"taxable","13":"shipping-taxable","14":"purchasable","15":"product-type-simple"},"_links":{"self":[{"href":"https:\/\/ceoparts.com\/de\/wp-json\/wp\/v2\/product\/15644","targetHints":{"allow":["GET"]}}],"collection":[{"href":"https:\/\/ceoparts.com\/de\/wp-json\/wp\/v2\/product"}],"about":[{"href":"https:\/\/ceoparts.com\/de\/wp-json\/wp\/v2\/types\/product"}],"wp:featuredmedia":[{"embeddable":true,"href":"https:\/\/ceoparts.com\/de\/wp-json\/wp\/v2\/media\/15645"}],"wp:attachment":[{"href":"https:\/\/ceoparts.com\/de\/wp-json\/wp\/v2\/media?parent=15644"}],"wp:term":[{"taxonomy":"product_brand","embeddable":true,"href":"https:\/\/ceoparts.com\/de\/wp-json\/wp\/v2\/product_brand?post=15644"},{"taxonomy":"product_cat","embeddable":true,"href":"https:\/\/ceoparts.com\/de\/wp-json\/wp\/v2\/product_cat?post=15644"},{"taxonomy":"product_tag","embeddable":true,"href":"https:\/\/ceoparts.com\/de\/wp-json\/wp\/v2\/product_tag?post=15644"}],"curies":[{"name":"wp","href":"https:\/\/api.w.org\/{rel}","templated":true}]}}