{"id":15669,"date":"2025-03-03T13:27:38","date_gmt":"2025-03-03T10:27:38","guid":{"rendered":"https:\/\/ceoparts.com\/?post_type=product&#038;p=15669"},"modified":"2026-05-16T14:22:28","modified_gmt":"2026-05-16T11:22:28","slug":"linde-potansiyometre-3003604702","status":"publish","type":"product","link":"https:\/\/ceoparts.com\/de\/urun\/linde-potansiyometre-3003604702\/","title":{"rendered":"Linde Potentiometer &#8211; 3003604702"},"content":{"rendered":"<p>Linde Potentiometer &#8211; 3003604702<\/p>","protected":false},"excerpt":{"rendered":"<p data-start=\"0\" data-end=\"218\"><br data-start=\"934\" data-end=\"937\" \/>Der <strong data-start=\"941\" data-end=\"964\">Linde Potentiometer<\/strong> ist ein elektronisches Messger\u00e4t, das in Gabelstaplern und Industriemaschinen f\u00fcr pr\u00e4zise Steuerung verwendet wird. Es wandelt Bewegungsbefehle des Bedieners in elektrische Signale um und sorgt f\u00fcr Genauigkeit und Leistung.<\/p>\n<p data-start=\"1190\" data-end=\"1444\"><strong data-start=\"1190\" data-end=\"1208\">Eigenschaften:<\/strong><br data-start=\"1208\" data-end=\"1211\" \/><strong data-start=\"1211\" data-end=\"1227\">Teilenummer:<\/strong> 3003604702<br data-start=\"1238\" data-end=\"1241\" \/><strong data-start=\"1241\" data-end=\"1253\">Einsatz:<\/strong> Bewegungssteuerung in Gabelstaplern und Industriemaschinen<br data-start=\"1312\" data-end=\"1315\" \/><strong data-start=\"1315\" data-end=\"1328\">Funktion:<\/strong> Erzeugung elektrischer Signale und pr\u00e4zise Messung<br data-start=\"1383\" data-end=\"1386\" \/><strong data-start=\"1386\" data-end=\"1402\">Haltbarkeit:<\/strong> Langlebig durch hochwertige Materialien<\/p>\n<p data-start=\"1446\" data-end=\"1688\">\n","protected":false},"featured_media":15670,"template":"","meta":[],"product_brand":[],"product_cat":[246,469,523],"product_tag":[],"class_list":{"0":"post-15669","1":"product","2":"type-product","3":"status-publish","4":"has-post-thumbnail","6":"product_cat-linde","7":"product_cat-elektrik-ve-sistem-parcalari","8":"product_cat-yedek-parca-linde","10":"first","11":"instock","12":"taxable","13":"shipping-taxable","14":"purchasable","15":"product-type-simple"},"_links":{"self":[{"href":"https:\/\/ceoparts.com\/de\/wp-json\/wp\/v2\/product\/15669","targetHints":{"allow":["GET"]}}],"collection":[{"href":"https:\/\/ceoparts.com\/de\/wp-json\/wp\/v2\/product"}],"about":[{"href":"https:\/\/ceoparts.com\/de\/wp-json\/wp\/v2\/types\/product"}],"wp:featuredmedia":[{"embeddable":true,"href":"https:\/\/ceoparts.com\/de\/wp-json\/wp\/v2\/media\/15670"}],"wp:attachment":[{"href":"https:\/\/ceoparts.com\/de\/wp-json\/wp\/v2\/media?parent=15669"}],"wp:term":[{"taxonomy":"product_brand","embeddable":true,"href":"https:\/\/ceoparts.com\/de\/wp-json\/wp\/v2\/product_brand?post=15669"},{"taxonomy":"product_cat","embeddable":true,"href":"https:\/\/ceoparts.com\/de\/wp-json\/wp\/v2\/product_cat?post=15669"},{"taxonomy":"product_tag","embeddable":true,"href":"https:\/\/ceoparts.com\/de\/wp-json\/wp\/v2\/product_tag?post=15669"}],"curies":[{"name":"wp","href":"https:\/\/api.w.org\/{rel}","templated":true}]}}