{"id":15676,"date":"2025-03-03T13:51:12","date_gmt":"2025-03-03T10:51:12","guid":{"rendered":"https:\/\/ceoparts.com\/?post_type=product&#038;p=15676"},"modified":"2026-05-16T15:32:08","modified_gmt":"2026-05-16T12:32:08","slug":"linde-dingil-takozu-0009640122","status":"publish","type":"product","link":"https:\/\/ceoparts.com\/de\/urun\/linde-dingil-takozu-0009640122\/","title":{"rendered":"Linde Achslager &#8211; 0009640122"},"content":{"rendered":"<p>Linde Achslager &#8211; 0009640122<\/p>\n<p>STILL SERII:<br \/>\nR60<br \/>\n6012, 6013, 6015, 6016, 6022-25, 6026-29, 6036-45, 6046-49, 6321-25, 6327-29<br \/>\nR70<br \/>\n7062-64, 7068-70, 7321-24, 7325-28,<\/p>\n<p>LINDE<br \/>\n325 &#8211; E20\/25\/30, 331 &#8211; H20\/25\/30, 336 &#8211; E20\/25\/30, 336-02 &#8211; E20\/25\/30, 336-03 &#8211; E25\/30<br \/>\n351-01 &#8211; H20\/25\/30, 351-02 &#8211; H20\/25\/30, 351-03 &#8211; H20\/25\/30\/35, 392 &#8211; H20\/25, 393 &#8211; H25\/30\/35<\/p>","protected":false},"excerpt":{"rendered":"<p data-start=\"0\" data-end=\"208\"><br data-start=\"802\" data-end=\"805\" \/>Der <strong data-start=\"809\" data-end=\"828\">Linde Achsblock<\/strong> ist ein robustes Teil, das dazu entwickelt wurde, die Achse bei Gabelstaplern und Industriemaschinen zu sichern und deren Haltbarkeit zu erh\u00f6hen. Er erh\u00e4lt die strukturelle Integrit\u00e4t und sorgt f\u00fcr Betriebssicherheit.<\/p>\n<p data-start=\"1048\" data-end=\"1244\"><strong data-start=\"1048\" data-end=\"1066\">Eigenschaften:<\/strong><br data-start=\"1066\" data-end=\"1069\" \/><strong data-start=\"1069\" data-end=\"1085\">Teilenummer:<\/strong> 0009640122<br data-start=\"1096\" data-end=\"1099\" \/><strong data-start=\"1099\" data-end=\"1111\">Einsatz:<\/strong> Gabelstapler und Industriemaschinen<br data-start=\"1147\" data-end=\"1150\" \/><strong data-start=\"1150\" data-end=\"1163\">Funktion:<\/strong> Achssicherung und Unterst\u00fctzung<br data-start=\"1199\" data-end=\"1202\" \/><strong data-start=\"1202\" data-end=\"1218\">Haltbarkeit:<\/strong> Hochfestes Material<\/p>\n<p data-start=\"1246\" data-end=\"1451\">\n","protected":false},"featured_media":15678,"template":"","meta":[],"product_brand":[],"product_cat":[241,246,470,523,524],"product_tag":[],"class_list":{"0":"post-15676","1":"product","2":"type-product","3":"status-publish","4":"has-post-thumbnail","6":"product_cat-still","7":"product_cat-linde","8":"product_cat-diger-yedek-parcalar","9":"product_cat-yedek-parca-linde","10":"product_cat-yedek-parca-still","12":"first","13":"instock","14":"taxable","15":"shipping-taxable","16":"purchasable","17":"product-type-simple"},"_links":{"self":[{"href":"https:\/\/ceoparts.com\/de\/wp-json\/wp\/v2\/product\/15676","targetHints":{"allow":["GET"]}}],"collection":[{"href":"https:\/\/ceoparts.com\/de\/wp-json\/wp\/v2\/product"}],"about":[{"href":"https:\/\/ceoparts.com\/de\/wp-json\/wp\/v2\/types\/product"}],"wp:featuredmedia":[{"embeddable":true,"href":"https:\/\/ceoparts.com\/de\/wp-json\/wp\/v2\/media\/15678"}],"wp:attachment":[{"href":"https:\/\/ceoparts.com\/de\/wp-json\/wp\/v2\/media?parent=15676"}],"wp:term":[{"taxonomy":"product_brand","embeddable":true,"href":"https:\/\/ceoparts.com\/de\/wp-json\/wp\/v2\/product_brand?post=15676"},{"taxonomy":"product_cat","embeddable":true,"href":"https:\/\/ceoparts.com\/de\/wp-json\/wp\/v2\/product_cat?post=15676"},{"taxonomy":"product_tag","embeddable":true,"href":"https:\/\/ceoparts.com\/de\/wp-json\/wp\/v2\/product_tag?post=15676"}],"curies":[{"name":"wp","href":"https:\/\/api.w.org\/{rel}","templated":true}]}}