{"id":15681,"date":"2025-03-03T13:59:04","date_gmt":"2025-03-03T10:59:04","guid":{"rendered":"https:\/\/ceoparts.com\/?post_type=product&#038;p=15681"},"modified":"2026-05-16T17:51:35","modified_gmt":"2026-05-16T14:51:35","slug":"linde-hava-filtresi-0009839001","status":"publish","type":"product","link":"https:\/\/ceoparts.com\/de\/urun\/linde-hava-filtresi-0009839001\/","title":{"rendered":"Linde Luftfilter &#8211; 0009839001"},"content":{"rendered":"<p>Linde Luftfilter &#8211; 0009839001<\/p>\n<table dir=\"ltr\" border=\"0\" width=\"261\" cellspacing=\"0\" cellpadding=\"2\">\n<tbody>\n<tr>\n<td height=\"19\">\n<p align=\"left\"><span style=\"font-family: Calibri; font-size: medium;\">linde-393-01-H25-H30-H35-2011<\/span><\/p>\n<\/td>\n<\/tr>\n<tr>\n<td height=\"19\">\n<p align=\"left\"><span style=\"font-family: Calibri; font-size: medium;\">linde-392-01-H20-H25-2011<\/span><\/p>\n<\/td>\n<\/tr>\n<tr>\n<td height=\"19\">\n<p align=\"left\"><span style=\"font-family: Calibri; font-size: medium;\">linde-391-01-H14-H16-H18-H20-2011<\/span><\/p>\n<\/td>\n<\/tr>\n<\/tbody>\n<\/table>","protected":false},"excerpt":{"rendered":"<p data-start=\"0\" data-end=\"211\"><br data-start=\"842\" data-end=\"845\" \/>Der <strong data-start=\"849\" data-end=\"869\">Linde Luftfilter<\/strong> ist entscheidend f\u00fcr den effizienten Betrieb von Gabelstapler- und Industriemaschinenmotoren. Er h\u00e4lt sch\u00e4dliche Partikel wie Staub und Schmutz zur\u00fcck, verl\u00e4ngert die Motorlebensdauer und verbessert die Leistung.<\/p>\n<p data-start=\"1084\" data-end=\"1297\"><strong data-start=\"1084\" data-end=\"1102\">Eigenschaften:<\/strong><br data-start=\"1102\" data-end=\"1105\" \/><strong data-start=\"1105\" data-end=\"1121\">Teilenummer:<\/strong> 0009839001<br data-start=\"1132\" data-end=\"1135\" \/><strong data-start=\"1135\" data-end=\"1147\">Einsatz:<\/strong> Gabelstapler und Industriemaschinen<br data-start=\"1183\" data-end=\"1186\" \/><strong data-start=\"1186\" data-end=\"1199\">Funktion:<\/strong> Reinigt die Motorluft<br data-start=\"1225\" data-end=\"1228\" \/><strong data-start=\"1228\" data-end=\"1244\">Haltbarkeit:<\/strong> Hohe Filterkapazit\u00e4t und lange Lebensdauer<\/p>\n<p data-start=\"1299\" data-end=\"1537\">\n","protected":false},"featured_media":15683,"template":"","meta":[],"product_brand":[],"product_cat":[246,498,523],"product_tag":[],"class_list":{"0":"post-15681","1":"product","2":"type-product","3":"status-publish","4":"has-post-thumbnail","6":"product_cat-linde","7":"product_cat-filtre-cesitleri","8":"product_cat-yedek-parca-linde","10":"first","11":"instock","12":"taxable","13":"shipping-taxable","14":"purchasable","15":"product-type-simple"},"_links":{"self":[{"href":"https:\/\/ceoparts.com\/de\/wp-json\/wp\/v2\/product\/15681","targetHints":{"allow":["GET"]}}],"collection":[{"href":"https:\/\/ceoparts.com\/de\/wp-json\/wp\/v2\/product"}],"about":[{"href":"https:\/\/ceoparts.com\/de\/wp-json\/wp\/v2\/types\/product"}],"wp:featuredmedia":[{"embeddable":true,"href":"https:\/\/ceoparts.com\/de\/wp-json\/wp\/v2\/media\/15683"}],"wp:attachment":[{"href":"https:\/\/ceoparts.com\/de\/wp-json\/wp\/v2\/media?parent=15681"}],"wp:term":[{"taxonomy":"product_brand","embeddable":true,"href":"https:\/\/ceoparts.com\/de\/wp-json\/wp\/v2\/product_brand?post=15681"},{"taxonomy":"product_cat","embeddable":true,"href":"https:\/\/ceoparts.com\/de\/wp-json\/wp\/v2\/product_cat?post=15681"},{"taxonomy":"product_tag","embeddable":true,"href":"https:\/\/ceoparts.com\/de\/wp-json\/wp\/v2\/product_tag?post=15681"}],"curies":[{"name":"wp","href":"https:\/\/api.w.org\/{rel}","templated":true}]}}