{"id":15689,"date":"2025-03-03T14:35:30","date_gmt":"2025-03-03T11:35:30","guid":{"rendered":"https:\/\/ceoparts.com\/?post_type=product&#038;p=15689"},"modified":"2026-05-16T20:15:49","modified_gmt":"2026-05-16T17:15:49","slug":"linde-fren-yay-saci-1834462237","status":"publish","type":"product","link":"https:\/\/ceoparts.com\/de\/urun\/linde-fren-yay-saci-1834462237\/","title":{"rendered":"Linde Bremsfederplatte &#8211; 1834462237"},"content":{"rendered":"<p>Linde Bremsfederplatte &#8211; 1834462237<\/p>","protected":false},"excerpt":{"rendered":"<p data-start=\"0\" data-end=\"187\"><br data-start=\"824\" data-end=\"827\" \/>Die <strong data-start=\"831\" data-end=\"857\">Linde Bremsfederplatte<\/strong> ist eine langlebige und hochwertige Federplatte, die in Gabelstaplern und schweren Maschinen verwendet wird. Sie sorgt f\u00fcr die ordnungsgem\u00e4\u00dfe Funktion des Bremssystems und erh\u00f6ht die Sicherheit.<\/p>\n<p data-start=\"1054\" data-end=\"1293\"><strong data-start=\"1054\" data-end=\"1072\">Eigenschaften:<\/strong><br data-start=\"1072\" data-end=\"1075\" \/><strong data-start=\"1075\" data-end=\"1091\">Teilenummer:<\/strong> 1834462237<br data-start=\"1102\" data-end=\"1105\" \/><strong data-start=\"1105\" data-end=\"1117\">Einsatz:<\/strong> Gabelstapler und schwere Maschinen<br data-start=\"1152\" data-end=\"1155\" \/><strong data-start=\"1155\" data-end=\"1168\">Funktion:<\/strong> Bremsfederplatte, Unterst\u00fctzung des Bremssystems<br data-start=\"1225\" data-end=\"1228\" \/><strong data-start=\"1228\" data-end=\"1244\">Haltbarkeit:<\/strong> Hohe Haltbarkeit und lange Lebensdauer<\/p>\n<p data-start=\"1295\" data-end=\"1506\">\n","protected":false},"featured_media":15690,"template":"","meta":[],"product_brand":[],"product_cat":[246,470,523],"product_tag":[],"class_list":{"0":"post-15689","1":"product","2":"type-product","3":"status-publish","4":"has-post-thumbnail","6":"product_cat-linde","7":"product_cat-diger-yedek-parcalar","8":"product_cat-yedek-parca-linde","10":"first","11":"instock","12":"taxable","13":"shipping-taxable","14":"purchasable","15":"product-type-simple"},"_links":{"self":[{"href":"https:\/\/ceoparts.com\/de\/wp-json\/wp\/v2\/product\/15689","targetHints":{"allow":["GET"]}}],"collection":[{"href":"https:\/\/ceoparts.com\/de\/wp-json\/wp\/v2\/product"}],"about":[{"href":"https:\/\/ceoparts.com\/de\/wp-json\/wp\/v2\/types\/product"}],"wp:featuredmedia":[{"embeddable":true,"href":"https:\/\/ceoparts.com\/de\/wp-json\/wp\/v2\/media\/15690"}],"wp:attachment":[{"href":"https:\/\/ceoparts.com\/de\/wp-json\/wp\/v2\/media?parent=15689"}],"wp:term":[{"taxonomy":"product_brand","embeddable":true,"href":"https:\/\/ceoparts.com\/de\/wp-json\/wp\/v2\/product_brand?post=15689"},{"taxonomy":"product_cat","embeddable":true,"href":"https:\/\/ceoparts.com\/de\/wp-json\/wp\/v2\/product_cat?post=15689"},{"taxonomy":"product_tag","embeddable":true,"href":"https:\/\/ceoparts.com\/de\/wp-json\/wp\/v2\/product_tag?post=15689"}],"curies":[{"name":"wp","href":"https:\/\/api.w.org\/{rel}","templated":true}]}}