{"id":15706,"date":"2025-03-03T15:45:54","date_gmt":"2025-03-03T12:45:54","guid":{"rendered":"https:\/\/ceoparts.com\/?post_type=product&#038;p=15706"},"modified":"2026-05-16T22:19:20","modified_gmt":"2026-05-16T19:19:20","slug":"linde-boru-aksami-1844401442","status":"publish","type":"product","link":"https:\/\/ceoparts.com\/de\/urun\/linde-boru-aksami-1844401442\/","title":{"rendered":"Linde Rohrleitung &#8211; 1844401442"},"content":{"rendered":"<p>Linde Rohrleitung &#8211; 1844401442<\/p>","protected":false},"excerpt":{"rendered":"<p data-start=\"0\" data-end=\"214\"><br data-start=\"742\" data-end=\"745\" \/>Die <strong data-start=\"749\" data-end=\"772\">Linde Rohrbaugruppe<\/strong> besteht aus langlebigen, hochwertigen Rohrverbindungen, die in Gabelstaplern und schweren Maschinen verwendet werden. Sie sorgt f\u00fcr Zuverl\u00e4ssigkeit und eine lange Lebensdauer in hydraulischen und anderen Fl\u00fcssigkeitssystemen.<\/p>\n<p data-start=\"1000\" data-end=\"1170\"><strong data-start=\"1000\" data-end=\"1018\">Eigenschaften:<\/strong><br data-start=\"1018\" data-end=\"1021\" \/><strong data-start=\"1021\" data-end=\"1037\">Teilenummer:<\/strong> 1844401442<br data-start=\"1048\" data-end=\"1051\" \/><strong data-start=\"1051\" data-end=\"1063\">Einsatz:<\/strong> Gabelstapler und schwere Maschinen<br data-start=\"1098\" data-end=\"1101\" \/><strong data-start=\"1101\" data-end=\"1113\">Vorteil:<\/strong> Hohe Haltbarkeit und zuverl\u00e4ssige Verbindungen<\/p>\n<p data-start=\"1172\" data-end=\"1393\">\n","protected":false},"featured_media":15708,"template":"","meta":[],"product_brand":[],"product_cat":[246,470,523],"product_tag":[],"class_list":{"0":"post-15706","1":"product","2":"type-product","3":"status-publish","4":"has-post-thumbnail","6":"product_cat-linde","7":"product_cat-diger-yedek-parcalar","8":"product_cat-yedek-parca-linde","10":"first","11":"instock","12":"taxable","13":"shipping-taxable","14":"purchasable","15":"product-type-simple"},"_links":{"self":[{"href":"https:\/\/ceoparts.com\/de\/wp-json\/wp\/v2\/product\/15706","targetHints":{"allow":["GET"]}}],"collection":[{"href":"https:\/\/ceoparts.com\/de\/wp-json\/wp\/v2\/product"}],"about":[{"href":"https:\/\/ceoparts.com\/de\/wp-json\/wp\/v2\/types\/product"}],"wp:featuredmedia":[{"embeddable":true,"href":"https:\/\/ceoparts.com\/de\/wp-json\/wp\/v2\/media\/15708"}],"wp:attachment":[{"href":"https:\/\/ceoparts.com\/de\/wp-json\/wp\/v2\/media?parent=15706"}],"wp:term":[{"taxonomy":"product_brand","embeddable":true,"href":"https:\/\/ceoparts.com\/de\/wp-json\/wp\/v2\/product_brand?post=15706"},{"taxonomy":"product_cat","embeddable":true,"href":"https:\/\/ceoparts.com\/de\/wp-json\/wp\/v2\/product_cat?post=15706"},{"taxonomy":"product_tag","embeddable":true,"href":"https:\/\/ceoparts.com\/de\/wp-json\/wp\/v2\/product_tag?post=15706"}],"curies":[{"name":"wp","href":"https:\/\/api.w.org\/{rel}","templated":true}]}}