{"id":15710,"date":"2025-03-03T16:02:03","date_gmt":"2025-03-03T13:02:03","guid":{"rendered":"https:\/\/ceoparts.com\/?post_type=product&#038;p=15710"},"modified":"2026-05-16T22:38:41","modified_gmt":"2026-05-16T19:38:41","slug":"linde-hidrolik-filtre-0009831710","status":"publish","type":"product","link":"https:\/\/ceoparts.com\/de\/urun\/linde-hidrolik-filtre-0009831710\/","title":{"rendered":"Linde Hydraulikfilter &#8211; 0009831710"},"content":{"rendered":"<p>Linde Hydraulikfilter &#8211; 0009831710<\/p>\n<p>Linde<\/p>\n<p>&nbsp;<\/p>\n<table dir=\"ltr\" border=\"0\" width=\"298\" cellspacing=\"0\" cellpadding=\"2\">\n<tbody>\n<tr>\n<td height=\"19\">\n<p align=\"left\">linde-346-E18-E20-E20P-2011<\/p>\n<\/td>\n<\/tr>\n<tr>\n<td height=\"19\">\n<p align=\"left\">linde-386-E12-E14-E15-E16-E18-E20-2011<\/p>\n<\/td>\n<\/tr>\n<tr>\n<td height=\"19\">\n<p align=\"left\">linde-1313-01-H25-H27-H30-H32<\/p>\n<\/td>\n<\/tr>\n<\/tbody>\n<\/table>","protected":false},"excerpt":{"rendered":"<p data-start=\"0\" data-end=\"252\"><br data-start=\"849\" data-end=\"852\" \/>Der <strong data-start=\"856\" data-end=\"881\">Linde Hydraulikfilter<\/strong> ist ein langlebiger Filter, der f\u00fcr Gabelstapler und schwere Maschinen entwickelt wurde, um einen sauberen und effizienten Betrieb des Hydrauliksystems zu gew\u00e4hrleisten. Er h\u00e4lt Schmutz und Partikel effektiv zur\u00fcck und verl\u00e4ngert die Lebensdauer der Hydraulikkomponenten.<\/p>\n<p data-start=\"1155\" data-end=\"1321\"><strong data-start=\"1155\" data-end=\"1173\">Eigenschaften:<\/strong><br data-start=\"1173\" data-end=\"1176\" \/><strong data-start=\"1176\" data-end=\"1192\">Teilenummer:<\/strong> 0009831710<br data-start=\"1203\" data-end=\"1206\" \/><strong data-start=\"1206\" data-end=\"1218\">Einsatz:<\/strong> Gabelstapler und schwere Maschinen<br data-start=\"1253\" data-end=\"1256\" \/><strong data-start=\"1256\" data-end=\"1268\">Vorteil:<\/strong> Hohe Filterleistung und langlebiges Design<\/p>\n<p data-start=\"1323\" data-end=\"1585\">\n","protected":false},"featured_media":15712,"template":"","meta":[],"product_brand":[],"product_cat":[246,498,523],"product_tag":[],"class_list":{"0":"post-15710","1":"product","2":"type-product","3":"status-publish","4":"has-post-thumbnail","6":"product_cat-linde","7":"product_cat-filtre-cesitleri","8":"product_cat-yedek-parca-linde","10":"first","11":"instock","12":"taxable","13":"shipping-taxable","14":"purchasable","15":"product-type-simple"},"_links":{"self":[{"href":"https:\/\/ceoparts.com\/de\/wp-json\/wp\/v2\/product\/15710","targetHints":{"allow":["GET"]}}],"collection":[{"href":"https:\/\/ceoparts.com\/de\/wp-json\/wp\/v2\/product"}],"about":[{"href":"https:\/\/ceoparts.com\/de\/wp-json\/wp\/v2\/types\/product"}],"wp:featuredmedia":[{"embeddable":true,"href":"https:\/\/ceoparts.com\/de\/wp-json\/wp\/v2\/media\/15712"}],"wp:attachment":[{"href":"https:\/\/ceoparts.com\/de\/wp-json\/wp\/v2\/media?parent=15710"}],"wp:term":[{"taxonomy":"product_brand","embeddable":true,"href":"https:\/\/ceoparts.com\/de\/wp-json\/wp\/v2\/product_brand?post=15710"},{"taxonomy":"product_cat","embeddable":true,"href":"https:\/\/ceoparts.com\/de\/wp-json\/wp\/v2\/product_cat?post=15710"},{"taxonomy":"product_tag","embeddable":true,"href":"https:\/\/ceoparts.com\/de\/wp-json\/wp\/v2\/product_tag?post=15710"}],"curies":[{"name":"wp","href":"https:\/\/api.w.org\/{rel}","templated":true}]}}