{"id":15715,"date":"2025-03-03T16:09:50","date_gmt":"2025-03-03T13:09:50","guid":{"rendered":"https:\/\/ceoparts.com\/?post_type=product&#038;p=15715"},"modified":"2026-05-16T21:36:20","modified_gmt":"2026-05-16T18:36:20","slug":"linde-baglanti-direksiyon-silindiri-3014501302-147182","status":"publish","type":"product","link":"https:\/\/ceoparts.com\/de\/urun\/linde-baglanti-direksiyon-silindiri-3014501302-147182\/","title":{"rendered":"Linde Lenkradzylinder Verbindung &#8211; 3014501302, 147182"},"content":{"rendered":"<p>Linde Lenkradzylinder Verbindung &#8211; 3014501302, 147182<\/p>\n<p><\/p>","protected":false},"excerpt":{"rendered":"<p data-start=\"0\" data-end=\"208\"><br data-start=\"734\" data-end=\"737\" \/>Die <strong data-start=\"741\" data-end=\"774\">Linde Lenkzylinder-Verbindung<\/strong> ist ein hochwertiges, langlebiges Teil, das f\u00fcr Gabelstapler und schwere Maschinen entwickelt wurde. Es verbessert die Lenkpr\u00e4zision und sorgt f\u00fcr sicheres Fahren.<\/p>\n<p data-start=\"940\" data-end=\"1123\"><strong data-start=\"940\" data-end=\"958\">Eigenschaften:<\/strong><br data-start=\"958\" data-end=\"961\" \/><strong data-start=\"961\" data-end=\"978\">Teilenummern:<\/strong> 3014501302, 147182<br data-start=\"997\" data-end=\"1000\" \/><strong data-start=\"1000\" data-end=\"1012\">Einsatz:<\/strong> Gabelstapler und schwere Maschinen<br data-start=\"1047\" data-end=\"1050\" \/><strong data-start=\"1050\" data-end=\"1062\">Vorteil:<\/strong> Hohe Haltbarkeit und ausgezeichnete Kompatibilit\u00e4t<\/p>\n<p data-start=\"1125\" data-end=\"1340\">\n","protected":false},"featured_media":15717,"template":"","meta":[],"product_brand":[],"product_cat":[241,246,470,523,524],"product_tag":[],"class_list":{"0":"post-15715","1":"product","2":"type-product","3":"status-publish","4":"has-post-thumbnail","6":"product_cat-still","7":"product_cat-linde","8":"product_cat-diger-yedek-parcalar","9":"product_cat-yedek-parca-linde","10":"product_cat-yedek-parca-still","12":"first","13":"instock","14":"taxable","15":"shipping-taxable","16":"purchasable","17":"product-type-simple"},"_links":{"self":[{"href":"https:\/\/ceoparts.com\/de\/wp-json\/wp\/v2\/product\/15715","targetHints":{"allow":["GET"]}}],"collection":[{"href":"https:\/\/ceoparts.com\/de\/wp-json\/wp\/v2\/product"}],"about":[{"href":"https:\/\/ceoparts.com\/de\/wp-json\/wp\/v2\/types\/product"}],"wp:featuredmedia":[{"embeddable":true,"href":"https:\/\/ceoparts.com\/de\/wp-json\/wp\/v2\/media\/15717"}],"wp:attachment":[{"href":"https:\/\/ceoparts.com\/de\/wp-json\/wp\/v2\/media?parent=15715"}],"wp:term":[{"taxonomy":"product_brand","embeddable":true,"href":"https:\/\/ceoparts.com\/de\/wp-json\/wp\/v2\/product_brand?post=15715"},{"taxonomy":"product_cat","embeddable":true,"href":"https:\/\/ceoparts.com\/de\/wp-json\/wp\/v2\/product_cat?post=15715"},{"taxonomy":"product_tag","embeddable":true,"href":"https:\/\/ceoparts.com\/de\/wp-json\/wp\/v2\/product_tag?post=15715"}],"curies":[{"name":"wp","href":"https:\/\/api.w.org\/{rel}","templated":true}]}}