{"id":15723,"date":"2025-03-03T16:44:33","date_gmt":"2025-03-03T13:44:33","guid":{"rendered":"https:\/\/ceoparts.com\/?post_type=product&#038;p=15723"},"modified":"2026-05-16T23:42:47","modified_gmt":"2026-05-16T20:42:47","slug":"linde-hidrolik-filtre-0009837004","status":"publish","type":"product","link":"https:\/\/ceoparts.com\/de\/urun\/linde-hidrolik-filtre-0009837004\/","title":{"rendered":"Linde Hydraulikfilter &#8211; 0009837004"},"content":{"rendered":"<p>Linde Hydraulikfilter &#8211; 0009837004<\/p>","protected":false},"excerpt":{"rendered":"<p data-start=\"0\" data-end=\"224\"><br data-start=\"844\" data-end=\"847\" \/>Der <strong data-start=\"851\" data-end=\"876\">Linde Hydraulikfilter<\/strong> ist ein hochwertiger Filter, der speziell f\u00fcr Gabelstapler und schwere Maschinen entwickelt wurde. Er gew\u00e4hrleistet eine saubere und effiziente Funktion der Hydrauliksysteme, verl\u00e4ngert die Systemlebensdauer und verhindert Ausf\u00e4lle.<\/p>\n<p data-start=\"1111\" data-end=\"1303\"><strong data-start=\"1111\" data-end=\"1129\">Eigenschaften:<\/strong><br data-start=\"1129\" data-end=\"1132\" \/><strong data-start=\"1132\" data-end=\"1148\">Teilenummer:<\/strong> 0009837004<br data-start=\"1159\" data-end=\"1162\" \/><strong data-start=\"1162\" data-end=\"1170\">Typ:<\/strong> Hydraulikfilter<br data-start=\"1186\" data-end=\"1189\" \/><strong data-start=\"1189\" data-end=\"1201\">Einsatz:<\/strong> Gabelstapler und schwere Maschinen<br data-start=\"1236\" data-end=\"1239\" \/><strong data-start=\"1239\" data-end=\"1251\">Vorteil:<\/strong> Hohe Filterkapazit\u00e4t und robuste Bauweise<\/p>\n<p data-start=\"1305\" data-end=\"1554\">\n<p>linde-386-E12-E14-E15-E16-E18-E20<\/p>\n","protected":false},"featured_media":15724,"template":"","meta":[],"product_brand":[],"product_cat":[246,498,523],"product_tag":[],"class_list":{"0":"post-15723","1":"product","2":"type-product","3":"status-publish","4":"has-post-thumbnail","6":"product_cat-linde","7":"product_cat-filtre-cesitleri","8":"product_cat-yedek-parca-linde","10":"first","11":"instock","12":"taxable","13":"shipping-taxable","14":"purchasable","15":"product-type-simple"},"_links":{"self":[{"href":"https:\/\/ceoparts.com\/de\/wp-json\/wp\/v2\/product\/15723","targetHints":{"allow":["GET"]}}],"collection":[{"href":"https:\/\/ceoparts.com\/de\/wp-json\/wp\/v2\/product"}],"about":[{"href":"https:\/\/ceoparts.com\/de\/wp-json\/wp\/v2\/types\/product"}],"wp:featuredmedia":[{"embeddable":true,"href":"https:\/\/ceoparts.com\/de\/wp-json\/wp\/v2\/media\/15724"}],"wp:attachment":[{"href":"https:\/\/ceoparts.com\/de\/wp-json\/wp\/v2\/media?parent=15723"}],"wp:term":[{"taxonomy":"product_brand","embeddable":true,"href":"https:\/\/ceoparts.com\/de\/wp-json\/wp\/v2\/product_brand?post=15723"},{"taxonomy":"product_cat","embeddable":true,"href":"https:\/\/ceoparts.com\/de\/wp-json\/wp\/v2\/product_cat?post=15723"},{"taxonomy":"product_tag","embeddable":true,"href":"https:\/\/ceoparts.com\/de\/wp-json\/wp\/v2\/product_tag?post=15723"}],"curies":[{"name":"wp","href":"https:\/\/api.w.org\/{rel}","templated":true}]}}