{"id":15728,"date":"2025-03-03T16:58:47","date_gmt":"2025-03-03T13:58:47","guid":{"rendered":"https:\/\/ceoparts.com\/?post_type=product&#038;p=15728"},"modified":"2026-05-16T22:26:04","modified_gmt":"2026-05-16T19:26:04","slug":"linde-hava-filtresi-0009839008","status":"publish","type":"product","link":"https:\/\/ceoparts.com\/de\/urun\/linde-hava-filtresi-0009839008\/","title":{"rendered":"Linde Luftfilter &#8211; 0009839008"},"content":{"rendered":"<p>Linde Luftfilter &#8211; 0009839008<\/p>","protected":false},"excerpt":{"rendered":"<p data-start=\"0\" data-end=\"196\"><br data-start=\"763\" data-end=\"766\" \/>Der <strong data-start=\"770\" data-end=\"790\">Linde Luftfilter<\/strong> ist ein hochwertiger Filter f\u00fcr Gabelstapler und schwere Maschinen. Er sorgt f\u00fcr saubere Luftzufuhr, verbessert die Leistung und verl\u00e4ngert die Lebensdauer des Motors.<\/p>\n<p data-start=\"960\" data-end=\"1147\"><strong data-start=\"960\" data-end=\"978\">Eigenschaften:<\/strong><br data-start=\"978\" data-end=\"981\" \/><strong data-start=\"981\" data-end=\"997\">Teilenummer:<\/strong> 0009839008<br data-start=\"1008\" data-end=\"1011\" \/><strong data-start=\"1011\" data-end=\"1019\">Typ:<\/strong> Luftfilter<br data-start=\"1030\" data-end=\"1033\" \/><strong data-start=\"1033\" data-end=\"1045\">Einsatz:<\/strong> Gabelstapler und schwere Maschinen<br data-start=\"1080\" data-end=\"1083\" \/><strong data-start=\"1083\" data-end=\"1095\">Vorteil:<\/strong> Hohe Filtereffizienz und robuste Bauweise<\/p>\n<p data-start=\"1149\" data-end=\"1362\">\n","protected":false},"featured_media":15730,"template":"","meta":[],"product_brand":[],"product_cat":[246,498,523],"product_tag":[],"class_list":{"0":"post-15728","1":"product","2":"type-product","3":"status-publish","4":"has-post-thumbnail","6":"product_cat-linde","7":"product_cat-filtre-cesitleri","8":"product_cat-yedek-parca-linde","10":"first","11":"instock","12":"taxable","13":"shipping-taxable","14":"purchasable","15":"product-type-simple"},"_links":{"self":[{"href":"https:\/\/ceoparts.com\/de\/wp-json\/wp\/v2\/product\/15728","targetHints":{"allow":["GET"]}}],"collection":[{"href":"https:\/\/ceoparts.com\/de\/wp-json\/wp\/v2\/product"}],"about":[{"href":"https:\/\/ceoparts.com\/de\/wp-json\/wp\/v2\/types\/product"}],"wp:featuredmedia":[{"embeddable":true,"href":"https:\/\/ceoparts.com\/de\/wp-json\/wp\/v2\/media\/15730"}],"wp:attachment":[{"href":"https:\/\/ceoparts.com\/de\/wp-json\/wp\/v2\/media?parent=15728"}],"wp:term":[{"taxonomy":"product_brand","embeddable":true,"href":"https:\/\/ceoparts.com\/de\/wp-json\/wp\/v2\/product_brand?post=15728"},{"taxonomy":"product_cat","embeddable":true,"href":"https:\/\/ceoparts.com\/de\/wp-json\/wp\/v2\/product_cat?post=15728"},{"taxonomy":"product_tag","embeddable":true,"href":"https:\/\/ceoparts.com\/de\/wp-json\/wp\/v2\/product_tag?post=15728"}],"curies":[{"name":"wp","href":"https:\/\/api.w.org\/{rel}","templated":true}]}}