{"id":15767,"date":"2025-03-04T09:58:33","date_gmt":"2025-03-04T06:58:33","guid":{"rendered":"https:\/\/ceoparts.com\/?post_type=product&#038;p=15767"},"modified":"2026-05-16T17:41:35","modified_gmt":"2026-05-16T14:41:35","slug":"linde-koruyucu-plaka-1814402501","status":"publish","type":"product","link":"https:\/\/ceoparts.com\/de\/urun\/linde-koruyucu-plaka-1814402501\/","title":{"rendered":"Linde Schutzplatte &#8211; 1814402501"},"content":{"rendered":"<p>Linde Schutzplatte &#8211; 1814402501<\/p>","protected":false},"excerpt":{"rendered":"<p data-start=\"0\" data-end=\"222\"><br data-start=\"811\" data-end=\"814\" \/>Die <strong data-start=\"818\" data-end=\"840\">Linde Schutzplatte<\/strong> ist ein langlebiges Schutzteil, das wichtige Komponenten in Gabelstaplern und schweren Maschinen vor \u00e4u\u00dferen Einfl\u00fcssen sch\u00fctzt. Hergestellt aus hochwertigem Material, garantiert sie eine lange Lebensdauer.<\/p>\n<p data-start=\"1049\" data-end=\"1238\"><strong data-start=\"1049\" data-end=\"1067\">Eigenschaften:<\/strong><br data-start=\"1067\" data-end=\"1070\" \/><strong data-start=\"1070\" data-end=\"1086\">Teilenummer:<\/strong> 1814402501<br data-start=\"1097\" data-end=\"1100\" \/><strong data-start=\"1100\" data-end=\"1108\">Typ:<\/strong> Schutzplatte<br data-start=\"1121\" data-end=\"1124\" \/><strong data-start=\"1124\" data-end=\"1136\">Einsatz:<\/strong> Gabelstapler und schwere Maschinen<br data-start=\"1171\" data-end=\"1174\" \/><strong data-start=\"1174\" data-end=\"1186\">Vorteil:<\/strong> Hohe Haltbarkeit und zuverl\u00e4ssiger Schutz<\/p>\n<p data-start=\"1240\" data-end=\"1479\">\n","protected":false},"featured_media":15768,"template":"","meta":[],"product_brand":[],"product_cat":[246,470,523],"product_tag":[],"class_list":{"0":"post-15767","1":"product","2":"type-product","3":"status-publish","4":"has-post-thumbnail","6":"product_cat-linde","7":"product_cat-diger-yedek-parcalar","8":"product_cat-yedek-parca-linde","10":"first","11":"instock","12":"taxable","13":"shipping-taxable","14":"purchasable","15":"product-type-simple"},"_links":{"self":[{"href":"https:\/\/ceoparts.com\/de\/wp-json\/wp\/v2\/product\/15767","targetHints":{"allow":["GET"]}}],"collection":[{"href":"https:\/\/ceoparts.com\/de\/wp-json\/wp\/v2\/product"}],"about":[{"href":"https:\/\/ceoparts.com\/de\/wp-json\/wp\/v2\/types\/product"}],"wp:featuredmedia":[{"embeddable":true,"href":"https:\/\/ceoparts.com\/de\/wp-json\/wp\/v2\/media\/15768"}],"wp:attachment":[{"href":"https:\/\/ceoparts.com\/de\/wp-json\/wp\/v2\/media?parent=15767"}],"wp:term":[{"taxonomy":"product_brand","embeddable":true,"href":"https:\/\/ceoparts.com\/de\/wp-json\/wp\/v2\/product_brand?post=15767"},{"taxonomy":"product_cat","embeddable":true,"href":"https:\/\/ceoparts.com\/de\/wp-json\/wp\/v2\/product_cat?post=15767"},{"taxonomy":"product_tag","embeddable":true,"href":"https:\/\/ceoparts.com\/de\/wp-json\/wp\/v2\/product_tag?post=15767"}],"curies":[{"name":"wp","href":"https:\/\/api.w.org\/{rel}","templated":true}]}}