{"id":15792,"date":"2025-03-04T11:27:54","date_gmt":"2025-03-04T08:27:54","guid":{"rendered":"https:\/\/ceoparts.com\/?post_type=product&#038;p=15792"},"modified":"2026-05-16T20:54:43","modified_gmt":"2026-05-16T17:54:43","slug":"linde-esnek-sekillendirilmis-hortum-1314484080","status":"publish","type":"product","link":"https:\/\/ceoparts.com\/de\/urun\/linde-esnek-sekillendirilmis-hortum-1314484080\/","title":{"rendered":"Linde Flexibles Formschlauch &#8211; 1314484080"},"content":{"rendered":"<p>Linde Flexibles Formschlauch &#8211; 1314484080<\/p>","protected":false},"excerpt":{"rendered":"<article class=\"text-token-text-primary w-full\" dir=\"auto\" data-testid=\"conversation-turn-354\" data-scroll-anchor=\"true\">\n<div class=\"text-base my-auto mx-auto py-5 [--thread-content-margin:--spacing(4)] @[37rem]:[--thread-content-margin:--spacing(6)] @[72rem]:[--thread-content-margin:--spacing(16)] px-(--thread-content-margin)\">\n<div class=\"[--thread-content-max-width:32rem] @[34rem]:[--thread-content-max-width:40rem] @[64rem]:[--thread-content-max-width:48rem] mx-auto flex max-w-(--thread-content-max-width) flex-1 text-base gap-4 md:gap-5 lg:gap-6 group\/turn-messages focus-visible:outline-hidden\" tabindex=\"-1\">\n<div class=\"group\/conversation-turn relative flex w-full min-w-0 flex-col agent-turn\">\n<div class=\"relative flex-col gap-1 md:gap-3\">\n<div class=\"flex max-w-full flex-col grow\">\n<div class=\"min-h-8 text-message relative flex w-full flex-col items-end gap-2 text-start break-words whitespace-normal [.text-message+&amp;]:mt-5\" dir=\"auto\" data-message-author-role=\"assistant\" data-message-id=\"ba0773b5-93f6-47f5-ba78-2be78bdbb3c4\" data-message-model-slug=\"gpt-4-1-mini\">\n<div class=\"flex w-full flex-col gap-1 empty:hidden first:pt-[3px]\">\n<div class=\"markdown prose dark:prose-invert w-full break-words light\">\n<p data-start=\"0\" data-end=\"212\"><br data-start=\"784\" data-end=\"787\" \/>Der <strong data-start=\"791\" data-end=\"827\">Linde Flexibel geformte Schlauch<\/strong> ist ein langlebiger, flexibler Schlauch, der in Gabelstaplern und schweren Maschinen verwendet wird. Er h\u00e4lt hohem Druck stand und sorgt f\u00fcr einen sicheren, reibungslosen Fl\u00fcssigkeits- und Gasfluss.<\/p>\n<p data-start=\"1028\" data-end=\"1232\"><strong data-start=\"1028\" data-end=\"1046\">Eigenschaften:<\/strong><br data-start=\"1046\" data-end=\"1049\" \/><strong data-start=\"1049\" data-end=\"1065\">Teilenummer:<\/strong> 1314484080<br data-start=\"1076\" data-end=\"1079\" \/><strong data-start=\"1079\" data-end=\"1092\">Material:<\/strong> Langlebig und flexibel<br data-start=\"1115\" data-end=\"1118\" \/><strong data-start=\"1118\" data-end=\"1130\">Einsatz:<\/strong> Fl\u00fcssigkeits- und Gasf\u00f6rderung<br data-start=\"1161\" data-end=\"1164\" \/><strong data-start=\"1164\" data-end=\"1176\">Vorteil:<\/strong> Hoher Druckbest\u00e4ndigkeit und flexibles Design<\/p>\n<p data-start=\"1234\" data-end=\"1439\">\n<\/div>\n<\/div>\n<\/div>\n<\/div>\n<\/div>\n<\/div>\n<\/div>\n<\/div>\n<\/article>\n<div class=\"pointer-events-none h-px w-px\" aria-hidden=\"true\" data-edge=\"true\"><\/div>\n<table border=\"0\" width=\"264\" cellspacing=\"0\" cellpadding=\"0\">\n<colgroup>\n<col width=\"64\" \/>\n<col width=\"200\" \/><\/colgroup>\n<tbody>\n<tr>\n<td class=\"xl65\" width=\"64\" height=\"20\"><span style=\"font-family: Calibri;\">1158-01<\/span><\/td>\n<td class=\"xl65\" width=\"200\">T20AP-04\/T20SP<\/td>\n<\/tr>\n<tr>\n<td class=\"xl65\" height=\"20\">132-01<\/td>\n<td class=\"xl65\">N20\/N24\/N20L\/N20LI<\/td>\n<\/tr>\n<tr>\n<td class=\"xl65\" height=\"20\">131-01<\/td>\n<td class=\"xl65\">\u00a0T20AP\/T20SP<\/td>\n<\/tr>\n<tr>\n<td class=\"xl65\" height=\"20\">131-02<\/td>\n<td class=\"xl65\">\u00a0T20-25<\/td>\n<\/tr>\n<\/tbody>\n<\/table>\n","protected":false},"featured_media":15793,"template":"","meta":[],"product_brand":[],"product_cat":[246,470,523],"product_tag":[],"class_list":{"0":"post-15792","1":"product","2":"type-product","3":"status-publish","4":"has-post-thumbnail","6":"product_cat-linde","7":"product_cat-diger-yedek-parcalar","8":"product_cat-yedek-parca-linde","10":"first","11":"instock","12":"taxable","13":"shipping-taxable","14":"purchasable","15":"product-type-simple"},"_links":{"self":[{"href":"https:\/\/ceoparts.com\/de\/wp-json\/wp\/v2\/product\/15792","targetHints":{"allow":["GET"]}}],"collection":[{"href":"https:\/\/ceoparts.com\/de\/wp-json\/wp\/v2\/product"}],"about":[{"href":"https:\/\/ceoparts.com\/de\/wp-json\/wp\/v2\/types\/product"}],"wp:featuredmedia":[{"embeddable":true,"href":"https:\/\/ceoparts.com\/de\/wp-json\/wp\/v2\/media\/15793"}],"wp:attachment":[{"href":"https:\/\/ceoparts.com\/de\/wp-json\/wp\/v2\/media?parent=15792"}],"wp:term":[{"taxonomy":"product_brand","embeddable":true,"href":"https:\/\/ceoparts.com\/de\/wp-json\/wp\/v2\/product_brand?post=15792"},{"taxonomy":"product_cat","embeddable":true,"href":"https:\/\/ceoparts.com\/de\/wp-json\/wp\/v2\/product_cat?post=15792"},{"taxonomy":"product_tag","embeddable":true,"href":"https:\/\/ceoparts.com\/de\/wp-json\/wp\/v2\/product_tag?post=15792"}],"curies":[{"name":"wp","href":"https:\/\/api.w.org\/{rel}","templated":true}]}}