{"id":15797,"date":"2025-03-04T11:54:03","date_gmt":"2025-03-04T08:54:03","guid":{"rendered":"https:\/\/ceoparts.com\/?post_type=product&#038;p=15797"},"modified":"2026-05-16T18:47:21","modified_gmt":"2026-05-16T15:47:21","slug":"linde-t16-kol-amortisoru-11524407104","status":"publish","type":"product","link":"https:\/\/ceoparts.com\/de\/urun\/linde-t16-kol-amortisoru-11524407104\/","title":{"rendered":"Linde T16 Armsto\u00dfd\u00e4mpfer &#8211; 11524407104"},"content":{"rendered":"<p>Linde T16 Armsto\u00dfd\u00e4mpfer &#8211; 11524407104<\/p>","protected":false},"excerpt":{"rendered":"<p data-start=\"0\" data-end=\"202\"><br data-start=\"753\" data-end=\"756\" \/>Der <strong data-start=\"760\" data-end=\"788\">Linde T16 Armsto\u00dfd\u00e4mpfer<\/strong> ist ein robuster Sto\u00dfd\u00e4mpfer, der die Bewegungen des Gabelstaplerarms durch Reduzierung von Vibrationen und St\u00f6\u00dfen gl\u00e4ttet. Er erh\u00f6ht den Bedienkomfort und erh\u00e4lt die Maschinenleistung.<\/p>\n<p data-start=\"976\" data-end=\"1145\"><strong data-start=\"976\" data-end=\"994\">Eigenschaften:<\/strong><br data-start=\"994\" data-end=\"997\" \/><strong data-start=\"997\" data-end=\"1013\">Teilenummer:<\/strong> 11524407104<br data-start=\"1025\" data-end=\"1028\" \/><strong data-start=\"1028\" data-end=\"1040\">Einsatz:<\/strong> Sto\u00dfd\u00e4mpfung f\u00fcr Gabelstaplerarmbewegungen<br data-start=\"1083\" data-end=\"1086\" \/><strong data-start=\"1086\" data-end=\"1098\">Vorteil:<\/strong> <strong data-start=\"1099\" data-end=\"1122\">Vibrationsminderung<\/strong> und <strong data-start=\"1127\" data-end=\"1143\">Sto\u00dfaufnahme<\/strong><\/p>\n<p>11524407104 0009655633 0009655577<\/p>\n<p>360 379 T16 T18 T20 L10 L12<\/p>\n","protected":false},"featured_media":15799,"template":"","meta":[],"product_brand":[],"product_cat":[246,497,523],"product_tag":[],"class_list":{"0":"post-15797","1":"product","2":"type-product","3":"status-publish","4":"has-post-thumbnail","6":"product_cat-linde","7":"product_cat-amortisor-grubu","8":"product_cat-yedek-parca-linde","10":"first","11":"instock","12":"taxable","13":"shipping-taxable","14":"purchasable","15":"product-type-simple"},"_links":{"self":[{"href":"https:\/\/ceoparts.com\/de\/wp-json\/wp\/v2\/product\/15797","targetHints":{"allow":["GET"]}}],"collection":[{"href":"https:\/\/ceoparts.com\/de\/wp-json\/wp\/v2\/product"}],"about":[{"href":"https:\/\/ceoparts.com\/de\/wp-json\/wp\/v2\/types\/product"}],"wp:featuredmedia":[{"embeddable":true,"href":"https:\/\/ceoparts.com\/de\/wp-json\/wp\/v2\/media\/15799"}],"wp:attachment":[{"href":"https:\/\/ceoparts.com\/de\/wp-json\/wp\/v2\/media?parent=15797"}],"wp:term":[{"taxonomy":"product_brand","embeddable":true,"href":"https:\/\/ceoparts.com\/de\/wp-json\/wp\/v2\/product_brand?post=15797"},{"taxonomy":"product_cat","embeddable":true,"href":"https:\/\/ceoparts.com\/de\/wp-json\/wp\/v2\/product_cat?post=15797"},{"taxonomy":"product_tag","embeddable":true,"href":"https:\/\/ceoparts.com\/de\/wp-json\/wp\/v2\/product_tag?post=15797"}],"curies":[{"name":"wp","href":"https:\/\/api.w.org\/{rel}","templated":true}]}}