{"id":15829,"date":"2025-03-04T15:12:23","date_gmt":"2025-03-04T12:12:23","guid":{"rendered":"https:\/\/ceoparts.com\/?post_type=product&#038;p=15829"},"modified":"2026-05-16T15:54:47","modified_gmt":"2026-05-16T12:54:47","slug":"linde-hortum-makarasi-0009203307","status":"publish","type":"product","link":"https:\/\/ceoparts.com\/de\/urun\/linde-hortum-makarasi-0009203307\/","title":{"rendered":"Linde Schlauchaufroller &#8211; 0009203307"},"content":{"rendered":"<p>Linde Schlauchaufroller &#8211; 0009203307<\/p>\n<p><\/p>","protected":false},"excerpt":{"rendered":"<p data-start=\"0\" data-end=\"204\"><br data-start=\"775\" data-end=\"778\" \/>Die <strong data-start=\"782\" data-end=\"805\">Linde Schlauchrolle<\/strong> ist f\u00fcr das ordentliche und sichere Aufwickeln von Schl\u00e4uchen in Gabelstaplern konzipiert. Hergestellt aus <strong data-start=\"913\" data-end=\"937\">robusten Materialien<\/strong>, bietet sie eine lange Lebensdauer und einfache Montage.<\/p>\n<p data-start=\"996\" data-end=\"1213\"><strong data-start=\"996\" data-end=\"1014\">Eigenschaften:<\/strong><br data-start=\"1014\" data-end=\"1017\" \/><strong data-start=\"1017\" data-end=\"1033\">Teilenummer:<\/strong> 0009203307<br data-start=\"1044\" data-end=\"1047\" \/><strong data-start=\"1047\" data-end=\"1059\">Einsatz:<\/strong> Schlauchmanagement f\u00fcr Gabelstapler<br data-start=\"1095\" data-end=\"1098\" \/><strong data-start=\"1098\" data-end=\"1111\">Material:<\/strong> <strong data-start=\"1112\" data-end=\"1122\">Robust<\/strong> und stabile Bauweise<br data-start=\"1143\" data-end=\"1146\" \/><strong data-start=\"1146\" data-end=\"1159\">Funktion:<\/strong> Ordnungsgem\u00e4\u00dfes Aufwickeln und Schutz der Schl\u00e4uche<\/p>\n<p data-start=\"1215\" data-end=\"1409\">\n","protected":false},"featured_media":15834,"template":"","meta":[],"product_brand":[],"product_cat":[246,470,523],"product_tag":[],"class_list":{"0":"post-15829","1":"product","2":"type-product","3":"status-publish","4":"has-post-thumbnail","6":"product_cat-linde","7":"product_cat-diger-yedek-parcalar","8":"product_cat-yedek-parca-linde","10":"first","11":"instock","12":"taxable","13":"shipping-taxable","14":"purchasable","15":"product-type-simple"},"_links":{"self":[{"href":"https:\/\/ceoparts.com\/de\/wp-json\/wp\/v2\/product\/15829","targetHints":{"allow":["GET"]}}],"collection":[{"href":"https:\/\/ceoparts.com\/de\/wp-json\/wp\/v2\/product"}],"about":[{"href":"https:\/\/ceoparts.com\/de\/wp-json\/wp\/v2\/types\/product"}],"wp:featuredmedia":[{"embeddable":true,"href":"https:\/\/ceoparts.com\/de\/wp-json\/wp\/v2\/media\/15834"}],"wp:attachment":[{"href":"https:\/\/ceoparts.com\/de\/wp-json\/wp\/v2\/media?parent=15829"}],"wp:term":[{"taxonomy":"product_brand","embeddable":true,"href":"https:\/\/ceoparts.com\/de\/wp-json\/wp\/v2\/product_brand?post=15829"},{"taxonomy":"product_cat","embeddable":true,"href":"https:\/\/ceoparts.com\/de\/wp-json\/wp\/v2\/product_cat?post=15829"},{"taxonomy":"product_tag","embeddable":true,"href":"https:\/\/ceoparts.com\/de\/wp-json\/wp\/v2\/product_tag?post=15829"}],"curies":[{"name":"wp","href":"https:\/\/api.w.org\/{rel}","templated":true}]}}