{"id":15840,"date":"2025-03-04T15:31:17","date_gmt":"2025-03-04T12:31:17","guid":{"rendered":"https:\/\/ceoparts.com\/?post_type=product&#038;p=15840"},"modified":"2026-05-16T17:28:20","modified_gmt":"2026-05-16T14:28:20","slug":"linde-amortisor-0009655685","status":"publish","type":"product","link":"https:\/\/ceoparts.com\/de\/urun\/linde-amortisor-0009655685\/","title":{"rendered":"Linde Sto\u00dfd\u00e4mpfer &#8211; 0009655685"},"content":{"rendered":"<p>Linde Sto\u00dfd\u00e4mpfer &#8211; 0009655685<\/p>","protected":false},"excerpt":{"rendered":"<p data-start=\"109\" data-end=\"338\"><br data-start=\"949\" data-end=\"952\" \/>Der <strong data-start=\"956\" data-end=\"977\">Linde Sto\u00dfd\u00e4mpfer<\/strong> sorgt f\u00fcr Fahrkomfort und Stabilit\u00e4t von Gabelstaplern. Die <strong data-start=\"1038\" data-end=\"1053\">hochwertige<\/strong> Materialstruktur erm\u00f6glicht eine <strong data-start=\"1087\" data-end=\"1103\">langfristige<\/strong> Nutzung und reduziert Vibrationen <strong data-start=\"1138\" data-end=\"1150\">effektiv<\/strong>.<\/p>\n<p data-start=\"1153\" data-end=\"1356\"><strong data-start=\"1153\" data-end=\"1171\">Eigenschaften:<\/strong><br data-start=\"1171\" data-end=\"1174\" \/><strong data-start=\"1174\" data-end=\"1182\">Ma\u00df:<\/strong> 0009655685<br data-start=\"1193\" data-end=\"1196\" \/><strong data-start=\"1196\" data-end=\"1208\">Einsatz:<\/strong> Gabelstapler-Sto\u00dfd\u00e4mpfersystem<br data-start=\"1239\" data-end=\"1242\" \/><strong data-start=\"1242\" data-end=\"1255\">Funktion:<\/strong> Vibrationsd\u00e4mpfung und Stabilit\u00e4tssteigerung<br data-start=\"1300\" data-end=\"1303\" \/><strong data-start=\"1303\" data-end=\"1319\">Haltbarkeit:<\/strong> <strong data-start=\"1320\" data-end=\"1333\">Langlebig<\/strong> und stabile Bauweise<\/p>\n<p data-start=\"1358\" data-end=\"1583\">\n<p>386-25 E14-20<br \/>\n386 E12\/14\/15\/16\/18\/20<\/p>\n","protected":false},"featured_media":15841,"template":"","meta":[],"product_brand":[],"product_cat":[246,497,523],"product_tag":[],"class_list":{"0":"post-15840","1":"product","2":"type-product","3":"status-publish","4":"has-post-thumbnail","6":"product_cat-linde","7":"product_cat-amortisor-grubu","8":"product_cat-yedek-parca-linde","10":"first","11":"instock","12":"taxable","13":"shipping-taxable","14":"purchasable","15":"product-type-simple"},"_links":{"self":[{"href":"https:\/\/ceoparts.com\/de\/wp-json\/wp\/v2\/product\/15840","targetHints":{"allow":["GET"]}}],"collection":[{"href":"https:\/\/ceoparts.com\/de\/wp-json\/wp\/v2\/product"}],"about":[{"href":"https:\/\/ceoparts.com\/de\/wp-json\/wp\/v2\/types\/product"}],"wp:featuredmedia":[{"embeddable":true,"href":"https:\/\/ceoparts.com\/de\/wp-json\/wp\/v2\/media\/15841"}],"wp:attachment":[{"href":"https:\/\/ceoparts.com\/de\/wp-json\/wp\/v2\/media?parent=15840"}],"wp:term":[{"taxonomy":"product_brand","embeddable":true,"href":"https:\/\/ceoparts.com\/de\/wp-json\/wp\/v2\/product_brand?post=15840"},{"taxonomy":"product_cat","embeddable":true,"href":"https:\/\/ceoparts.com\/de\/wp-json\/wp\/v2\/product_cat?post=15840"},{"taxonomy":"product_tag","embeddable":true,"href":"https:\/\/ceoparts.com\/de\/wp-json\/wp\/v2\/product_tag?post=15840"}],"curies":[{"name":"wp","href":"https:\/\/api.w.org\/{rel}","templated":true}]}}