{"id":15850,"date":"2025-03-04T15:53:44","date_gmt":"2025-03-04T12:53:44","guid":{"rendered":"https:\/\/ceoparts.com\/?post_type=product&#038;p=15850"},"modified":"2026-05-16T22:10:20","modified_gmt":"2026-05-16T19:10:20","slug":"linde-koruma-kapagi-3864324200","status":"publish","type":"product","link":"https:\/\/ceoparts.com\/de\/urun\/linde-koruma-kapagi-3864324200\/","title":{"rendered":"Linde Schutzabdeckung &#8211; 3864324200"},"content":{"rendered":"<p>Linde Schutzabdeckung &#8211; 3864324200<\/p>","protected":false},"excerpt":{"rendered":"<p data-start=\"57\" data-end=\"258\"><br data-start=\"767\" data-end=\"770\" \/>Hochbelastbare Linde-Schutzabdeckung, speziell f\u00fcr Gabelstapler und Arbeitsmaschinen entwickelt. Sch\u00fctzt das System vor \u00e4u\u00dferen Einfl\u00fcssen und St\u00f6\u00dfen, langlebig und einfach zu montieren.<\/p>\n<p data-start=\"958\" data-end=\"1114\">Eigenschaften:<br data-start=\"972\" data-end=\"975\" \/>Gr\u00f6\u00dfe: Standard<br data-start=\"990\" data-end=\"993\" \/>Material: Robuster Kunststoff<br data-start=\"1022\" data-end=\"1025\" \/>Verwendung: Gabelstapler und Arbeitsmaschinen<br data-start=\"1070\" data-end=\"1073\" \/>Haltbarkeit: Schlag- und verschlei\u00dffest<\/p>\n<p data-start=\"1116\" data-end=\"1319\">\n","protected":false},"featured_media":15851,"template":"","meta":[],"product_brand":[],"product_cat":[246,472,523],"product_tag":[],"class_list":{"0":"post-15850","1":"product","2":"type-product","3":"status-publish","4":"has-post-thumbnail","6":"product_cat-linde","7":"product_cat-kaporta-aksami","8":"product_cat-yedek-parca-linde","10":"first","11":"instock","12":"taxable","13":"shipping-taxable","14":"purchasable","15":"product-type-simple"},"_links":{"self":[{"href":"https:\/\/ceoparts.com\/de\/wp-json\/wp\/v2\/product\/15850","targetHints":{"allow":["GET"]}}],"collection":[{"href":"https:\/\/ceoparts.com\/de\/wp-json\/wp\/v2\/product"}],"about":[{"href":"https:\/\/ceoparts.com\/de\/wp-json\/wp\/v2\/types\/product"}],"wp:featuredmedia":[{"embeddable":true,"href":"https:\/\/ceoparts.com\/de\/wp-json\/wp\/v2\/media\/15851"}],"wp:attachment":[{"href":"https:\/\/ceoparts.com\/de\/wp-json\/wp\/v2\/media?parent=15850"}],"wp:term":[{"taxonomy":"product_brand","embeddable":true,"href":"https:\/\/ceoparts.com\/de\/wp-json\/wp\/v2\/product_brand?post=15850"},{"taxonomy":"product_cat","embeddable":true,"href":"https:\/\/ceoparts.com\/de\/wp-json\/wp\/v2\/product_cat?post=15850"},{"taxonomy":"product_tag","embeddable":true,"href":"https:\/\/ceoparts.com\/de\/wp-json\/wp\/v2\/product_tag?post=15850"}],"curies":[{"name":"wp","href":"https:\/\/api.w.org\/{rel}","templated":true}]}}