{"id":15855,"date":"2025-03-04T16:07:15","date_gmt":"2025-03-04T13:07:15","guid":{"rendered":"https:\/\/ceoparts.com\/?post_type=product&#038;p=15855"},"modified":"2026-05-16T17:22:58","modified_gmt":"2026-05-16T14:22:58","slug":"linde-amortisor-0009655702","status":"publish","type":"product","link":"https:\/\/ceoparts.com\/de\/urun\/linde-amortisor-0009655702\/","title":{"rendered":"Linde Gasfeder &#8211; 0009655702"},"content":{"rendered":"<p>Linde Gasfeder &#8211; 0009655702<\/p>","protected":false},"excerpt":{"rendered":"<p data-start=\"348\" data-end=\"523\"><br data-start=\"1082\" data-end=\"1085\" \/>Linde Sto\u00dfd\u00e4mpfer f\u00fcr sichere und komfortable Nutzung in Gabelstaplern und Flurf\u00f6rderzeugen. Reduziert Vibrationen, verbessert die Stabilit\u00e4t und sorgt f\u00fcr eine lange Lebensdauer.<\/p>\n<p data-start=\"1266\" data-end=\"1456\"><strong data-start=\"1266\" data-end=\"1284\">Eigenschaften:<\/strong><br data-start=\"1284\" data-end=\"1287\" \/><strong data-start=\"1287\" data-end=\"1295\">Ma\u00df:<\/strong> 0009655702<br data-start=\"1306\" data-end=\"1309\" \/><strong data-start=\"1309\" data-end=\"1321\">Einsatz:<\/strong> Gabelstapler und Flurf\u00f6rderzeuge<br data-start=\"1354\" data-end=\"1357\" \/><strong data-start=\"1357\" data-end=\"1370\">Funktion:<\/strong> Vibrationsd\u00e4mpfung und Stabilisierung<br data-start=\"1408\" data-end=\"1411\" \/><strong data-start=\"1411\" data-end=\"1427\">Haltbarkeit:<\/strong> Langlebig und verschlei\u00dffest<\/p>\n<p data-start=\"1458\" data-end=\"1663\">\n","protected":false},"featured_media":15857,"template":"","meta":[],"product_brand":[],"product_cat":[246,497,523],"product_tag":[],"class_list":{"0":"post-15855","1":"product","2":"type-product","3":"status-publish","4":"has-post-thumbnail","6":"product_cat-linde","7":"product_cat-amortisor-grubu","8":"product_cat-yedek-parca-linde","10":"first","11":"instock","12":"taxable","13":"shipping-taxable","14":"purchasable","15":"product-type-simple"},"_links":{"self":[{"href":"https:\/\/ceoparts.com\/de\/wp-json\/wp\/v2\/product\/15855","targetHints":{"allow":["GET"]}}],"collection":[{"href":"https:\/\/ceoparts.com\/de\/wp-json\/wp\/v2\/product"}],"about":[{"href":"https:\/\/ceoparts.com\/de\/wp-json\/wp\/v2\/types\/product"}],"wp:featuredmedia":[{"embeddable":true,"href":"https:\/\/ceoparts.com\/de\/wp-json\/wp\/v2\/media\/15857"}],"wp:attachment":[{"href":"https:\/\/ceoparts.com\/de\/wp-json\/wp\/v2\/media?parent=15855"}],"wp:term":[{"taxonomy":"product_brand","embeddable":true,"href":"https:\/\/ceoparts.com\/de\/wp-json\/wp\/v2\/product_brand?post=15855"},{"taxonomy":"product_cat","embeddable":true,"href":"https:\/\/ceoparts.com\/de\/wp-json\/wp\/v2\/product_cat?post=15855"},{"taxonomy":"product_tag","embeddable":true,"href":"https:\/\/ceoparts.com\/de\/wp-json\/wp\/v2\/product_tag?post=15855"}],"curies":[{"name":"wp","href":"https:\/\/api.w.org\/{rel}","templated":true}]}}