{"id":15860,"date":"2025-03-04T16:12:43","date_gmt":"2025-03-04T13:12:43","guid":{"rendered":"https:\/\/ceoparts.com\/?post_type=product&#038;p=15860"},"modified":"2026-05-16T15:00:37","modified_gmt":"2026-05-16T12:00:37","slug":"linde-koruma-kapak-3864381805","status":"publish","type":"product","link":"https:\/\/ceoparts.com\/de\/urun\/linde-koruma-kapak-3864381805\/","title":{"rendered":"Linde Schutzkappe &#8211; 3864381805"},"content":{"rendered":"<p>Linde Schutzkappe &#8211; 3864381805<\/p>","protected":false},"excerpt":{"rendered":"<p data-start=\"70\" data-end=\"276\"><br data-start=\"882\" data-end=\"885\" \/>Linde <strong data-start=\"891\" data-end=\"910\">Schutzabdeckung<\/strong> zum Schutz empfindlicher Teile vor \u00e4u\u00dferen Einfl\u00fcssen in Gabelstaplern und Flurf\u00f6rderzeugen. Die robuste Struktur sorgt f\u00fcr eine lange Lebensdauer und erh\u00f6ht die Sicherheit des Ger\u00e4ts.<\/p>\n<p data-start=\"1097\" data-end=\"1301\"><strong data-start=\"1097\" data-end=\"1115\">Eigenschaften:<\/strong><br data-start=\"1115\" data-end=\"1118\" \/><strong data-start=\"1118\" data-end=\"1126\">Ma\u00df:<\/strong> 3864381805<br data-start=\"1137\" data-end=\"1140\" \/><strong data-start=\"1140\" data-end=\"1152\">Einsatz:<\/strong> Gabelstapler und Flurf\u00f6rderzeuge<br data-start=\"1185\" data-end=\"1188\" \/><strong data-start=\"1188\" data-end=\"1201\">Funktion:<\/strong> Schutz empfindlicher Teile vor \u00e4u\u00dferen Einfl\u00fcssen<br data-start=\"1251\" data-end=\"1254\" \/><strong data-start=\"1254\" data-end=\"1270\">Haltbarkeit:<\/strong> Langlebig und robuste Bauweise<\/p>\n<p data-start=\"1303\" data-end=\"1540\">\n","protected":false},"featured_media":15862,"template":"","meta":[],"product_brand":[],"product_cat":[246,472,523],"product_tag":[],"class_list":{"0":"post-15860","1":"product","2":"type-product","3":"status-publish","4":"has-post-thumbnail","6":"product_cat-linde","7":"product_cat-kaporta-aksami","8":"product_cat-yedek-parca-linde","10":"first","11":"instock","12":"taxable","13":"shipping-taxable","14":"purchasable","15":"product-type-simple"},"_links":{"self":[{"href":"https:\/\/ceoparts.com\/de\/wp-json\/wp\/v2\/product\/15860","targetHints":{"allow":["GET"]}}],"collection":[{"href":"https:\/\/ceoparts.com\/de\/wp-json\/wp\/v2\/product"}],"about":[{"href":"https:\/\/ceoparts.com\/de\/wp-json\/wp\/v2\/types\/product"}],"wp:featuredmedia":[{"embeddable":true,"href":"https:\/\/ceoparts.com\/de\/wp-json\/wp\/v2\/media\/15862"}],"wp:attachment":[{"href":"https:\/\/ceoparts.com\/de\/wp-json\/wp\/v2\/media?parent=15860"}],"wp:term":[{"taxonomy":"product_brand","embeddable":true,"href":"https:\/\/ceoparts.com\/de\/wp-json\/wp\/v2\/product_brand?post=15860"},{"taxonomy":"product_cat","embeddable":true,"href":"https:\/\/ceoparts.com\/de\/wp-json\/wp\/v2\/product_cat?post=15860"},{"taxonomy":"product_tag","embeddable":true,"href":"https:\/\/ceoparts.com\/de\/wp-json\/wp\/v2\/product_tag?post=15860"}],"curies":[{"name":"wp","href":"https:\/\/api.w.org\/{rel}","templated":true}]}}