{"id":15895,"date":"2025-03-14T09:16:25","date_gmt":"2025-03-14T06:16:25","guid":{"rendered":"https:\/\/ceoparts.com\/?post_type=product&#038;p=15895"},"modified":"2026-05-16T07:28:29","modified_gmt":"2026-05-16T04:28:29","slug":"hyster-wicke-denge-mekanizmasi-o125-1573924","status":"publish","type":"product","link":"https:\/\/ceoparts.com\/de\/urun\/hyster-wicke-denge-mekanizmasi-o125-1573924\/","title":{"rendered":"Hyster Wicke Gleichgewicht Mechanismus \u00f8125 &#8211; 1573924"},"content":{"rendered":"<p>Hyster Wicke Gleichgewicht Mechanismus \u00f8125 &#8211; 1573924<\/p>","protected":false},"excerpt":{"rendered":"<p data-start=\"1088\" data-end=\"1362\">Das hochbelastbare Hyster Wicke D\u00e4mpfungsmechanismus wurde speziell f\u00fcr Gabelstapler und schwere Maschinen entwickelt. Das robuste Design sorgt f\u00fcr eine lange Lebensdauer und hervorragende Leistung. Reduziert Vibrationen und erh\u00f6ht den Bedienkomfort bei hoher Tragf\u00e4higkeit.<\/p>\n<p data-start=\"1364\" data-end=\"1537\"><strong data-start=\"1364\" data-end=\"1382\">Eigenschaften:<\/strong><br data-start=\"1382\" data-end=\"1385\" \/>Ma\u00dfe: \u00f8125<br data-start=\"1395\" data-end=\"1398\" \/>Material: Stahlgeh\u00e4use<br data-start=\"1420\" data-end=\"1423\" \/>Verwendung: Gabelstapler und schwere Maschinen<br data-start=\"1469\" data-end=\"1472\" \/>Tragf\u00e4higkeit: Hoch<br data-start=\"1491\" data-end=\"1494\" \/>Haltbarkeit: Langlebig und verschlei\u00dffest<\/p>\n","protected":false},"featured_media":15897,"template":"","meta":[],"product_brand":[],"product_cat":[256,420,421,424],"product_tag":[],"class_list":{"0":"post-15895","1":"product","2":"type-product","3":"status-publish","4":"has-post-thumbnail","6":"product_cat-hyster","7":"product_cat-denge-mekanizmalar","8":"product_cat-hyster-denge-mekanizma","9":"product_cat-wicke-denge-mekanizma","11":"first","12":"instock","13":"taxable","14":"shipping-taxable","15":"purchasable","16":"product-type-simple"},"_links":{"self":[{"href":"https:\/\/ceoparts.com\/de\/wp-json\/wp\/v2\/product\/15895","targetHints":{"allow":["GET"]}}],"collection":[{"href":"https:\/\/ceoparts.com\/de\/wp-json\/wp\/v2\/product"}],"about":[{"href":"https:\/\/ceoparts.com\/de\/wp-json\/wp\/v2\/types\/product"}],"wp:featuredmedia":[{"embeddable":true,"href":"https:\/\/ceoparts.com\/de\/wp-json\/wp\/v2\/media\/15897"}],"wp:attachment":[{"href":"https:\/\/ceoparts.com\/de\/wp-json\/wp\/v2\/media?parent=15895"}],"wp:term":[{"taxonomy":"product_brand","embeddable":true,"href":"https:\/\/ceoparts.com\/de\/wp-json\/wp\/v2\/product_brand?post=15895"},{"taxonomy":"product_cat","embeddable":true,"href":"https:\/\/ceoparts.com\/de\/wp-json\/wp\/v2\/product_cat?post=15895"},{"taxonomy":"product_tag","embeddable":true,"href":"https:\/\/ceoparts.com\/de\/wp-json\/wp\/v2\/product_tag?post=15895"}],"curies":[{"name":"wp","href":"https:\/\/api.w.org\/{rel}","templated":true}]}}