{"id":15913,"date":"2025-03-14T11:36:23","date_gmt":"2025-03-14T08:36:23","guid":{"rendered":"https:\/\/ceoparts.com\/?post_type=product&#038;p=15913"},"modified":"2026-05-02T16:59:24","modified_gmt":"2026-05-02T13:59:24","slug":"hyster-wicke-denge-mekanizmasi-tekerleksiz-o125-543323","status":"publish","type":"product","link":"https:\/\/ceoparts.com\/de\/urun\/hyster-wicke-denge-mekanizmasi-tekerleksiz-o125-543323\/","title":{"rendered":"Hyster Wicke Gleichgewicht Mechanismus (Ohne Rad) \u00f8125 \u2013 543323"},"content":{"rendered":"<p>Hyster Wicke Gleichgewicht Mechanismus (Ohne Rad) \u00f8125 \u2013 543323<\/p>","protected":false},"excerpt":{"rendered":"<p data-start=\"1102\" data-end=\"1371\">Das hochbelastbare Hyster Wicke D\u00e4mpfungsmechanismus wurde f\u00fcr Gabelstapler und schwere Maschinen entwickelt. Das tekerleksiz Design sorgt f\u00fcr eine lange Lebensdauer und hervorragende Leistung. Reduziert Vibrationen und erh\u00f6ht den Bedienkomfort bei hoher Tragf\u00e4higkeit.<\/p>\n<p data-start=\"1373\" data-end=\"1546\"><strong data-start=\"1373\" data-end=\"1391\">Eigenschaften:<\/strong><br data-start=\"1391\" data-end=\"1394\" \/>Ma\u00dfe: \u00f8125<br data-start=\"1404\" data-end=\"1407\" \/>Material: Stahlgeh\u00e4use<br data-start=\"1429\" data-end=\"1432\" \/>Verwendung: Gabelstapler und schwere Maschinen<br data-start=\"1478\" data-end=\"1481\" \/>Tragf\u00e4higkeit: Hoch<br data-start=\"1500\" data-end=\"1503\" \/>Haltbarkeit: Langlebig und verschlei\u00dffest<\/p>\n","protected":false},"featured_media":15919,"template":"","meta":[],"product_brand":[],"product_cat":[256,401,420,421,532],"product_tag":[],"class_list":{"0":"post-15913","1":"product","2":"type-product","3":"status-publish","4":"has-post-thumbnail","6":"product_cat-hyster","7":"product_cat-wicke","8":"product_cat-denge-mekanizmalar","9":"product_cat-hyster-denge-mekanizma","10":"product_cat-mekanizmalar-wicke","12":"first","13":"instock","14":"taxable","15":"shipping-taxable","16":"purchasable","17":"product-type-simple"},"_links":{"self":[{"href":"https:\/\/ceoparts.com\/de\/wp-json\/wp\/v2\/product\/15913","targetHints":{"allow":["GET"]}}],"collection":[{"href":"https:\/\/ceoparts.com\/de\/wp-json\/wp\/v2\/product"}],"about":[{"href":"https:\/\/ceoparts.com\/de\/wp-json\/wp\/v2\/types\/product"}],"wp:featuredmedia":[{"embeddable":true,"href":"https:\/\/ceoparts.com\/de\/wp-json\/wp\/v2\/media\/15919"}],"wp:attachment":[{"href":"https:\/\/ceoparts.com\/de\/wp-json\/wp\/v2\/media?parent=15913"}],"wp:term":[{"taxonomy":"product_brand","embeddable":true,"href":"https:\/\/ceoparts.com\/de\/wp-json\/wp\/v2\/product_brand?post=15913"},{"taxonomy":"product_cat","embeddable":true,"href":"https:\/\/ceoparts.com\/de\/wp-json\/wp\/v2\/product_cat?post=15913"},{"taxonomy":"product_tag","embeddable":true,"href":"https:\/\/ceoparts.com\/de\/wp-json\/wp\/v2\/product_tag?post=15913"}],"curies":[{"name":"wp","href":"https:\/\/api.w.org\/{rel}","templated":true}]}}