{"id":16030,"date":"2025-03-17T13:04:00","date_gmt":"2025-03-17T10:04:00","guid":{"rendered":"https:\/\/ceoparts.com\/?post_type=product&#038;p=16030"},"modified":"2026-05-02T16:22:40","modified_gmt":"2026-05-02T13:22:40","slug":"125x40-45-15-blickle-denge-tekeri-00039903563","status":"publish","type":"product","link":"https:\/\/ceoparts.com\/de\/urun\/125x40-45-15-blickle-denge-tekeri-00039903563\/","title":{"rendered":"125&#215;40\/45-15 Blickle Rad &#8211; 00039903563"},"content":{"rendered":"<p>125&#215;40\/45-15 Blickle Rad &#8211; 00039903563<\/p>\n<div id=\"product-description-short-6792\" class=\"description-short\">\n<p>STILL \/ LINDE 125&#215;40\/45-15 0039903563, 4401471<\/p>\n<\/div>\n<div id=\"product-details\" class=\"product-description\" style=\"box-sizing: inherit; opacity: 1; color: #231f20; font-family: Rubik, sans-serif; font-size: 15px; font-style: normal; font-variant-ligatures: normal; font-variant-caps: normal; font-weight: 400; letter-spacing: normal; orphans: 2; text-align: start; text-indent: 0px; text-transform: none; widows: 2; word-spacing: 0px; -webkit-text-stroke-width: 0px; white-space: normal; background-color: #ffffff; text-decoration-thickness: initial; text-decoration-style: initial; text-decoration-color: initial;\" data-product=\"{&quot;id_shop_default&quot;:1,&quot;id_manufacturer&quot;:0,&quot;id_supplier&quot;:6,&quot;reference&quot;:&quot;17275&quot;,&quot;is_virtual&quot;:&quot;0&quot;,&quot;delivery_in_stock&quot;:&quot;&quot;,&quot;delivery_out_stock&quot;:&quot;&quot;,&quot;id_category_default&quot;:1607,&quot;on_sale&quot;:&quot;0&quot;,&quot;online_only&quot;:&quot;0&quot;,&quot;ecotax&quot;:0,&quot;minimal_quantity&quot;:1,&quot;low_stock_threshold&quot;:0,&quot;low_stock_alert&quot;:&quot;0&quot;,&quot;price&quot;:&quot;u20ac19.06&quot;,&quot;unity&quot;:&quot;szt.&quot;,&quot;unit_price&quot;:&quot;u20ac0.00&quot;,&quot;unit_price_ratio&quot;:0,&quot;additional_shipping_cost&quot;:&quot;0.000000&quot;,&quot;customizable&quot;:0,&quot;text_fields&quot;:0,&quot;uploadable_files&quot;:0,&quot;active&quot;:&quot;1&quot;,&quot;redirect_type&quot;:&quot;default&quot;,&quot;id_type_redirected&quot;:0,&quot;available_for_order&quot;:&quot;1&quot;,&quot;available_date&quot;:&quot;2022-02-23&quot;,&quot;show_condition&quot;:&quot;1&quot;,&quot;condition&quot;:&quot;new&quot;,&quot;show_price&quot;:&quot;1&quot;,&quot;indexed&quot;:&quot;1&quot;,&quot;visibility&quot;:&quot;both&quot;,&quot;cache_default_attribute&quot;:0,&quot;advanced_stock_management&quot;:&quot;0&quot;,&quot;date_add&quot;:&quot;2022-02-23 15:13:38&quot;,&quot;date_upd&quot;:&quot;2022-08-22 08:53:05&quot;,&quot;pack_stock_type&quot;:3,&quot;meta_description&quot;:&quot;&quot;,&quot;meta_keywords&quot;:&quot;&quot;,&quot;meta_title&quot;:&quot;125x40\/45-15 Stability wheel Alu\/Poly&quot;,&quot;link_rewrite&quot;:&quot;125x40-45-15-stability-wheel-alu-poly&quot;,&quot;name&quot;:&quot;125x40\/45-15 Stability wheel Alu\/Poly&quot;,&quot;description&quot;:&quot;rn&lt;P&gt;Kou0142o podporowe \/ Stability wheel&lt;\/P&gt;rn&lt;P&gt;Linde, Still 125x40\/45-15 Aluminium\/Poly&lt;\/P&gt;rn&lt;P&gt;rn&lt;TABLE style=&quot;WIDTH: 130pt; BORDER-COLLAPSE: collapse&quot; cellSpacing=0 rncellPadding=0 width=173 border=0&gt;rn &lt;TBODY&gt;rn &lt;TR style=&quot;HEIGHT: 15pt&quot; height=20&gt;rn &lt;TD class=xl65 rn style=&quot;BORDER-TOP: #ece9d8; HEIGHT: 15pt; BORDER-RIGHT: #ece9d8; WIDTH: 82pt; BORDER-BOTTOM: #ece9d8; BORDER-LEFT: #ece9d8; BACKGROUND-COLOR: transparent&quot; rn height=20 width=109&gt;rn &lt;P&gt;&lt;FONT face=tim&gt;1151&lt;\/FONT&gt;&lt;\/P&gt;&lt;\/TD&gt;rn &lt;TD rn style=&quot;BORDER-TOP: #ece9d8; BORDER-RIGHT: #ece9d8; WIDTH: 48pt; BORDER-BOTTOM: #ece9d8; BORDER-LEFT: #ece9d8; BACKGROUND-COLOR: transparent&quot; rn width=64&gt;rn &lt;P&gt;&lt;FONT face=tim&gt;T16\/T16P\/T20\/T20P&lt;\/FONT&gt;&lt;\/P&gt;&lt;\/TD&gt;&lt;\/TR&gt;rn &lt;TR style=&quot;HEIGHT: 15pt&quot; height=20&gt;rn &lt;TD class=xl65 rn style=&quot;BORDER-TOP: #ece9d8; HEIGHT: 15pt; BORDER-RIGHT: #ece9d8; BORDER-BOTTOM: #ece9d8; BORDER-LEFT: #ece9d8; BACKGROUND-COLOR: transparent&quot; rn height=20&gt;&lt;FONT face=tim&gt;1151&lt;\/FONT&gt;&lt;\/TD&gt;rn &lt;TD rn style=&quot;BORDER-TOP: #ece9d8; BORDER-RIGHT: #ece9d8; BORDER-BOTTOM: #ece9d8; BORDER-LEFT: #ece9d8; BACKGROUND-COLOR: transparent&quot;&gt;&lt;FONT rn face=tim&gt;T16\/T16P\/T20\/T20P&lt;\/FONT&gt;&lt;\/TD&gt;&lt;\/TR&gt;rn &lt;TR style=&quot;HEIGHT: 15pt&quot; height=20&gt;rn &lt;TD class=xl65 rn style=&quot;BORDER-TOP: #ece9d8; HEIGHT: 15pt; BORDER-RIGHT: #ece9d8; BORDER-BOTTOM: #ece9d8; BORDER-LEFT: #ece9d8; BACKGROUND-COLOR: transparent&quot; rn height=20&gt;&lt;FONT face=tim&gt;1152&lt;\/FONT&gt;&lt;\/TD&gt;rn &lt;TD rn style=&quot;BORDER-TOP: #ece9d8; BORDER-RIGHT: #ece9d8; BORDER-BOTTOM: #ece9d8; BORDER-LEFT: #ece9d8; BACKGROUND-COLOR: transparent&quot;&gt;&lt;FONT rn face=tim&gt;T16\/T18\/T20\/T16L&lt;\/FONT&gt;&lt;\/TD&gt;&lt;\/TR&gt;rn &lt;TR style=&quot;HEIGHT: 15pt&quot; height=20&gt;rn &lt;TD class=xl65 rn style=&quot;BORDER-TOP: #ece9d8; HEIGHT: 15pt; BORDER-RIGHT: #ece9d8; BORDER-BOTTOM: #ece9d8; BORDER-LEFT: #ece9d8; BACKGROUND-COLOR: transparent&quot; rn height=20&gt;&lt;FONT face=tim&gt;1152&lt;\/FONT&gt;&lt;\/TD&gt;rn &lt;TD rn style=&quot;BORDER-TOP: #ece9d8; BORDER-RIGHT: #ece9d8; BORDER-BOTTOM: #ece9d8; BORDER-LEFT: #ece9d8; BACKGROUND-COLOR: transparent&quot;&gt;&lt;FONT rn face=tim&gt;T16\/T18\/T20\/T16L&lt;\/FONT&gt;&lt;\/TD&gt;&lt;\/TR&gt;&lt;\/TBODY&gt;&lt;\/TABLE&gt;&lt;\/P&gt;rn&lt;P&gt;&lt;FONT face=tim&gt;EXU 0153\/0154\/0155\/0157&lt;\/FONT&gt;&lt;\/P&gt;rn&lt;P&gt;&lt;FONT face=tim&gt;EXU-H AC&lt;\/FONT&gt;&lt;\/P&gt;rn&quot;,&quot;description_short&quot;:&quot;&lt;p&gt;STILL \/ LINDE 125x40\/45-15 0039903563, 4401471&lt;\/p&gt;&quot;,&quot;available_now&quot;:&quot;&quot;,&quot;available_later&quot;:&quot;&quot;,&quot;id&quot;:6792,&quot;id_product&quot;:6792,&quot;out_of_stock&quot;:2,&quot;new&quot;:0,&quot;id_product_attribute&quot;:0,&quot;quantity_wanted&quot;:1,&quot;extraContent&quot;:[],&quot;allow_oosp&quot;:1,&quot;category&quot;:&quot;still&quot;,&quot;category_name&quot;:&quot;Still&quot;,&quot;link&quot;:&quot;https:\/\/directparts.eu\/still\/6792-125x40-45-15-stability-wheel-alu-poly-17275.html&quot;,&quot;manufacturer_name&quot;:null,&quot;attribute_price&quot;:0,&quot;price_tax_exc&quot;:19.059999999999998721023075631819665431976318359375,&quot;price_without_reduction&quot;:19.059999999999998721023075631819665431976318359375,&quot;reduction&quot;:0,&quot;specific_prices&quot;:false,&quot;quantity&quot;:367,&quot;quantity_all_versions&quot;:367,&quot;id_image&quot;:&quot;en-default&quot;,&quot;features&quot;:[],&quot;attachments&quot;:[],&quot;virtual&quot;:0,&quot;pack&quot;:0,&quot;packItems&quot;:[],&quot;nopackprice&quot;:0,&quot;customization_required&quot;:false,&quot;rate&quot;:0,&quot;tax_name&quot;:&quot;&quot;,&quot;ecotax_rate&quot;:0,&quot;customizations&quot;:{&quot;fields&quot;:[]},&quot;id_customization&quot;:0,&quot;is_customizable&quot;:false,&quot;show_quantities&quot;:false,&quot;quantity_label&quot;:&quot;Items&quot;,&quot;quantity_discounts&quot;:[],&quot;customer_group_discount&quot;:0,&quot;images&quot;:[{&quot;cover&quot;:1,&quot;id_image&quot;:50897,&quot;legend&quot;:&quot;125x40\/45-15 Stability wheel Alu\/Poly&quot;,&quot;position&quot;:1,&quot;bySize&quot;:{&quot;small_default&quot;:{&quot;url&quot;:&quot;https:\/\/directparts.eu\/50897-small_default\/125x40-45-15-stability-wheel-alu-poly.jpg&quot;,&quot;width&quot;:98,&quot;height&quot;:123,&quot;sources&quot;:{&quot;jpg&quot;:&quot;https:\/\/directparts.eu\/50897-small_default\/125x40-45-15-stability-wheel-alu-poly.jpg&quot;}},&quot;cart_default&quot;:{&quot;url&quot;:&quot;https:\/\/directparts.eu\/50897-cart_default\/125x40-45-15-stability-wheel-alu-poly.jpg&quot;,&quot;width&quot;:125,&quot;height&quot;:157,&quot;sources&quot;:{&quot;jpg&quot;:&quot;https:\/\/directparts.eu\/50897-cart_default\/125x40-45-15-stability-wheel-alu-poly.jpg&quot;}},&quot;medium_default&quot;:{&quot;url&quot;:&quot;https:\/\/directparts.eu\/50897-medium_default\/125x40-45-15-stability-wheel-alu-poly.jpg&quot;,&quot;width&quot;:378,&quot;height&quot;:472,&quot;sources&quot;:{&quot;jpg&quot;:&quot;https:\/\/directparts.eu\/50897-medium_default\/125x40-45-15-stability-wheel-alu-poly.jpg&quot;}},&quot;home_default&quot;:{&quot;url&quot;:&quot;https:\/\/directparts.eu\/50897-home_default\/125x40-45-15-stability-wheel-alu-poly.jpg&quot;,&quot;width&quot;:378,&quot;height&quot;:472,&quot;sources&quot;:{&quot;jpg&quot;:&quot;https:\/\/directparts.eu\/50897-home_default\/125x40-45-15-stability-wheel-alu-poly.jpg&quot;}},&quot;large_default&quot;:{&quot;url&quot;:&quot;https:\/\/directparts.eu\/50897-large_default\/125x40-45-15-stability-wheel-alu-poly.jpg&quot;,&quot;width&quot;:800,&quot;height&quot;:1000,&quot;sources&quot;:{&quot;jpg&quot;:&quot;https:\/\/directparts.eu\/50897-large_default\/125x40-45-15-stability-wheel-alu-poly.jpg&quot;}}},&quot;small&quot;:{&quot;url&quot;:&quot;https:\/\/directparts.eu\/50897-small_default\/125x40-45-15-stability-wheel-alu-poly.jpg&quot;,&quot;width&quot;:98,&quot;height&quot;:123,&quot;sources&quot;:{&quot;jpg&quot;:&quot;https:\/\/directparts.eu\/50897-small_default\/125x40-45-15-stability-wheel-alu-poly.jpg&quot;}},&quot;medium&quot;:{&quot;url&quot;:&quot;https:\/\/directparts.eu\/50897-medium_default\/125x40-45-15-stability-wheel-alu-poly.jpg&quot;,&quot;width&quot;:378,&quot;height&quot;:472,&quot;sources&quot;:{&quot;jpg&quot;:&quot;https:\/\/directparts.eu\/50897-medium_default\/125x40-45-15-stability-wheel-alu-poly.jpg&quot;}},&quot;large&quot;:{&quot;url&quot;:&quot;https:\/\/directparts.eu\/50897-large_default\/125x40-45-15-stability-wheel-alu-poly.jpg&quot;,&quot;width&quot;:800,&quot;height&quot;:1000,&quot;sources&quot;:{&quot;jpg&quot;:&quot;https:\/\/directparts.eu\/50897-large_default\/125x40-45-15-stability-wheel-alu-poly.jpg&quot;}},&quot;associatedVariants&quot;:[]}],&quot;cover&quot;:{&quot;cover&quot;:1,&quot;id_image&quot;:50897,&quot;legend&quot;:&quot;125x40\/45-15 Stability wheel Alu\/Poly&quot;,&quot;position&quot;:1,&quot;bySize&quot;:{&quot;small_default&quot;:{&quot;url&quot;:&quot;https:\/\/directparts.eu\/50897-small_default\/125x40-45-15-stability-wheel-alu-poly.jpg&quot;,&quot;width&quot;:98,&quot;height&quot;:123,&quot;sources&quot;:{&quot;jpg&quot;:&quot;https:\/\/directparts.eu\/50897-small_default\/125x40-45-15-stability-wheel-alu-poly.jpg&quot;}},&quot;cart_default&quot;:{&quot;url&quot;:&quot;https:\/\/directparts.eu\/50897-cart_default\/125x40-45-15-stability-wheel-alu-poly.jpg&quot;,&quot;width&quot;:125,&quot;height&quot;:157,&quot;sources&quot;:{&quot;jpg&quot;:&quot;https:\/\/directparts.eu\/50897-cart_default\/125x40-45-15-stability-wheel-alu-poly.jpg&quot;}},&quot;medium_default&quot;:{&quot;url&quot;:&quot;https:\/\/directparts.eu\/50897-medium_default\/125x40-45-15-stability-wheel-alu-poly.jpg&quot;,&quot;width&quot;:378,&quot;height&quot;:472,&quot;sources&quot;:{&quot;jpg&quot;:&quot;https:\/\/directparts.eu\/50897-medium_default\/125x40-45-15-stability-wheel-alu-poly.jpg&quot;}},&quot;home_default&quot;:{&quot;url&quot;:&quot;https:\/\/directparts.eu\/50897-home_default\/125x40-45-15-stability-wheel-alu-poly.jpg&quot;,&quot;width&quot;:378,&quot;height&quot;:472,&quot;sources&quot;:{&quot;jpg&quot;:&quot;https:\/\/directparts.eu\/50897-home_default\/125x40-45-15-stability-wheel-alu-poly.jpg&quot;}},&quot;large_default&quot;:{&quot;url&quot;:&quot;https:\/\/directparts.eu\/50897-large_default\/125x40-45-15-stability-wheel-alu-poly.jpg&quot;,&quot;width&quot;:800,&quot;height&quot;:1000,&quot;sources&quot;:{&quot;jpg&quot;:&quot;https:\/\/directparts.eu\/50897-large_default\/125x40-45-15-stability-wheel-alu-poly.jpg&quot;}}},&quot;small&quot;:{&quot;url&quot;:&quot;https:\/\/directparts.eu\/50897-small_default\/125x40-45-15-stability-wheel-alu-poly.jpg&quot;,&quot;width&quot;:98,&quot;height&quot;:123,&quot;sources&quot;:{&quot;jpg&quot;:&quot;https:\/\/directparts.eu\/50897-small_default\/125x40-45-15-stability-wheel-alu-poly.jpg&quot;}},&quot;medium&quot;:{&quot;url&quot;:&quot;https:\/\/directparts.eu\/50897-medium_default\/125x40-45-15-stability-wheel-alu-poly.jpg&quot;,&quot;width&quot;:378,&quot;height&quot;:472,&quot;sources&quot;:{&quot;jpg&quot;:&quot;https:\/\/directparts.eu\/50897-medium_default\/125x40-45-15-stability-wheel-alu-poly.jpg&quot;}},&quot;large&quot;:{&quot;url&quot;:&quot;https:\/\/directparts.eu\/50897-large_default\/125x40-45-15-stability-wheel-alu-poly.jpg&quot;,&quot;width&quot;:800,&quot;height&quot;:1000,&quot;sources&quot;:{&quot;jpg&quot;:&quot;https:\/\/directparts.eu\/50897-large_default\/125x40-45-15-stability-wheel-alu-poly.jpg&quot;}},&quot;associatedVariants&quot;:[]},&quot;has_discount&quot;:false,&quot;discount_type&quot;:null,&quot;discount_percentage&quot;:null,&quot;discount_percentage_absolute&quot;:null,&quot;discount_amount&quot;:null,&quot;discount_amount_to_display&quot;:null,&quot;price_amount&quot;:19.059999999999998721023075631819665431976318359375,&quot;unit_price_full&quot;:&quot;u20ac0.00 szt.&quot;,&quot;show_availability&quot;:true,&quot;availability_message&quot;:&quot;in stock&quot;,&quot;availability_date&quot;:null,&quot;availability&quot;:&quot;available&quot;}\">\n<table border=\"0\" width=\"173\" cellspacing=\"0\" cellpadding=\"0\">\n<tbody>\n<tr>\n<td class=\"xl65\" width=\"109\" height=\"20\"><span style=\"font-family: tim;\">1151<\/span><\/td>\n<td width=\"64\"><span style=\"font-family: tim;\">T16\/T16P\/T20\/T20P<\/span><\/td>\n<\/tr>\n<tr>\n<td class=\"xl65\" height=\"20\"><span style=\"font-family: tim;\">1151<\/span><\/td>\n<td><span style=\"font-family: tim;\">T16\/T16P\/T20\/T20P<\/span><\/td>\n<\/tr>\n<tr>\n<td class=\"xl65\" height=\"20\"><span style=\"font-family: tim;\">1152<\/span><\/td>\n<td><span style=\"font-family: tim;\">T16\/T18\/T20\/T16L<\/span><\/td>\n<\/tr>\n<tr>\n<td class=\"xl65\" height=\"20\"><span style=\"font-family: tim;\">1152<\/span><\/td>\n<td><span style=\"font-family: tim;\">T16\/T18\/T20\/T16L<\/span><\/td>\n<\/tr>\n<\/tbody>\n<\/table>\n<p>&nbsp;<\/p>\n<p><span style=\"font-family: tim;\">EXU 0153\/0154\/0155\/0157<\/span><\/p>\n<p><span style=\"font-family: tim;\">EXU-H AC<\/span><\/p>\n<\/div>","protected":false},"excerpt":{"rendered":"<div id=\"product-description-short-6792\" class=\"description-short\">\n<p data-start=\"1088\" data-end=\"1358\">Das hochbelastbare Blickle St\u00fctzrad wurde f\u00fcr Gabelstapler und schwere Maschinen entwickelt. Die Polyurethan-Beschichtung sorgt f\u00fcr eine lange Lebensdauer und hervorragende Leistung. Reduziert Vibrationen und erh\u00f6ht den Fahrkomfort des Bedieners bei hoher Tragf\u00e4higkeit.<\/p>\n<p data-start=\"1360\" data-end=\"1540\"><strong data-start=\"1360\" data-end=\"1378\">Eigenschaften:<\/strong><br data-start=\"1378\" data-end=\"1381\" \/>Ma\u00dfe: 125\u00d740\/45-15<br data-start=\"1399\" data-end=\"1402\" \/>Material: Polyurethan<br data-start=\"1423\" data-end=\"1426\" \/>Verwendung: Gabelstapler und schwere Maschinen<br data-start=\"1472\" data-end=\"1475\" \/>Tragf\u00e4higkeit: Hoch<br data-start=\"1494\" data-end=\"1497\" \/>Haltbarkeit: Langlebig und verschlei\u00dffest<\/p>\n<\/div>\n","protected":false},"featured_media":16035,"template":"","meta":[],"product_brand":[],"product_cat":[247,499,501,246,185],"product_tag":[],"class_list":{"0":"post-16030","1":"product","2":"type-product","3":"status-publish","4":"has-post-thumbnail","6":"product_cat-denge-tekeri-linde","7":"product_cat-blickle","8":"product_cat-denge-tekeri-blickle","9":"product_cat-linde","10":"product_cat-denge-tekeri","12":"first","13":"instock","14":"taxable","15":"shipping-taxable","16":"purchasable","17":"product-type-simple"},"_links":{"self":[{"href":"https:\/\/ceoparts.com\/de\/wp-json\/wp\/v2\/product\/16030","targetHints":{"allow":["GET"]}}],"collection":[{"href":"https:\/\/ceoparts.com\/de\/wp-json\/wp\/v2\/product"}],"about":[{"href":"https:\/\/ceoparts.com\/de\/wp-json\/wp\/v2\/types\/product"}],"wp:featuredmedia":[{"embeddable":true,"href":"https:\/\/ceoparts.com\/de\/wp-json\/wp\/v2\/media\/16035"}],"wp:attachment":[{"href":"https:\/\/ceoparts.com\/de\/wp-json\/wp\/v2\/media?parent=16030"}],"wp:term":[{"taxonomy":"product_brand","embeddable":true,"href":"https:\/\/ceoparts.com\/de\/wp-json\/wp\/v2\/product_brand?post=16030"},{"taxonomy":"product_cat","embeddable":true,"href":"https:\/\/ceoparts.com\/de\/wp-json\/wp\/v2\/product_cat?post=16030"},{"taxonomy":"product_tag","embeddable":true,"href":"https:\/\/ceoparts.com\/de\/wp-json\/wp\/v2\/product_tag?post=16030"}],"curies":[{"name":"wp","href":"https:\/\/api.w.org\/{rel}","templated":true}]}}