{"id":16057,"date":"2025-03-17T17:09:40","date_gmt":"2025-03-17T14:09:40","guid":{"rendered":"https:\/\/ceoparts.com\/?post_type=product&#038;p=16057"},"modified":"2026-05-16T18:09:37","modified_gmt":"2026-05-16T15:09:37","slug":"140x60-65-20-stellana-denge-tekeri-116677","status":"publish","type":"product","link":"https:\/\/ceoparts.com\/de\/urun\/140x60-65-20-stellana-denge-tekeri-116677\/","title":{"rendered":"140&#215;60\/75-20 Stellana Rad &#8211; 116677"},"content":{"rendered":"<p>140&#215;60\/75-20 Stellana Rad &#8211; 116677<\/p>\n<p>Atlet PLL<br \/>\nAtlet PSH<br \/>\nAtlet CLL T-200<br \/>\nAtlet PLE<br \/>\nAtlet PSD<br \/>\nAtlet PSL<br \/>\nAtlet LEC,CS,CSH<br \/>\nLafis leh<\/p>","protected":false},"excerpt":{"rendered":"<p data-start=\"1199\" data-end=\"1545\">Die Stellana Atlet Lastrolle bietet hohe Haltbarkeit und wurde f\u00fcr Gabelstapler und schwere Maschinen entwickelt. Hergestellt aus Vulkollan-Material, sorgt sie f\u00fcr lange Lebensdauer und hervorragende Leistung. Sie reduziert Vibrationen und erh\u00f6ht den Bedienkomfort. Die Tragf\u00e4higkeit ist hoch.<\/p>\n<p data-start=\"1547\" data-end=\"1567\"><strong data-start=\"1547\" data-end=\"1565\">Eigenschaften:<\/strong><\/p>\n<ul data-start=\"1568\" data-end=\"1736\">\n<li data-start=\"1568\" data-end=\"1591\">\n<p data-start=\"1570\" data-end=\"1591\">Gr\u00f6\u00dfe: 140\u00d760\/75-20<\/p>\n<\/li>\n<li data-start=\"1592\" data-end=\"1615\">\n<p data-start=\"1594\" data-end=\"1615\">Material: Vulkollan<\/p>\n<\/li>\n<li data-start=\"1616\" data-end=\"1666\">\n<p data-start=\"1618\" data-end=\"1666\">Verwendung: Gabelstapler und schwere Maschinen<\/p>\n<\/li>\n<li data-start=\"1667\" data-end=\"1690\">\n<p data-start=\"1669\" data-end=\"1690\">Tragf\u00e4higkeit: Hoch<\/p>\n<\/li>\n<li data-start=\"1691\" data-end=\"1736\">\n<p data-start=\"1693\" data-end=\"1736\">Haltbarkeit: Langlebig und verschlei\u00dffest<\/p>\n<\/li>\n<\/ul>\n","protected":false},"featured_media":16061,"template":"","meta":[],"product_brand":[],"product_cat":[416,417,185],"product_tag":[],"class_list":{"0":"post-16057","1":"product","2":"type-product","3":"status-publish","4":"has-post-thumbnail","6":"product_cat-stellana","7":"product_cat-denge-tekeri-stellana","8":"product_cat-denge-tekeri","10":"first","11":"instock","12":"taxable","13":"shipping-taxable","14":"purchasable","15":"product-type-simple"},"_links":{"self":[{"href":"https:\/\/ceoparts.com\/de\/wp-json\/wp\/v2\/product\/16057","targetHints":{"allow":["GET"]}}],"collection":[{"href":"https:\/\/ceoparts.com\/de\/wp-json\/wp\/v2\/product"}],"about":[{"href":"https:\/\/ceoparts.com\/de\/wp-json\/wp\/v2\/types\/product"}],"wp:featuredmedia":[{"embeddable":true,"href":"https:\/\/ceoparts.com\/de\/wp-json\/wp\/v2\/media\/16061"}],"wp:attachment":[{"href":"https:\/\/ceoparts.com\/de\/wp-json\/wp\/v2\/media?parent=16057"}],"wp:term":[{"taxonomy":"product_brand","embeddable":true,"href":"https:\/\/ceoparts.com\/de\/wp-json\/wp\/v2\/product_brand?post=16057"},{"taxonomy":"product_cat","embeddable":true,"href":"https:\/\/ceoparts.com\/de\/wp-json\/wp\/v2\/product_cat?post=16057"},{"taxonomy":"product_tag","embeddable":true,"href":"https:\/\/ceoparts.com\/de\/wp-json\/wp\/v2\/product_tag?post=16057"}],"curies":[{"name":"wp","href":"https:\/\/api.w.org\/{rel}","templated":true}]}}