{"id":16097,"date":"2025-03-19T12:00:51","date_gmt":"2025-03-19T09:00:51","guid":{"rendered":"https:\/\/ceoparts.com\/?post_type=product&#038;p=16097"},"modified":"2026-05-16T21:09:51","modified_gmt":"2026-05-16T18:09:51","slug":"norma-calisma-lambasi-kare-16-led-48w-nr161716","status":"publish","type":"product","link":"https:\/\/ceoparts.com\/de\/urun\/norma-calisma-lambasi-kare-16-led-48w-nr161716\/","title":{"rendered":"Norma Schreibtischlampe Quadrat 16 LED 9-80V 48W &#8211; NR161716"},"content":{"rendered":"<p>Norma Schreibtischlampe Quadrat 16 LED 9-80V 48W &#8211; NR161716<\/p>","protected":false},"excerpt":{"rendered":"<p data-start=\"1360\" data-end=\"1714\">Die <strong data-start=\"1364\" data-end=\"1399\">Norma quadratische Arbeitslampe<\/strong> bietet mit 16 leistungsstarken LEDs eine starke und breite Beleuchtung. Sie arbeitet im weiten Spannungsbereich von 9-80V und verbraucht 48 Watt, was Energieeffizienz garantiert. Das quadratische Design erm\u00f6glicht flexible Montagem\u00f6glichkeiten. Ideal f\u00fcr Industrie, Werkst\u00e4tten, Gabelstapler und schwere Maschinen.<\/p>\n<p data-start=\"1716\" data-end=\"1736\"><strong data-start=\"1716\" data-end=\"1734\">Eigenschaften:<\/strong><\/p>\n<ul data-start=\"1737\" data-end=\"1924\">\n<li data-start=\"1737\" data-end=\"1756\">\n<p data-start=\"1739\" data-end=\"1756\">Spannung: 9-80V<\/p>\n<\/li>\n<li data-start=\"1757\" data-end=\"1774\">\n<p data-start=\"1759\" data-end=\"1774\">Leistung: 48W<\/p>\n<\/li>\n<li data-start=\"1775\" data-end=\"1814\">\n<p data-start=\"1777\" data-end=\"1814\">LED Anzahl: 16 leistungsstarke LEDs<\/p>\n<\/li>\n<li data-start=\"1815\" data-end=\"1844\">\n<p data-start=\"1817\" data-end=\"1844\">Design: quadratische Form<\/p>\n<\/li>\n<li data-start=\"1845\" data-end=\"1878\">\n<p data-start=\"1847\" data-end=\"1878\">Breite und starke Beleuchtung<\/p>\n<\/li>\n<li data-start=\"1879\" data-end=\"1903\">\n<p data-start=\"1881\" data-end=\"1903\">Langlebig und robust<\/p>\n<\/li>\n<li data-start=\"1904\" data-end=\"1924\">\n<p data-start=\"1906\" data-end=\"1924\">Einfache Montage<\/p>\n<\/li>\n<\/ul>\n","protected":false},"featured_media":16707,"template":"","meta":[],"product_brand":[],"product_cat":[251,463,518],"product_tag":[],"class_list":{"0":"post-16097","1":"product","2":"type-product","3":"status-publish","4":"has-post-thumbnail","6":"product_cat-bt","7":"product_cat-aydinlatma-grubu","8":"product_cat-yedek-parca-bt","10":"first","11":"instock","12":"taxable","13":"shipping-taxable","14":"purchasable","15":"product-type-simple"},"_links":{"self":[{"href":"https:\/\/ceoparts.com\/de\/wp-json\/wp\/v2\/product\/16097","targetHints":{"allow":["GET"]}}],"collection":[{"href":"https:\/\/ceoparts.com\/de\/wp-json\/wp\/v2\/product"}],"about":[{"href":"https:\/\/ceoparts.com\/de\/wp-json\/wp\/v2\/types\/product"}],"wp:featuredmedia":[{"embeddable":true,"href":"https:\/\/ceoparts.com\/de\/wp-json\/wp\/v2\/media\/16707"}],"wp:attachment":[{"href":"https:\/\/ceoparts.com\/de\/wp-json\/wp\/v2\/media?parent=16097"}],"wp:term":[{"taxonomy":"product_brand","embeddable":true,"href":"https:\/\/ceoparts.com\/de\/wp-json\/wp\/v2\/product_brand?post=16097"},{"taxonomy":"product_cat","embeddable":true,"href":"https:\/\/ceoparts.com\/de\/wp-json\/wp\/v2\/product_cat?post=16097"},{"taxonomy":"product_tag","embeddable":true,"href":"https:\/\/ceoparts.com\/de\/wp-json\/wp\/v2\/product_tag?post=16097"}],"curies":[{"name":"wp","href":"https:\/\/api.w.org\/{rel}","templated":true}]}}