{"id":16119,"date":"2025-03-19T14:03:59","date_gmt":"2025-03-19T11:03:59","guid":{"rendered":"https:\/\/ceoparts.com\/?post_type=product&#038;p=16119"},"modified":"2026-05-16T16:34:10","modified_gmt":"2026-05-16T13:34:10","slug":"230x90-45-5-blickle-yuruyus-tekeri-0039933826-0039933800","status":"publish","type":"product","link":"https:\/\/ceoparts.com\/de\/urun\/230x90-45-5-blickle-yuruyus-tekeri-0039933826-0039933800\/","title":{"rendered":"230&#215;90\/45-5 Blickle Geh-Rad &#8211; 0039933826, 0039933800"},"content":{"rendered":"<p>230&#215;90\/45-5 Blickle Geh-Rad &#8211; 0039933826, 0039933800<\/p>\n<div class=\"font12\">372\u00a0L14\/16<br \/>\n372\u00a0L14\/16\/L14AP\/16AP<\/div>\n<div class=\"font12\">1173 L14\/L16<\/div>\n<div class=\"font12\"><\/div>\n<div class=\"font12\">Still 0039933826<\/div>\n<div class=\"font12\"><\/div>\n<div class=\"font12\">EXH 25-30 EXH-SF 20-25 (2360-2363)<\/div>","protected":false},"excerpt":{"rendered":"<p data-start=\"1245\" data-end=\"1555\">Das <strong data-start=\"1249\" data-end=\"1284\">230\u00d790\/45-5 Blickle Antriebsrad<\/strong> ist ein langlebiges und hochwertiges Antriebsrad f\u00fcr Gabelstapler und industrielle Transportfahrzeuge. Hergestellt von Blickle, bietet es hohe Leistung und lange Lebensdauer. Die Polyurethanbeschichtung sch\u00fctzt den Boden, sorgt f\u00fcr leisen Betrieb und ist verschlei\u00dffest.<\/p>\n<p data-start=\"1557\" data-end=\"1577\"><strong data-start=\"1557\" data-end=\"1575\">Eigenschaften:<\/strong><\/p>\n<ul data-start=\"1578\" data-end=\"1775\">\n<li data-start=\"1578\" data-end=\"1600\">\n<p data-start=\"1580\" data-end=\"1600\">Gr\u00f6\u00dfe: 230\u00d790\/45-5<\/p>\n<\/li>\n<li data-start=\"1601\" data-end=\"1619\">\n<p data-start=\"1603\" data-end=\"1619\">Marke: Blickle<\/p>\n<\/li>\n<li data-start=\"1620\" data-end=\"1663\">\n<p data-start=\"1622\" data-end=\"1663\">Anwendung: Antriebsrad f\u00fcr Gabelstapler<\/p>\n<\/li>\n<li data-start=\"1664\" data-end=\"1710\">\n<p data-start=\"1666\" data-end=\"1710\">Polyurethan-Beschichtung f\u00fcr Langlebigkeit<\/p>\n<\/li>\n<li data-start=\"1711\" data-end=\"1745\">\n<p data-start=\"1713\" data-end=\"1745\">Leiser Betrieb und Bodenschutz<\/p>\n<\/li>\n<li data-start=\"1746\" data-end=\"1775\">\n<p data-start=\"1748\" data-end=\"1775\">Hohe Verschlei\u00dffestigkeit<\/p>\n<\/li>\n<\/ul>\n","protected":false},"featured_media":16121,"template":"","meta":[],"product_brand":[],"product_cat":[241,244,499,503,193],"product_tag":[],"class_list":{"0":"post-16119","1":"product","2":"type-product","3":"status-publish","4":"has-post-thumbnail","6":"product_cat-still","7":"product_cat-yuruyus-tekeri-still","8":"product_cat-blickle","9":"product_cat-yuruyus-tekeri-blickle","10":"product_cat-yuruyus-tekeri","12":"first","13":"instock","14":"taxable","15":"shipping-taxable","16":"purchasable","17":"product-type-simple"},"_links":{"self":[{"href":"https:\/\/ceoparts.com\/de\/wp-json\/wp\/v2\/product\/16119","targetHints":{"allow":["GET"]}}],"collection":[{"href":"https:\/\/ceoparts.com\/de\/wp-json\/wp\/v2\/product"}],"about":[{"href":"https:\/\/ceoparts.com\/de\/wp-json\/wp\/v2\/types\/product"}],"wp:featuredmedia":[{"embeddable":true,"href":"https:\/\/ceoparts.com\/de\/wp-json\/wp\/v2\/media\/16121"}],"wp:attachment":[{"href":"https:\/\/ceoparts.com\/de\/wp-json\/wp\/v2\/media?parent=16119"}],"wp:term":[{"taxonomy":"product_brand","embeddable":true,"href":"https:\/\/ceoparts.com\/de\/wp-json\/wp\/v2\/product_brand?post=16119"},{"taxonomy":"product_cat","embeddable":true,"href":"https:\/\/ceoparts.com\/de\/wp-json\/wp\/v2\/product_cat?post=16119"},{"taxonomy":"product_tag","embeddable":true,"href":"https:\/\/ceoparts.com\/de\/wp-json\/wp\/v2\/product_tag?post=16119"}],"curies":[{"name":"wp","href":"https:\/\/api.w.org\/{rel}","templated":true}]}}