{"id":16124,"date":"2025-03-19T14:38:41","date_gmt":"2025-03-19T11:38:41","guid":{"rendered":"https:\/\/ceoparts.com\/?post_type=product&#038;p=16124"},"modified":"2026-05-17T16:50:24","modified_gmt":"2026-05-17T13:50:24","slug":"250x100-80-5-blickle-yuruyus-tekeri-4493241","status":"publish","type":"product","link":"https:\/\/ceoparts.com\/de\/urun\/250x100-80-5-blickle-yuruyus-tekeri-4493241\/","title":{"rendered":"250&#215;100\/80-5 Blickle Lenkrolle &#8211; 4493241"},"content":{"rendered":"<p>250&#215;100\/80-5 Blickle Lenkrolle &#8211; 4493241<\/p>\n<p><span class=\"short_text\" lang=\"en\"><span class=\"hps\" title=\"Kliknij, aby wy\u015bwietli\u0107 alternatywne t\u0142umaczenia\">4493241 Still, 0009903813 Linde, 95325503 Pimespo 428367,4494575, 8428367<\/span><\/span><\/p>\n<p><span class=\"short_text\" lang=\"en\"><span class=\"hps\" title=\"Kliknij, aby wy\u015bwietli\u0107 alternatywne t\u0142umaczenia\">250&#215;100 5&#215;18<\/span><\/span><\/p>\n<p><span class=\"short_text\" lang=\"en\"><span class=\"hps\" title=\"Kliknij, aby wy\u015bwietli\u0107 alternatywne t\u0142umaczenia\">CS 10M\/711041\/06-06<br \/>\nCS 16S\/711042\/06-06<br \/>\nCS 20\/711040\/06-06<br \/>\nCS 30Z\/711043\/06-06<br \/>\nCX-T\/711050\/01-08<br \/>\nCX20\/711044\/01-07<br \/>\nCXM 10\/711045\/01-07<br \/>\nCXS 16\/711046\/01-07<br \/>\nCXZ 30\/711047\/01-07<br \/>\nEXD S20\/710249\/01-07<br \/>\nEXU-S\/710148-710149\/01-07<\/span><\/span><\/p>","protected":false},"excerpt":{"rendered":"<p data-start=\"1191\" data-end=\"1493\">Das <strong data-start=\"1195\" data-end=\"1231\">250&#215;100\/80-5 Blickle Antriebsrad<\/strong> ist ein langlebiges und zuverl\u00e4ssiges Antriebsrad f\u00fcr Gabelstapler und industrielle Transportger\u00e4te. Hergestellt von Blickle, bietet es eine lange Lebensdauer. Die Polyurethanbeschichtung sch\u00fctzt den Boden, sorgt f\u00fcr einen leisen Betrieb und ist verschlei\u00dffest.<\/p>\n<p data-start=\"1495\" data-end=\"1515\"><strong data-start=\"1495\" data-end=\"1513\">Eigenschaften:<\/strong><\/p>\n<ul data-start=\"1516\" data-end=\"1707\">\n<li data-start=\"1516\" data-end=\"1539\">\n<p data-start=\"1518\" data-end=\"1539\">Gr\u00f6\u00dfe: 250&#215;100\/80-5<\/p>\n<\/li>\n<li data-start=\"1540\" data-end=\"1558\">\n<p data-start=\"1542\" data-end=\"1558\">Marke: Blickle<\/p>\n<\/li>\n<li data-start=\"1559\" data-end=\"1606\">\n<p data-start=\"1561\" data-end=\"1606\">Einsatzgebiet: Antriebsrad f\u00fcr Gabelstapler<\/p>\n<\/li>\n<li data-start=\"1607\" data-end=\"1653\">\n<p data-start=\"1609\" data-end=\"1653\">Polyurethan-Beschichtung f\u00fcr Langlebigkeit<\/p>\n<\/li>\n<li data-start=\"1654\" data-end=\"1688\">\n<p data-start=\"1656\" data-end=\"1688\">Leiser Betrieb und Bodenschutz<\/p>\n<\/li>\n<li data-start=\"1689\" data-end=\"1707\">\n<p data-start=\"1691\" data-end=\"1707\">Verschlei\u00dffest<\/p>\n<\/li>\n<\/ul>\n","protected":false},"featured_media":16125,"template":"","meta":[],"product_brand":[],"product_cat":[241,244,246,249,503,193],"product_tag":[],"class_list":{"0":"post-16124","1":"product","2":"type-product","3":"status-publish","4":"has-post-thumbnail","6":"product_cat-still","7":"product_cat-yuruyus-tekeri-still","8":"product_cat-linde","9":"product_cat-yuruyus-tekeri-linde","10":"product_cat-yuruyus-tekeri-blickle","11":"product_cat-yuruyus-tekeri","13":"first","14":"instock","15":"taxable","16":"shipping-taxable","17":"purchasable","18":"product-type-simple"},"_links":{"self":[{"href":"https:\/\/ceoparts.com\/de\/wp-json\/wp\/v2\/product\/16124","targetHints":{"allow":["GET"]}}],"collection":[{"href":"https:\/\/ceoparts.com\/de\/wp-json\/wp\/v2\/product"}],"about":[{"href":"https:\/\/ceoparts.com\/de\/wp-json\/wp\/v2\/types\/product"}],"wp:featuredmedia":[{"embeddable":true,"href":"https:\/\/ceoparts.com\/de\/wp-json\/wp\/v2\/media\/16125"}],"wp:attachment":[{"href":"https:\/\/ceoparts.com\/de\/wp-json\/wp\/v2\/media?parent=16124"}],"wp:term":[{"taxonomy":"product_brand","embeddable":true,"href":"https:\/\/ceoparts.com\/de\/wp-json\/wp\/v2\/product_brand?post=16124"},{"taxonomy":"product_cat","embeddable":true,"href":"https:\/\/ceoparts.com\/de\/wp-json\/wp\/v2\/product_cat?post=16124"},{"taxonomy":"product_tag","embeddable":true,"href":"https:\/\/ceoparts.com\/de\/wp-json\/wp\/v2\/product_tag?post=16124"}],"curies":[{"name":"wp","href":"https:\/\/api.w.org\/{rel}","templated":true}]}}