{"id":16146,"date":"2025-03-19T17:34:04","date_gmt":"2025-03-19T14:34:04","guid":{"rendered":"https:\/\/ceoparts.com\/?post_type=product&#038;p=16146"},"modified":"2026-05-16T16:34:16","modified_gmt":"2026-05-16T13:34:16","slug":"400x160-80-7b-stellana-yuruyus-tekeri-238970","status":"publish","type":"product","link":"https:\/\/ceoparts.com\/de\/urun\/400x160-80-7b-stellana-yuruyus-tekeri-238970\/","title":{"rendered":"400&#215;160-80 7B Stellana Geh-Rad &#8211; 238970"},"content":{"rendered":"<p>400&#215;160-80 7B Stellana Geh-Rad &#8211; 238970<\/p>\n<p>BT, Toyota BT 238970\u00a0\u00a0 410&#215;150\/160&#215;80<\/p>\n<p>RRE180 (816)<\/p>\n<p>RRE180 C\/E\u00a0(816)<\/p>\n<p>RRE200 (816)<\/p>\n<p>RRE200 C\/E\u00a0(816)<\/p>\n<p>RRE250 (816)<\/p>\n<p>RRE250 C\/E(816)<\/p>","protected":false},"excerpt":{"rendered":"<p data-start=\"1299\" data-end=\"1576\">Das <strong data-start=\"1303\" data-end=\"1341\">400\u00d7160-80 7B Stellana Antriebsrad<\/strong> ist ein hochwertiges Polyurethan-beschichtetes Rad f\u00fcr Antriebssysteme von BT und anderen Lagerfahrzeugen. Es bietet dank Stellana Fertigung eine hervorragende Best\u00e4ndigkeit gegen Verschlei\u00df, St\u00f6\u00dfe und Verformungen unter hohen Lasten.<\/p>\n<p data-start=\"1578\" data-end=\"1598\"><strong data-start=\"1578\" data-end=\"1596\">Eigenschaften:<\/strong><\/p>\n<ul data-start=\"1599\" data-end=\"1800\">\n<li data-start=\"1599\" data-end=\"1620\">\n<p data-start=\"1601\" data-end=\"1620\">Gr\u00f6\u00dfe: 400\u00d7160-80<\/p>\n<\/li>\n<li data-start=\"1621\" data-end=\"1672\">\n<p data-start=\"1623\" data-end=\"1672\">Kompatibel mit BT und \u00e4hnlichen Lagerfahrzeugen<\/p>\n<\/li>\n<li data-start=\"1673\" data-end=\"1702\">\n<p data-start=\"1675\" data-end=\"1702\">Original Stellana Produkt<\/p>\n<\/li>\n<li data-start=\"1703\" data-end=\"1736\">\n<p data-start=\"1705\" data-end=\"1736\">Ger\u00e4uscharm und bodenschonend<\/p>\n<\/li>\n<li data-start=\"1737\" data-end=\"1776\">\n<p data-start=\"1739\" data-end=\"1776\">Hohe Verschlei\u00df- und Sto\u00dffestigkeit<\/p>\n<\/li>\n<li data-start=\"1777\" data-end=\"1800\">\n<p data-start=\"1779\" data-end=\"1800\">Gro\u00dfe Tragf\u00e4higkeit<\/p>\n<\/li>\n<\/ul>\n","protected":false},"featured_media":16151,"template":"","meta":[],"product_brand":[],"product_cat":[251,254,416,418,521,529,193],"product_tag":[],"class_list":{"0":"post-16146","1":"product","2":"type-product","3":"status-publish","4":"has-post-thumbnail","6":"product_cat-bt","7":"product_cat-yuruyus-tekeri-bt","8":"product_cat-stellana","9":"product_cat-yuruyus-tekeri-stellana","10":"product_cat-toyota","11":"product_cat-yuruyus-tekeri-toyota","12":"product_cat-yuruyus-tekeri","14":"first","15":"instock","16":"taxable","17":"shipping-taxable","18":"purchasable","19":"product-type-simple"},"_links":{"self":[{"href":"https:\/\/ceoparts.com\/de\/wp-json\/wp\/v2\/product\/16146","targetHints":{"allow":["GET"]}}],"collection":[{"href":"https:\/\/ceoparts.com\/de\/wp-json\/wp\/v2\/product"}],"about":[{"href":"https:\/\/ceoparts.com\/de\/wp-json\/wp\/v2\/types\/product"}],"wp:featuredmedia":[{"embeddable":true,"href":"https:\/\/ceoparts.com\/de\/wp-json\/wp\/v2\/media\/16151"}],"wp:attachment":[{"href":"https:\/\/ceoparts.com\/de\/wp-json\/wp\/v2\/media?parent=16146"}],"wp:term":[{"taxonomy":"product_brand","embeddable":true,"href":"https:\/\/ceoparts.com\/de\/wp-json\/wp\/v2\/product_brand?post=16146"},{"taxonomy":"product_cat","embeddable":true,"href":"https:\/\/ceoparts.com\/de\/wp-json\/wp\/v2\/product_cat?post=16146"},{"taxonomy":"product_tag","embeddable":true,"href":"https:\/\/ceoparts.com\/de\/wp-json\/wp\/v2\/product_tag?post=16146"}],"curies":[{"name":"wp","href":"https:\/\/api.w.org\/{rel}","templated":true}]}}