{"id":16250,"date":"2025-03-21T16:18:17","date_gmt":"2025-03-21T13:18:17","guid":{"rendered":"https:\/\/ceoparts.com\/?post_type=product&#038;p=16250"},"modified":"2026-05-16T17:51:39","modified_gmt":"2026-05-16T14:51:39","slug":"linde-l16-direksiyon-kolu-3095405938","status":"publish","type":"product","link":"https:\/\/ceoparts.com\/de\/urun\/linde-l16-direksiyon-kolu-3095405938\/","title":{"rendered":"Linde L16 Lenkgriff &#8211; 3095405938"},"content":{"rendered":"<p>Linde L16 Lenkgriff &#8211; 3095405938<\/p>","protected":false},"excerpt":{"rendered":"<p data-start=\"1089\" data-end=\"1336\">Der <strong data-start=\"1093\" data-end=\"1131\">Linde L16 Lenkergriff \u2013 3095405938<\/strong> ist der originale Steuerhebel f\u00fcr Linde L16 Hochhubwagen. Ergonomisches und langlebiges Design sorgt f\u00fcr eine pr\u00e4zise und komfortable Bedienung. Hergestellt aus hochwertigen, verschlei\u00dffesten Materialien.<\/p>\n<p data-start=\"1338\" data-end=\"1358\"><strong data-start=\"1338\" data-end=\"1356\">Eigenschaften:<\/strong><\/p>\n<ul data-start=\"1359\" data-end=\"1494\">\n<li data-start=\"1359\" data-end=\"1397\">\n<p data-start=\"1361\" data-end=\"1397\">Volle Kompatibilit\u00e4t mit Linde L16<\/p>\n<\/li>\n<li data-start=\"1398\" data-end=\"1435\">\n<p data-start=\"1400\" data-end=\"1435\">Ergonomisches und robustes Design<\/p>\n<\/li>\n<li data-start=\"1436\" data-end=\"1473\">\n<p data-start=\"1438\" data-end=\"1473\">Pr\u00e4zise und komfortable Steuerung<\/p>\n<\/li>\n<li data-start=\"1474\" data-end=\"1494\">\n<p data-start=\"1476\" data-end=\"1494\">Einfache Montage<\/p>\n<\/li>\n<\/ul>\n<p>Linde L14-16, Seri 372, Referans 3095405938, 3093810427 i\u00e7in 3093810427<\/p>\n","protected":false},"featured_media":16251,"template":"","meta":[],"product_brand":[],"product_cat":[246,450,523],"product_tag":[],"class_list":{"0":"post-16250","1":"product","2":"type-product","3":"status-publish","4":"has-post-thumbnail","6":"product_cat-linde","7":"product_cat-direksiyon-sistemleri","8":"product_cat-yedek-parca-linde","10":"first","11":"instock","12":"taxable","13":"shipping-taxable","14":"purchasable","15":"product-type-simple"},"_links":{"self":[{"href":"https:\/\/ceoparts.com\/de\/wp-json\/wp\/v2\/product\/16250","targetHints":{"allow":["GET"]}}],"collection":[{"href":"https:\/\/ceoparts.com\/de\/wp-json\/wp\/v2\/product"}],"about":[{"href":"https:\/\/ceoparts.com\/de\/wp-json\/wp\/v2\/types\/product"}],"wp:featuredmedia":[{"embeddable":true,"href":"https:\/\/ceoparts.com\/de\/wp-json\/wp\/v2\/media\/16251"}],"wp:attachment":[{"href":"https:\/\/ceoparts.com\/de\/wp-json\/wp\/v2\/media?parent=16250"}],"wp:term":[{"taxonomy":"product_brand","embeddable":true,"href":"https:\/\/ceoparts.com\/de\/wp-json\/wp\/v2\/product_brand?post=16250"},{"taxonomy":"product_cat","embeddable":true,"href":"https:\/\/ceoparts.com\/de\/wp-json\/wp\/v2\/product_cat?post=16250"},{"taxonomy":"product_tag","embeddable":true,"href":"https:\/\/ceoparts.com\/de\/wp-json\/wp\/v2\/product_tag?post=16250"}],"curies":[{"name":"wp","href":"https:\/\/api.w.org\/{rel}","templated":true}]}}