{"id":16261,"date":"2025-03-22T11:34:56","date_gmt":"2025-03-22T08:34:56","guid":{"rendered":"https:\/\/ceoparts.com\/?post_type=product&#038;p=16261"},"modified":"2026-05-16T15:25:09","modified_gmt":"2026-05-16T12:25:09","slug":"albright-linde-acil-stop-kontaktoru-7915491610-7915491622","status":"publish","type":"product","link":"https:\/\/ceoparts.com\/de\/urun\/albright-linde-acil-stop-kontaktoru-7915491610-7915491622\/","title":{"rendered":"Albright Linde Not-Aus Kontaktor &#8211; 7915491610, 7915491622"},"content":{"rendered":"<p>Albright Linde Not-Aus Kontaktor &#8211; 7915491610, 7915491622<\/p>\n<table border=\"0\" width=\"339\" cellspacing=\"0\" cellpadding=\"0\">\n<colgroup>\n<col width=\"84\" \/>\n<col width=\"255\" \/><\/colgroup>\n<tbody>\n<tr>\n<td class=\"xl65\" width=\"84\" height=\"20\"><span style=\"font-family: Calibri;\">1158<\/span><\/td>\n<td class=\"xl65\" width=\"255\"><span style=\"font-family: Calibri;\">T30\/T30AP<\/span><\/td>\n<\/tr>\n<tr>\n<td class=\"xl65\" height=\"20\"><span style=\"font-family: Calibri;\">1158<\/span><\/td>\n<td class=\"xl65\"><span style=\"font-family: Calibri;\">T20AP-04\/T20SP<\/span><\/td>\n<\/tr>\n<tr>\n<td class=\"xl65\" height=\"20\"><span style=\"font-family: Calibri;\">1170<\/span><\/td>\n<td class=\"xl65\"><span style=\"font-family: Calibri;\">L06\/10\/12\/16AC<\/span><\/td>\n<\/tr>\n<tr>\n<td class=\"xl65\" height=\"20\"><span style=\"font-family: Calibri;\">131<\/span><\/td>\n<td class=\"xl65\"><span style=\"font-family: Calibri;\">T20AP\/T20SP<\/span><\/td>\n<\/tr>\n<tr>\n<td class=\"xl65\" height=\"20\"><span style=\"font-family: Calibri;\">131<\/span><\/td>\n<td class=\"xl65\"><span style=\"font-family: Calibri;\">T30<\/span><\/td>\n<\/tr>\n<tr>\n<td class=\"xl65\" height=\"20\"><span style=\"font-family: Calibri;\">131<\/span><\/td>\n<td class=\"xl65\"><span style=\"font-family: Calibri;\">L14\/16AS<\/span><\/td>\n<\/tr>\n<tr>\n<td class=\"xl65\" height=\"20\"><span style=\"font-family: Calibri;\">131<\/span><\/td>\n<td class=\"xl65\"><span style=\"font-family: Calibri;\">P50<\/span><\/td>\n<\/tr>\n<tr>\n<td class=\"xl65\" height=\"20\"><span style=\"font-family: Calibri;\">133<\/span><\/td>\n<td class=\"xl65\"><span style=\"font-family: Calibri;\">L12\/L14-L12L\/L14L-L12LHP<\/span><\/td>\n<\/tr>\n<tr>\n<td class=\"xl65\" height=\"20\"><span style=\"font-family: Calibri;\">372<\/span><\/td>\n<td class=\"xl65\"><span style=\"font-family: Calibri;\">L14\/16\/L14AP\/16AP<\/span><\/td>\n<\/tr>\n<\/tbody>\n<\/table>","protected":false},"excerpt":{"rendered":"<p data-start=\"1329\" data-end=\"1670\">Der <strong data-start=\"1333\" data-end=\"1392\">Albright Linde Not-Aus-Sch\u00fctz \u2013 7915491610 , 7915491622<\/strong> ist ein unverzichtbares Sicherheitsbauteil, das im Notfall den Stromkreis sofort unterbricht und so die Sicherheit von System und Bediener gew\u00e4hrleistet. Speziell f\u00fcr Linde Gabelstapler entwickelt. Robuste Bauweise, schnelle Reaktionszeit und langlebige, zuverl\u00e4ssige Leistung.<\/p>\n<p data-start=\"1672\" data-end=\"1692\"><strong data-start=\"1672\" data-end=\"1690\">Eigenschaften:<\/strong><\/p>\n<ul data-start=\"1693\" data-end=\"1845\">\n<li data-start=\"1693\" data-end=\"1731\">\n<p data-start=\"1695\" data-end=\"1731\">Kompatibel mit Linde Gabelstaplern<\/p>\n<\/li>\n<li data-start=\"1732\" data-end=\"1771\">\n<p data-start=\"1734\" data-end=\"1771\">Hochsichere Stromkreisunterbrechung<\/p>\n<\/li>\n<li data-start=\"1772\" data-end=\"1810\">\n<p data-start=\"1774\" data-end=\"1810\">Robuste und hochwertige Ausf\u00fchrung<\/p>\n<\/li>\n<li data-start=\"1811\" data-end=\"1845\">\n<p data-start=\"1813\" data-end=\"1845\">Einfache Montage und Anschluss<\/p>\n<\/li>\n<\/ul>\n","protected":false},"featured_media":16262,"template":"","meta":[],"product_brand":[],"product_cat":[462,523,246],"product_tag":[],"class_list":{"0":"post-16261","1":"product","2":"type-product","3":"status-publish","4":"has-post-thumbnail","6":"product_cat-kontaktorler","7":"product_cat-yedek-parca-linde","8":"product_cat-linde","10":"first","11":"instock","12":"taxable","13":"shipping-taxable","14":"purchasable","15":"product-type-simple"},"_links":{"self":[{"href":"https:\/\/ceoparts.com\/de\/wp-json\/wp\/v2\/product\/16261","targetHints":{"allow":["GET"]}}],"collection":[{"href":"https:\/\/ceoparts.com\/de\/wp-json\/wp\/v2\/product"}],"about":[{"href":"https:\/\/ceoparts.com\/de\/wp-json\/wp\/v2\/types\/product"}],"wp:featuredmedia":[{"embeddable":true,"href":"https:\/\/ceoparts.com\/de\/wp-json\/wp\/v2\/media\/16262"}],"wp:attachment":[{"href":"https:\/\/ceoparts.com\/de\/wp-json\/wp\/v2\/media?parent=16261"}],"wp:term":[{"taxonomy":"product_brand","embeddable":true,"href":"https:\/\/ceoparts.com\/de\/wp-json\/wp\/v2\/product_brand?post=16261"},{"taxonomy":"product_cat","embeddable":true,"href":"https:\/\/ceoparts.com\/de\/wp-json\/wp\/v2\/product_cat?post=16261"},{"taxonomy":"product_tag","embeddable":true,"href":"https:\/\/ceoparts.com\/de\/wp-json\/wp\/v2\/product_tag?post=16261"}],"curies":[{"name":"wp","href":"https:\/\/api.w.org\/{rel}","templated":true}]}}