{"id":16278,"date":"2025-03-24T11:58:26","date_gmt":"2025-03-24T08:58:26","guid":{"rendered":"https:\/\/ceoparts.com\/?post_type=product&#038;p=16278"},"modified":"2026-05-16T09:37:38","modified_gmt":"2026-05-16T06:37:38","slug":"jungheinrich-efg-430k-devir-sensoru-51267083","status":"publish","type":"product","link":"https:\/\/ceoparts.com\/de\/urun\/jungheinrich-efg-430k-devir-sensoru-51267083\/","title":{"rendered":"Jungheinrich EFG 430K Drehzahlsensor &#8211; 51267083"},"content":{"rendered":"<p>Jungheinrich EFG 430K Drehzahlsensor &#8211; 51267083<\/p>","protected":false},"excerpt":{"rendered":"<p data-start=\"1518\" data-end=\"1918\">Der <strong data-start=\"1522\" data-end=\"1573\">Jungheinrich EFG 430K Drehzahlsensor \u2013 51267083<\/strong> misst pr\u00e4zise die Motordrehzahl von Elektrostaplern und \u00fcbertr\u00e4gt diese an das Steuersystem. Der Sensor ist vollst\u00e4ndig kompatibel mit EFG 430K-Modellen und sorgt f\u00fcr eine zuverl\u00e4ssige Steuerung von Geschwindigkeit und Leistung. Dank robuster und langlebiger Bauweise wird das Ausfallrisiko minimiert und der Betriebsablauf bleibt st\u00f6rungsfrei.<\/p>\n<p data-start=\"1920\" data-end=\"1940\"><strong data-start=\"1920\" data-end=\"1938\">Eigenschaften:<\/strong><\/p>\n<ul data-start=\"1941\" data-end=\"2137\">\n<li data-start=\"1941\" data-end=\"1995\">\n<p data-start=\"1943\" data-end=\"1995\">Voll kompatibel mit Jungheinrich EFG 430K Staplern<\/p>\n<\/li>\n<li data-start=\"1996\" data-end=\"2042\">\n<p data-start=\"1998\" data-end=\"2042\">Motordrehzahlmessung und Signal\u00fcbertragung<\/p>\n<\/li>\n<li data-start=\"2043\" data-end=\"2078\">\n<p data-start=\"2045\" data-end=\"2078\">Robustes, hochwertiges Material<\/p>\n<\/li>\n<li data-start=\"2079\" data-end=\"2113\">\n<p data-start=\"2081\" data-end=\"2113\">Einfache Montage und Austausch<\/p>\n<\/li>\n<li data-start=\"2114\" data-end=\"2137\">\n<p data-start=\"2116\" data-end=\"2137\">Langlebige Leistung<\/p>\n<\/li>\n<\/ul>\n","protected":false},"featured_media":16282,"template":"","meta":[],"product_brand":[],"product_cat":[236,251,469,518,522],"product_tag":[],"class_list":{"0":"post-16278","1":"product","2":"type-product","3":"status-publish","4":"has-post-thumbnail","6":"product_cat-jungheinrich","7":"product_cat-bt","8":"product_cat-elektrik-ve-sistem-parcalari","9":"product_cat-yedek-parca-bt","10":"product_cat-yedek-parca-jungheinrich","12":"first","13":"instock","14":"taxable","15":"shipping-taxable","16":"purchasable","17":"product-type-simple"},"_links":{"self":[{"href":"https:\/\/ceoparts.com\/de\/wp-json\/wp\/v2\/product\/16278","targetHints":{"allow":["GET"]}}],"collection":[{"href":"https:\/\/ceoparts.com\/de\/wp-json\/wp\/v2\/product"}],"about":[{"href":"https:\/\/ceoparts.com\/de\/wp-json\/wp\/v2\/types\/product"}],"wp:featuredmedia":[{"embeddable":true,"href":"https:\/\/ceoparts.com\/de\/wp-json\/wp\/v2\/media\/16282"}],"wp:attachment":[{"href":"https:\/\/ceoparts.com\/de\/wp-json\/wp\/v2\/media?parent=16278"}],"wp:term":[{"taxonomy":"product_brand","embeddable":true,"href":"https:\/\/ceoparts.com\/de\/wp-json\/wp\/v2\/product_brand?post=16278"},{"taxonomy":"product_cat","embeddable":true,"href":"https:\/\/ceoparts.com\/de\/wp-json\/wp\/v2\/product_cat?post=16278"},{"taxonomy":"product_tag","embeddable":true,"href":"https:\/\/ceoparts.com\/de\/wp-json\/wp\/v2\/product_tag?post=16278"}],"curies":[{"name":"wp","href":"https:\/\/api.w.org\/{rel}","templated":true}]}}