{"id":16320,"date":"2025-03-25T09:18:04","date_gmt":"2025-03-25T06:18:04","guid":{"rendered":"https:\/\/ceoparts.com\/?post_type=product&#038;p=16320"},"modified":"2026-05-16T15:14:08","modified_gmt":"2026-05-16T12:14:08","slug":"still-fmx-kapak-on-gogus-51904380200","status":"publish","type":"product","link":"https:\/\/ceoparts.com\/de\/urun\/still-fmx-kapak-on-gogus-51904380200\/","title":{"rendered":"STILL FMX Frontabdeckung Brust &#8211; 51904380200"},"content":{"rendered":"<p>STILL FMX Frontabdeckung Brust &#8211; 51904380200<\/p>\n<div id=\"product-description-short-10169\" class=\"description-short\">\n<p>FM-X 10-25 (1900-1922 )51908010000<\/p>\n<\/div>\n<div id=\"product-details\" class=\"product-description\" style=\"box-sizing: inherit; opacity: 1; color: #231f20; font-family: Rubik, sans-serif; font-size: 15px; font-style: normal; font-variant-ligatures: normal; font-variant-caps: normal; font-weight: 400; letter-spacing: normal; orphans: 2; text-align: start; text-indent: 0px; text-transform: none; widows: 2; word-spacing: 0px; -webkit-text-stroke-width: 0px; white-space: normal; background-color: #ffffff; text-decoration-thickness: initial; text-decoration-style: initial; text-decoration-color: initial;\" data-product=\"{&quot;id_shop_default&quot;:1,&quot;id_manufacturer&quot;:0,&quot;id_supplier&quot;:1,&quot;reference&quot;:&quot;140685&quot;,&quot;is_virtual&quot;:&quot;0&quot;,&quot;delivery_in_stock&quot;:&quot;&quot;,&quot;delivery_out_stock&quot;:&quot;&quot;,&quot;id_category_default&quot;:1692,&quot;on_sale&quot;:&quot;0&quot;,&quot;online_only&quot;:&quot;0&quot;,&quot;ecotax&quot;:0,&quot;minimal_quantity&quot;:1,&quot;low_stock_threshold&quot;:null,&quot;low_stock_alert&quot;:&quot;0&quot;,&quot;price&quot;:&quot;u20ac204.88&quot;,&quot;unity&quot;:&quot;szt.&quot;,&quot;unit_price&quot;:&quot;u20ac0.00&quot;,&quot;unit_price_ratio&quot;:0,&quot;additional_shipping_cost&quot;:&quot;0.000000&quot;,&quot;customizable&quot;:0,&quot;text_fields&quot;:0,&quot;uploadable_files&quot;:0,&quot;active&quot;:&quot;1&quot;,&quot;redirect_type&quot;:&quot;default&quot;,&quot;id_type_redirected&quot;:0,&quot;available_for_order&quot;:&quot;1&quot;,&quot;available_date&quot;:&quot;2024-02-29&quot;,&quot;show_condition&quot;:&quot;1&quot;,&quot;condition&quot;:&quot;new&quot;,&quot;show_price&quot;:&quot;1&quot;,&quot;indexed&quot;:&quot;1&quot;,&quot;visibility&quot;:&quot;both&quot;,&quot;cache_default_attribute&quot;:0,&quot;advanced_stock_management&quot;:&quot;0&quot;,&quot;date_add&quot;:&quot;2024-02-29 13:01:18&quot;,&quot;date_upd&quot;:&quot;2024-05-10 12:59:32&quot;,&quot;pack_stock_type&quot;:3,&quot;meta_description&quot;:&quot;&quot;,&quot;meta_keywords&quot;:&quot;&quot;,&quot;meta_title&quot;:&quot;pANEL HOOD STILL FM-X 10-25 51904380200&quot;,&quot;link_rewrite&quot;:&quot;panel-hood-still-fm-x-10-25-51904380200&quot;,&quot;name&quot;:&quot;PANEL HOOD STILL FM-X 10-25 51904380200&quot;,&quot;description&quot;:&quot;rn&lt;P&gt;Pokrywa \/ Panel hood&lt;\/P&gt;rn&lt;P&gt;STILL&amp;nbsp; FM-X 10-25 51904380200&lt;\/P&gt;rn&quot;,&quot;description_short&quot;:&quot;&lt;p&gt;FM-X 10-25 (1900-1922 )51908010000&lt;\/p&gt;&quot;,&quot;available_now&quot;:&quot;&quot;,&quot;available_later&quot;:&quot;&quot;,&quot;id&quot;:10169,&quot;id_product&quot;:10169,&quot;out_of_stock&quot;:2,&quot;new&quot;:0,&quot;id_product_attribute&quot;:0,&quot;quantity_wanted&quot;:1,&quot;extraContent&quot;:[],&quot;allow_oosp&quot;:1,&quot;category&quot;:&quot;still&quot;,&quot;category_name&quot;:&quot;Still&quot;,&quot;link&quot;:&quot;https:\/\/directparts.eu\/still\/10169-panel-hood-still-fm-x-10-25-51904380200-140685.html&quot;,&quot;manufacturer_name&quot;:null,&quot;attribute_price&quot;:0,&quot;price_tax_exc&quot;:204.8799999999999954525264911353588104248046875,&quot;price_without_reduction&quot;:204.8799999999999954525264911353588104248046875,&quot;reduction&quot;:0,&quot;specific_prices&quot;:false,&quot;quantity&quot;:0,&quot;quantity_all_versions&quot;:0,&quot;id_image&quot;:&quot;en-default&quot;,&quot;features&quot;:[],&quot;attachments&quot;:[],&quot;virtual&quot;:0,&quot;pack&quot;:0,&quot;packItems&quot;:[],&quot;nopackprice&quot;:0,&quot;customization_required&quot;:false,&quot;rate&quot;:0,&quot;tax_name&quot;:&quot;&quot;,&quot;ecotax_rate&quot;:0,&quot;customizations&quot;:{&quot;fields&quot;:[]},&quot;id_customization&quot;:0,&quot;is_customizable&quot;:false,&quot;show_quantities&quot;:false,&quot;quantity_label&quot;:&quot;Item&quot;,&quot;quantity_discounts&quot;:[],&quot;customer_group_discount&quot;:0,&quot;images&quot;:[{&quot;cover&quot;:1,&quot;id_image&quot;:46503,&quot;legend&quot;:&quot;pANEL HOOD STILL FM-X 10-25 51904380200&quot;,&quot;position&quot;:1,&quot;bySize&quot;:{&quot;small_default&quot;:{&quot;url&quot;:&quot;https:\/\/directparts.eu\/46503-small_default\/panel-hood-still-fm-x-10-25-51904380200.jpg&quot;,&quot;width&quot;:98,&quot;height&quot;:123,&quot;sources&quot;:{&quot;jpg&quot;:&quot;https:\/\/directparts.eu\/46503-small_default\/panel-hood-still-fm-x-10-25-51904380200.jpg&quot;}},&quot;cart_default&quot;:{&quot;url&quot;:&quot;https:\/\/directparts.eu\/46503-cart_default\/panel-hood-still-fm-x-10-25-51904380200.jpg&quot;,&quot;width&quot;:125,&quot;height&quot;:157,&quot;sources&quot;:{&quot;jpg&quot;:&quot;https:\/\/directparts.eu\/46503-cart_default\/panel-hood-still-fm-x-10-25-51904380200.jpg&quot;}},&quot;medium_default&quot;:{&quot;url&quot;:&quot;https:\/\/directparts.eu\/46503-medium_default\/panel-hood-still-fm-x-10-25-51904380200.jpg&quot;,&quot;width&quot;:378,&quot;height&quot;:472,&quot;sources&quot;:{&quot;jpg&quot;:&quot;https:\/\/directparts.eu\/46503-medium_default\/panel-hood-still-fm-x-10-25-51904380200.jpg&quot;}},&quot;home_default&quot;:{&quot;url&quot;:&quot;https:\/\/directparts.eu\/46503-home_default\/panel-hood-still-fm-x-10-25-51904380200.jpg&quot;,&quot;width&quot;:378,&quot;height&quot;:472,&quot;sources&quot;:{&quot;jpg&quot;:&quot;https:\/\/directparts.eu\/46503-home_default\/panel-hood-still-fm-x-10-25-51904380200.jpg&quot;}},&quot;large_default&quot;:{&quot;url&quot;:&quot;https:\/\/directparts.eu\/46503-large_default\/panel-hood-still-fm-x-10-25-51904380200.jpg&quot;,&quot;width&quot;:800,&quot;height&quot;:1000,&quot;sources&quot;:{&quot;jpg&quot;:&quot;https:\/\/directparts.eu\/46503-large_default\/panel-hood-still-fm-x-10-25-51904380200.jpg&quot;}}},&quot;small&quot;:{&quot;url&quot;:&quot;https:\/\/directparts.eu\/46503-small_default\/panel-hood-still-fm-x-10-25-51904380200.jpg&quot;,&quot;width&quot;:98,&quot;height&quot;:123,&quot;sources&quot;:{&quot;jpg&quot;:&quot;https:\/\/directparts.eu\/46503-small_default\/panel-hood-still-fm-x-10-25-51904380200.jpg&quot;}},&quot;medium&quot;:{&quot;url&quot;:&quot;https:\/\/directparts.eu\/46503-medium_default\/panel-hood-still-fm-x-10-25-51904380200.jpg&quot;,&quot;width&quot;:378,&quot;height&quot;:472,&quot;sources&quot;:{&quot;jpg&quot;:&quot;https:\/\/directparts.eu\/46503-medium_default\/panel-hood-still-fm-x-10-25-51904380200.jpg&quot;}},&quot;large&quot;:{&quot;url&quot;:&quot;https:\/\/directparts.eu\/46503-large_default\/panel-hood-still-fm-x-10-25-51904380200.jpg&quot;,&quot;width&quot;:800,&quot;height&quot;:1000,&quot;sources&quot;:{&quot;jpg&quot;:&quot;https:\/\/directparts.eu\/46503-large_default\/panel-hood-still-fm-x-10-25-51904380200.jpg&quot;}},&quot;associatedVariants&quot;:[]}],&quot;cover&quot;:{&quot;cover&quot;:1,&quot;id_image&quot;:46503,&quot;legend&quot;:&quot;pANEL HOOD STILL FM-X 10-25 51904380200&quot;,&quot;position&quot;:1,&quot;bySize&quot;:{&quot;small_default&quot;:{&quot;url&quot;:&quot;https:\/\/directparts.eu\/46503-small_default\/panel-hood-still-fm-x-10-25-51904380200.jpg&quot;,&quot;width&quot;:98,&quot;height&quot;:123,&quot;sources&quot;:{&quot;jpg&quot;:&quot;https:\/\/directparts.eu\/46503-small_default\/panel-hood-still-fm-x-10-25-51904380200.jpg&quot;}},&quot;cart_default&quot;:{&quot;url&quot;:&quot;https:\/\/directparts.eu\/46503-cart_default\/panel-hood-still-fm-x-10-25-51904380200.jpg&quot;,&quot;width&quot;:125,&quot;height&quot;:157,&quot;sources&quot;:{&quot;jpg&quot;:&quot;https:\/\/directparts.eu\/46503-cart_default\/panel-hood-still-fm-x-10-25-51904380200.jpg&quot;}},&quot;medium_default&quot;:{&quot;url&quot;:&quot;https:\/\/directparts.eu\/46503-medium_default\/panel-hood-still-fm-x-10-25-51904380200.jpg&quot;,&quot;width&quot;:378,&quot;height&quot;:472,&quot;sources&quot;:{&quot;jpg&quot;:&quot;https:\/\/directparts.eu\/46503-medium_default\/panel-hood-still-fm-x-10-25-51904380200.jpg&quot;}},&quot;home_default&quot;:{&quot;url&quot;:&quot;https:\/\/directparts.eu\/46503-home_default\/panel-hood-still-fm-x-10-25-51904380200.jpg&quot;,&quot;width&quot;:378,&quot;height&quot;:472,&quot;sources&quot;:{&quot;jpg&quot;:&quot;https:\/\/directparts.eu\/46503-home_default\/panel-hood-still-fm-x-10-25-51904380200.jpg&quot;}},&quot;large_default&quot;:{&quot;url&quot;:&quot;https:\/\/directparts.eu\/46503-large_default\/panel-hood-still-fm-x-10-25-51904380200.jpg&quot;,&quot;width&quot;:800,&quot;height&quot;:1000,&quot;sources&quot;:{&quot;jpg&quot;:&quot;https:\/\/directparts.eu\/46503-large_default\/panel-hood-still-fm-x-10-25-51904380200.jpg&quot;}}},&quot;small&quot;:{&quot;url&quot;:&quot;https:\/\/directparts.eu\/46503-small_default\/panel-hood-still-fm-x-10-25-51904380200.jpg&quot;,&quot;width&quot;:98,&quot;height&quot;:123,&quot;sources&quot;:{&quot;jpg&quot;:&quot;https:\/\/directparts.eu\/46503-small_default\/panel-hood-still-fm-x-10-25-51904380200.jpg&quot;}},&quot;medium&quot;:{&quot;url&quot;:&quot;https:\/\/directparts.eu\/46503-medium_default\/panel-hood-still-fm-x-10-25-51904380200.jpg&quot;,&quot;width&quot;:378,&quot;height&quot;:472,&quot;sources&quot;:{&quot;jpg&quot;:&quot;https:\/\/directparts.eu\/46503-medium_default\/panel-hood-still-fm-x-10-25-51904380200.jpg&quot;}},&quot;large&quot;:{&quot;url&quot;:&quot;https:\/\/directparts.eu\/46503-large_default\/panel-hood-still-fm-x-10-25-51904380200.jpg&quot;,&quot;width&quot;:800,&quot;height&quot;:1000,&quot;sources&quot;:{&quot;jpg&quot;:&quot;https:\/\/directparts.eu\/46503-large_default\/panel-hood-still-fm-x-10-25-51904380200.jpg&quot;}},&quot;associatedVariants&quot;:[]},&quot;has_discount&quot;:false,&quot;discount_type&quot;:null,&quot;discount_percentage&quot;:null,&quot;discount_percentage_absolute&quot;:null,&quot;discount_amount&quot;:null,&quot;discount_amount_to_display&quot;:null,&quot;price_amount&quot;:204.8799999999999954525264911353588104248046875,&quot;unit_price_full&quot;:&quot;u20ac0.00 szt.&quot;,&quot;show_availability&quot;:true,&quot;availability_message&quot;:&quot;1 day shipping&quot;,&quot;availability_date&quot;:null,&quot;availability&quot;:&quot;available&quot;}\">\n<p>STILL\u00a0 FM-X 10-25 51904380200<\/p>\n<\/div>","protected":false},"excerpt":{"rendered":"<p data-start=\"921\" data-end=\"1198\">Die <strong data-start=\"925\" data-end=\"973\">STILL FMX Frontabdeckung Brust \u2013 51904380200<\/strong> ist ein Frontabdeckungs-Teil f\u00fcr Ihren Gabelstapler. Hergestellt aus langlebigen Materialien sch\u00fctzt sie die Vorderseite Ihres Fahrzeugs und sorgt f\u00fcr Stabilit\u00e4t. Kompatibel mit STILL FMX Modellen und ein Originalersatzteil.<\/p>\n<p data-start=\"1200\" data-end=\"1220\"><strong data-start=\"1200\" data-end=\"1218\">Eigenschaften:<\/strong><\/p>\n<ul data-start=\"1221\" data-end=\"1346\">\n<li data-start=\"1221\" data-end=\"1260\">\n<p data-start=\"1223\" data-end=\"1260\">Robuste und langlebige Konstruktion<\/p>\n<\/li>\n<li data-start=\"1261\" data-end=\"1290\">\n<p data-start=\"1263\" data-end=\"1290\">Original STILL Ersatzteil<\/p>\n<\/li>\n<li data-start=\"1291\" data-end=\"1323\">\n<p data-start=\"1293\" data-end=\"1323\">Frontschutz f\u00fcr Gabelstapler<\/p>\n<\/li>\n<li data-start=\"1324\" data-end=\"1346\">\n<p data-start=\"1326\" data-end=\"1346\">Langlebige Nutzung<\/p>\n<\/li>\n<\/ul>\n","protected":false},"featured_media":16321,"template":"","meta":[],"product_brand":[],"product_cat":[241,472,524],"product_tag":[],"class_list":{"0":"post-16320","1":"product","2":"type-product","3":"status-publish","4":"has-post-thumbnail","6":"product_cat-still","7":"product_cat-kaporta-aksami","8":"product_cat-yedek-parca-still","10":"first","11":"instock","12":"taxable","13":"shipping-taxable","14":"purchasable","15":"product-type-simple"},"_links":{"self":[{"href":"https:\/\/ceoparts.com\/de\/wp-json\/wp\/v2\/product\/16320","targetHints":{"allow":["GET"]}}],"collection":[{"href":"https:\/\/ceoparts.com\/de\/wp-json\/wp\/v2\/product"}],"about":[{"href":"https:\/\/ceoparts.com\/de\/wp-json\/wp\/v2\/types\/product"}],"wp:featuredmedia":[{"embeddable":true,"href":"https:\/\/ceoparts.com\/de\/wp-json\/wp\/v2\/media\/16321"}],"wp:attachment":[{"href":"https:\/\/ceoparts.com\/de\/wp-json\/wp\/v2\/media?parent=16320"}],"wp:term":[{"taxonomy":"product_brand","embeddable":true,"href":"https:\/\/ceoparts.com\/de\/wp-json\/wp\/v2\/product_brand?post=16320"},{"taxonomy":"product_cat","embeddable":true,"href":"https:\/\/ceoparts.com\/de\/wp-json\/wp\/v2\/product_cat?post=16320"},{"taxonomy":"product_tag","embeddable":true,"href":"https:\/\/ceoparts.com\/de\/wp-json\/wp\/v2\/product_tag?post=16320"}],"curies":[{"name":"wp","href":"https:\/\/api.w.org\/{rel}","templated":true}]}}