{"id":16347,"date":"2025-03-25T10:47:02","date_gmt":"2025-03-25T07:47:02","guid":{"rendered":"https:\/\/ceoparts.com\/?post_type=product&#038;p=16347"},"modified":"2026-05-16T21:00:24","modified_gmt":"2026-05-16T18:00:24","slug":"bt-rre160-koltuk-alti-kapak-7010158173","status":"publish","type":"product","link":"https:\/\/ceoparts.com\/de\/urun\/bt-rre160-koltuk-alti-kapak-7010158173\/","title":{"rendered":"BT RRE160 Sitzabdeckung &#8211; 7010158173"},"content":{"rendered":"<p>BT RRE160 Sitzabdeckung &#8211; 7010158173<\/p>","protected":false},"excerpt":{"rendered":"<p data-start=\"1037\" data-end=\"1336\">Die <strong data-start=\"1041\" data-end=\"1088\">BT RRE160 Unter Sitz Abdeckung \u2013 7010158173<\/strong> ist ein langlebiges und robustes Ersatzteil, das die Unterseite des Gabelstaplersitzes sch\u00fctzt. Es sch\u00fctzt die internen Komponenten des Gabelstaplers vor Staub, Schmutz und St\u00f6\u00dfen. Original BT Teil mit einfacher Montage f\u00fcr langanhaltende Nutzung.<\/p>\n<p data-start=\"1338\" data-end=\"1358\"><strong data-start=\"1338\" data-end=\"1356\">Eigenschaften:<\/strong><\/p>\n<ul data-start=\"1359\" data-end=\"1463\">\n<li data-start=\"1359\" data-end=\"1379\">\n<p data-start=\"1361\" data-end=\"1379\">Original BT Teil<\/p>\n<\/li>\n<li data-start=\"1380\" data-end=\"1415\">\n<p data-start=\"1382\" data-end=\"1415\">Robustes und langlebiges Design<\/p>\n<\/li>\n<li data-start=\"1416\" data-end=\"1442\">\n<p data-start=\"1418\" data-end=\"1442\">Sch\u00fctzt unter dem Sitz<\/p>\n<\/li>\n<li data-start=\"1443\" data-end=\"1463\">\n<p data-start=\"1445\" data-end=\"1463\">Einfache Montage<\/p>\n<\/li>\n<\/ul>\n","protected":false},"featured_media":16348,"template":"","meta":[],"product_brand":[],"product_cat":[251,472,518],"product_tag":[],"class_list":{"0":"post-16347","1":"product","2":"type-product","3":"status-publish","4":"has-post-thumbnail","6":"product_cat-bt","7":"product_cat-kaporta-aksami","8":"product_cat-yedek-parca-bt","10":"first","11":"instock","12":"taxable","13":"shipping-taxable","14":"purchasable","15":"product-type-simple"},"_links":{"self":[{"href":"https:\/\/ceoparts.com\/de\/wp-json\/wp\/v2\/product\/16347","targetHints":{"allow":["GET"]}}],"collection":[{"href":"https:\/\/ceoparts.com\/de\/wp-json\/wp\/v2\/product"}],"about":[{"href":"https:\/\/ceoparts.com\/de\/wp-json\/wp\/v2\/types\/product"}],"wp:featuredmedia":[{"embeddable":true,"href":"https:\/\/ceoparts.com\/de\/wp-json\/wp\/v2\/media\/16348"}],"wp:attachment":[{"href":"https:\/\/ceoparts.com\/de\/wp-json\/wp\/v2\/media?parent=16347"}],"wp:term":[{"taxonomy":"product_brand","embeddable":true,"href":"https:\/\/ceoparts.com\/de\/wp-json\/wp\/v2\/product_brand?post=16347"},{"taxonomy":"product_cat","embeddable":true,"href":"https:\/\/ceoparts.com\/de\/wp-json\/wp\/v2\/product_cat?post=16347"},{"taxonomy":"product_tag","embeddable":true,"href":"https:\/\/ceoparts.com\/de\/wp-json\/wp\/v2\/product_tag?post=16347"}],"curies":[{"name":"wp","href":"https:\/\/api.w.org\/{rel}","templated":true}]}}