{"id":16357,"date":"2025-03-25T11:07:11","date_gmt":"2025-03-25T08:07:11","guid":{"rendered":"https:\/\/ceoparts.com\/?post_type=product&#038;p=16357"},"modified":"2026-05-16T18:39:40","modified_gmt":"2026-05-16T15:39:40","slug":"cat-forklift-yan-kapak-9701312800","status":"publish","type":"product","link":"https:\/\/ceoparts.com\/de\/urun\/cat-forklift-yan-kapak-9701312800\/","title":{"rendered":"Cat Gabelstapler Seitenabdeckung &#8211; 9701312800"},"content":{"rendered":"<p>Cat Gabelstapler Seitenabdeckung &#8211; 9701312800<\/p>","protected":false},"excerpt":{"rendered":"<p data-start=\"1163\" data-end=\"1488\">Die <strong data-start=\"1167\" data-end=\"1216\">Cat Gabelstapler Seitenabdeckung \u2013 9701312800<\/strong> ist eine Original-Seitenabdeckung f\u00fcr Cat Gabelstapler. Sie sch\u00fctzt Motor und innere Komponenten vor \u00e4u\u00dferen Einfl\u00fcssen, verbessert die Arbeitssicherheit und sorgt f\u00fcr eine lange Lebensdauer des Ger\u00e4ts. Hergestellt aus strapazierf\u00e4higem Material und einfach zu montieren.<\/p>\n<p data-start=\"1490\" data-end=\"1510\"><strong data-start=\"1490\" data-end=\"1508\">Eigenschaften:<\/strong><\/p>\n<ul data-start=\"1511\" data-end=\"1650\">\n<li data-start=\"1511\" data-end=\"1555\">\n<p data-start=\"1513\" data-end=\"1555\">Kompatibel mit: Cat Gabelstapler Modelle<\/p>\n<\/li>\n<li data-start=\"1556\" data-end=\"1591\">\n<p data-start=\"1558\" data-end=\"1591\">Schutz f\u00fcr Motor und Innenteile<\/p>\n<\/li>\n<li data-start=\"1592\" data-end=\"1629\">\n<p data-start=\"1594\" data-end=\"1629\">Robustes und langlebiges Material<\/p>\n<\/li>\n<li data-start=\"1630\" data-end=\"1650\">\n<p data-start=\"1632\" data-end=\"1650\">Einfache Montage<\/p>\n<\/li>\n<\/ul>\n","protected":false},"featured_media":16358,"template":"","meta":[],"product_brand":[],"product_cat":[472],"product_tag":[],"class_list":{"0":"post-16357","1":"product","2":"type-product","3":"status-publish","4":"has-post-thumbnail","6":"product_cat-kaporta-aksami","8":"first","9":"instock","10":"taxable","11":"shipping-taxable","12":"purchasable","13":"product-type-simple"},"_links":{"self":[{"href":"https:\/\/ceoparts.com\/de\/wp-json\/wp\/v2\/product\/16357","targetHints":{"allow":["GET"]}}],"collection":[{"href":"https:\/\/ceoparts.com\/de\/wp-json\/wp\/v2\/product"}],"about":[{"href":"https:\/\/ceoparts.com\/de\/wp-json\/wp\/v2\/types\/product"}],"wp:featuredmedia":[{"embeddable":true,"href":"https:\/\/ceoparts.com\/de\/wp-json\/wp\/v2\/media\/16358"}],"wp:attachment":[{"href":"https:\/\/ceoparts.com\/de\/wp-json\/wp\/v2\/media?parent=16357"}],"wp:term":[{"taxonomy":"product_brand","embeddable":true,"href":"https:\/\/ceoparts.com\/de\/wp-json\/wp\/v2\/product_brand?post=16357"},{"taxonomy":"product_cat","embeddable":true,"href":"https:\/\/ceoparts.com\/de\/wp-json\/wp\/v2\/product_cat?post=16357"},{"taxonomy":"product_tag","embeddable":true,"href":"https:\/\/ceoparts.com\/de\/wp-json\/wp\/v2\/product_tag?post=16357"}],"curies":[{"name":"wp","href":"https:\/\/api.w.org\/{rel}","templated":true}]}}